{"id":594,"date":"2023-10-16T09:43:48","date_gmt":"2023-10-16T06:13:48","guid":{"rendered":"https:\/\/rozitogroup.com\/product\/tarcin-ve-karanfil-kokulu-oda-spreyi\/"},"modified":"2024-01-10T21:01:05","modified_gmt":"2024-01-10T17:31:05","slug":"tarcin-ve-karanfil-kokulu-oda-spreyi","status":"publish","type":"product","link":"https:\/\/rozitogroup.com\/tr\/urun\/tarcin-ve-karanfil-kokulu-oda-spreyi\/","title":{"rendered":"Tar\u00e7\u0131n ve karanfil kokulu oda spreyi"},"content":{"rendered":"<h2 dir=\"ltr\" style=\"text-align: left;\">Tar\u00e7\u0131n ve karanfil kokulu oda spreyi<\/h2>\n<ul>\n<li dir=\"ltr\" style=\"text-align: left;\">120 ml esansiyel ya\u011f<\/li>\n<li dir=\"ltr\" style=\"text-align: left;\">Ev veya i\u015f yeri i\u00e7in hava spreyi<\/li>\n<li dir=\"ltr\" style=\"text-align: left;\">Rahatlat\u0131c\u0131, stres \u00f6nleyici, canland\u0131r\u0131c\u0131 ve enerji verici bir kokuya sahiptir.<\/li>\n<li dir=\"ltr\" style=\"text-align: left;\">y\u00fcksek dayan\u0131kl\u0131l\u0131k<\/li>\n<li dir=\"ltr\" style=\"text-align: left;\">Parf\u00fcm\u00fcn havada h\u0131zl\u0131 yay\u0131lmas\u0131<\/li>\n<\/ul>\n<p dir=\"ltr\" style=\"text-align: left;\">tar\u00e7\u0131n kabu\u011fu esansiyel ya\u011f\u0131ndan tar\u00e7\u0131n ve karanfil kokulu oda spreyi; \u00d6zel ve rahatlat\u0131c\u0131 bir aromaya sahip ayn\u0131 \u00fcnl\u00fc oryantal baharattan olu\u015fur ve havada h\u0131zla yay\u0131larak dinlenmeniz veya g\u00fcnl\u00fck aktiviteleriniz i\u00e7in m\u00fckemmel bir ortam sa\u011flar.<\/p>\n<p dir=\"ltr\" style=\"text-align: left;\">Rozito firmas\u0131, tecr\u00fcbesi ve bilgiye dayal\u0131 teknolojileri kullanarak bu yanmaz \u00fcr\u00fcn\u00fc \u00fcretmeyi ba\u015farm\u0131\u015ft\u0131r. \u0130\u015fyeri ve ev ortam\u0131na uygun, rahatlat\u0131c\u0131 ve stres \u00f6nleyici bir koku.<\/p>\n","protected":false},"excerpt":{"rendered":"<p>Tar\u00e7\u0131n ve karanfil kokulu oda spreyi 120 ml esansiyel ya\u011f Ev veya i\u015f yeri i\u00e7in hava spreyi Rahatlat\u0131c\u0131, stres \u00f6nleyici, canland\u0131r\u0131c\u0131 ve enerji verici bir kokuya sahiptir. y\u00fcksek dayan\u0131kl\u0131l\u0131k Parf\u00fcm\u00fcn havada h\u0131zl\u0131 yay\u0131lmas\u0131 tar\u00e7\u0131n kabu\u011fu esansiyel ya\u011f\u0131ndan tar\u00e7\u0131n ve karanfil kokulu oda spreyi; \u00d6zel ve rahatlat\u0131c\u0131 bir aromaya sahip ayn\u0131 \u00fcnl\u00fc oryantal baharattan olu\u015fur ve [&hellip;]<\/p>\n","protected":false},"featured_media":423,"comment_status":"open","ping_status":"closed","template":"","meta":{"_acf_changed":false},"product_brand":[],"product_cat":[103,79,72,80,87,155,64,71],"product_tag":[],"class_list":{"0":"post-594","1":"product","2":"type-product","3":"status-publish","4":"has-post-thumbnail","6":"product_cat-cicekler-ve-bitkiler","7":"product_cat-endustriyel-koku-gidericiler","8":"product_cat-ev-spreyleri","9":"product_cat-genel-koku-gidericiler","10":"product_cat-koku","11":"product_cat-oda-spreyi-120-ml","12":"product_cat-oda-spreyleri","13":"product_cat-ofis-ve-ticari-spreyler","15":"first","16":"instock","17":"shipping-taxable","18":"product-type-simple"},"acf":[],"_links":{"self":[{"href":"https:\/\/rozitogroup.com\/tr\/wp-json\/wp\/v2\/product\/594","targetHints":{"allow":["GET"]}}],"collection":[{"href":"https:\/\/rozitogroup.com\/tr\/wp-json\/wp\/v2\/product"}],"about":[{"href":"https:\/\/rozitogroup.com\/tr\/wp-json\/wp\/v2\/types\/product"}],"replies":[{"embeddable":true,"href":"https:\/\/rozitogroup.com\/tr\/wp-json\/wp\/v2\/comments?post=594"}],"version-history":[{"count":0,"href":"https:\/\/rozitogroup.com\/tr\/wp-json\/wp\/v2\/product\/594\/revisions"}],"wp:featuredmedia":[{"embeddable":true,"href":"https:\/\/rozitogroup.com\/tr\/wp-json\/wp\/v2\/media\/423"}],"wp:attachment":[{"href":"https:\/\/rozitogroup.com\/tr\/wp-json\/wp\/v2\/media?parent=594"}],"wp:term":[{"taxonomy":"product_brand","embeddable":true,"href":"https:\/\/rozitogroup.com\/tr\/wp-json\/wp\/v2\/product_brand?post=594"},{"taxonomy":"product_cat","embeddable":true,"href":"https:\/\/rozitogroup.com\/tr\/wp-json\/wp\/v2\/product_cat?post=594"},{"taxonomy":"product_tag","embeddable":true,"href":"https:\/\/rozitogroup.com\/tr\/wp-json\/wp\/v2\/product_tag?post=594"}],"curies":[{"name":"wp","href":"https:\/\/api.w.org\/{rel}","templated":true}]}}