{"id":586,"date":"2023-10-16T09:46:07","date_gmt":"2023-10-16T06:16:07","guid":{"rendered":"https:\/\/rozitogroup.com\/product\/melek-kokulu-oda-spreyi\/"},"modified":"2024-01-10T21:01:05","modified_gmt":"2024-01-10T17:31:05","slug":"melek-kokulu-oda-spreyi","status":"publish","type":"product","link":"https:\/\/rozitogroup.com\/tr\/urun\/melek-kokulu-oda-spreyi\/","title":{"rendered":"Melek kokulu oda spreyi"},"content":{"rendered":"<h2 dir=\"ltr\" style=\"text-align: left;\">Melek kokulu oda spreyi<\/h2>\n<ul>\n<li dir=\"ltr\" style=\"text-align: left;\">120 ml esansiyel ya\u011f<\/li>\n<li dir=\"ltr\" style=\"text-align: left;\">S\u0131cak ve tatl\u0131 bir koku<\/li>\n<li dir=\"ltr\" style=\"text-align: left;\">Rahatlat\u0131c\u0131 bir aromaya sahiptir<\/li>\n<li dir=\"ltr\" style=\"text-align: left;\">Ofis, yatak odas\u0131, oturma odas\u0131 ve&#8230;<\/li>\n<\/ul>\n<p dir=\"ltr\" style=\"text-align: left;\">S\u0131cak ve tatl\u0131 kokusu, \u00e7ok y\u00fcksek raf \u00f6mr\u00fc ve m\u00fckemmel da\u011f\u0131l\u0131m oran\u0131na sahip melek kokulu oda spreyi, uzun ve so\u011fuk k\u0131\u015f gecelerinde kullan\u0131lmas\u0131 tavsiye edilir. Angel, vanilya ve pa\u00e7ulinin uyumlu ve yumu\u015fak kokusundan kaynaklan\u0131r.<\/p>\n<p dir=\"ltr\" style=\"text-align: left;\">Evlerde, ofislerde, yatak odalar\u0131nda kullan\u0131m i\u00e7in m\u00fckemmel olan koku, size ho\u015f bir his sa\u011flar. Rozito Grup, zeka ve bilgiye dayal\u0131 \u00e7\u00f6z\u00fcmler kullanarak yanmaz bir \u00fcr\u00fcn \u00fcretti.<\/p>\n","protected":false},"excerpt":{"rendered":"<p>Melek kokulu oda spreyi 120 ml esansiyel ya\u011f S\u0131cak ve tatl\u0131 bir koku Rahatlat\u0131c\u0131 bir aromaya sahiptir Ofis, yatak odas\u0131, oturma odas\u0131 ve&#8230; S\u0131cak ve tatl\u0131 kokusu, \u00e7ok y\u00fcksek raf \u00f6mr\u00fc ve m\u00fckemmel da\u011f\u0131l\u0131m oran\u0131na sahip melek kokulu oda spreyi, uzun ve so\u011fuk k\u0131\u015f gecelerinde kullan\u0131lmas\u0131 tavsiye edilir. Angel, vanilya ve pa\u00e7ulinin uyumlu ve yumu\u015fak [&hellip;]<\/p>\n","protected":false},"featured_media":336,"comment_status":"open","ping_status":"closed","template":"","meta":{"_acf_changed":false},"product_brand":[],"product_cat":[72,95,87,155,64,71],"product_tag":[],"class_list":{"0":"post-586","1":"product","2":"type-product","3":"status-publish","4":"has-post-thumbnail","6":"product_cat-ev-spreyleri","7":"product_cat-fantezi","8":"product_cat-koku","9":"product_cat-oda-spreyi-120-ml","10":"product_cat-oda-spreyleri","11":"product_cat-ofis-ve-ticari-spreyler","13":"first","14":"instock","15":"shipping-taxable","16":"product-type-simple"},"acf":[],"_links":{"self":[{"href":"https:\/\/rozitogroup.com\/tr\/wp-json\/wp\/v2\/product\/586","targetHints":{"allow":["GET"]}}],"collection":[{"href":"https:\/\/rozitogroup.com\/tr\/wp-json\/wp\/v2\/product"}],"about":[{"href":"https:\/\/rozitogroup.com\/tr\/wp-json\/wp\/v2\/types\/product"}],"replies":[{"embeddable":true,"href":"https:\/\/rozitogroup.com\/tr\/wp-json\/wp\/v2\/comments?post=586"}],"version-history":[{"count":0,"href":"https:\/\/rozitogroup.com\/tr\/wp-json\/wp\/v2\/product\/586\/revisions"}],"wp:featuredmedia":[{"embeddable":true,"href":"https:\/\/rozitogroup.com\/tr\/wp-json\/wp\/v2\/media\/336"}],"wp:attachment":[{"href":"https:\/\/rozitogroup.com\/tr\/wp-json\/wp\/v2\/media?parent=586"}],"wp:term":[{"taxonomy":"product_brand","embeddable":true,"href":"https:\/\/rozitogroup.com\/tr\/wp-json\/wp\/v2\/product_brand?post=586"},{"taxonomy":"product_cat","embeddable":true,"href":"https:\/\/rozitogroup.com\/tr\/wp-json\/wp\/v2\/product_cat?post=586"},{"taxonomy":"product_tag","embeddable":true,"href":"https:\/\/rozitogroup.com\/tr\/wp-json\/wp\/v2\/product_tag?post=586"}],"curies":[{"name":"wp","href":"https:\/\/api.w.org\/{rel}","templated":true}]}}