{"id":584,"date":"2023-10-16T09:48:02","date_gmt":"2023-10-16T06:18:02","guid":{"rendered":"https:\/\/rozitogroup.com\/product\/karamel-kokulu-oda-spreyi\/"},"modified":"2024-01-10T21:01:05","modified_gmt":"2024-01-10T17:31:05","slug":"karamel-kokulu-oda-spreyi","status":"publish","type":"product","link":"https:\/\/rozitogroup.com\/tr\/urun\/karamel-kokulu-oda-spreyi\/","title":{"rendered":"Karamel kokulu oda spreyi"},"content":{"rendered":"<h2 dir=\"ltr\" style=\"text-align: left;\">Karamel kokulu oda spreyi<\/h2>\n<ul>\n<li dir=\"ltr\" style=\"text-align: left;\">120 ml esansiyel ya\u011f<\/li>\n<li dir=\"ltr\" style=\"text-align: left;\">Tatl\u0131, s\u0131cak ve tereya\u011fl\u0131 bir aromaya sahiptir<\/li>\n<li dir=\"ltr\" style=\"text-align: left;\">Y\u0131l\u0131n so\u011fuk mevsimi i\u00e7in uygundur<\/li>\n<li dir=\"ltr\" style=\"text-align: left;\">Yatak odalar\u0131, misafir odalar\u0131, mutfaklar ve banyolar i\u00e7in uygundur<\/li>\n<\/ul>\n<p dir=\"ltr\" style=\"text-align: left;\">Karamel Oda Spreyi \u015fekerleme ve y\u00fcn gibi kokan, herkesin dikkatini \u00e7ekecek s\u0131cak ve tereya\u011fl\u0131 bir kokudur. Bu koku, di\u011fer kokularla, \u00f6zellikle meyveli, tatl\u0131, oryantal ve yenilebilir kokularla kombinlenebildi\u011fi i\u00e7in parf\u00fcm yap\u0131m\u0131nda en \u00e7ok kullan\u0131lan kokulardan biridir. Genellikle bu ho\u015f koku \u00e7ikolata, pa\u00e7uli, akasya, sandal a\u011fac\u0131, amber ve vanilya gibi kokularla birle\u015ftirilerek kullan\u0131l\u0131r.<\/p>\n","protected":false},"excerpt":{"rendered":"<p>Karamel kokulu oda spreyi 120 ml esansiyel ya\u011f Tatl\u0131, s\u0131cak ve tereya\u011fl\u0131 bir aromaya sahiptir Y\u0131l\u0131n so\u011fuk mevsimi i\u00e7in uygundur Yatak odalar\u0131, misafir odalar\u0131, mutfaklar ve banyolar i\u00e7in uygundur Karamel Oda Spreyi \u015fekerleme ve y\u00fcn gibi kokan, herkesin dikkatini \u00e7ekecek s\u0131cak ve tereya\u011fl\u0131 bir kokudur. Bu koku, di\u011fer kokularla, \u00f6zellikle meyveli, tatl\u0131, oryantal ve yenilebilir [&hellip;]<\/p>\n","protected":false},"featured_media":342,"comment_status":"open","ping_status":"closed","template":"","meta":{"_acf_changed":false},"product_brand":[],"product_cat":[72,95,87,155,64],"product_tag":[],"class_list":{"0":"post-584","1":"product","2":"type-product","3":"status-publish","4":"has-post-thumbnail","6":"product_cat-ev-spreyleri","7":"product_cat-fantezi","8":"product_cat-koku","9":"product_cat-oda-spreyi-120-ml","10":"product_cat-oda-spreyleri","12":"first","13":"instock","14":"shipping-taxable","15":"product-type-simple"},"acf":[],"_links":{"self":[{"href":"https:\/\/rozitogroup.com\/tr\/wp-json\/wp\/v2\/product\/584","targetHints":{"allow":["GET"]}}],"collection":[{"href":"https:\/\/rozitogroup.com\/tr\/wp-json\/wp\/v2\/product"}],"about":[{"href":"https:\/\/rozitogroup.com\/tr\/wp-json\/wp\/v2\/types\/product"}],"replies":[{"embeddable":true,"href":"https:\/\/rozitogroup.com\/tr\/wp-json\/wp\/v2\/comments?post=584"}],"version-history":[{"count":0,"href":"https:\/\/rozitogroup.com\/tr\/wp-json\/wp\/v2\/product\/584\/revisions"}],"wp:featuredmedia":[{"embeddable":true,"href":"https:\/\/rozitogroup.com\/tr\/wp-json\/wp\/v2\/media\/342"}],"wp:attachment":[{"href":"https:\/\/rozitogroup.com\/tr\/wp-json\/wp\/v2\/media?parent=584"}],"wp:term":[{"taxonomy":"product_brand","embeddable":true,"href":"https:\/\/rozitogroup.com\/tr\/wp-json\/wp\/v2\/product_brand?post=584"},{"taxonomy":"product_cat","embeddable":true,"href":"https:\/\/rozitogroup.com\/tr\/wp-json\/wp\/v2\/product_cat?post=584"},{"taxonomy":"product_tag","embeddable":true,"href":"https:\/\/rozitogroup.com\/tr\/wp-json\/wp\/v2\/product_tag?post=584"}],"curies":[{"name":"wp","href":"https:\/\/api.w.org\/{rel}","templated":true}]}}