{"id":576,"date":"2023-10-16T09:50:09","date_gmt":"2023-10-16T06:20:09","guid":{"rendered":"https:\/\/rozitogroup.com\/product\/sakiz-kokulu-oda-spreyi\/"},"modified":"2024-01-10T21:01:05","modified_gmt":"2024-01-10T17:31:05","slug":"sakiz-kokulu-oda-spreyi","status":"publish","type":"product","link":"https:\/\/rozitogroup.com\/tr\/urun\/sakiz-kokulu-oda-spreyi\/","title":{"rendered":"Sak\u0131z kokulu oda spreyi"},"content":{"rendered":"<h2 dir=\"ltr\" style=\"text-align: left;\">Sak\u0131z kokulu oda spreyi<\/h2>\n<ul>\n<li dir=\"ltr\" style=\"text-align: left;\">120 ml esansiyel ya\u011f<\/li>\n<li dir=\"ltr\" style=\"text-align: left;\">Fantezi ve \u00e7ocuksu bir kokusu var<\/li>\n<li dir=\"ltr\" style=\"text-align: left;\">G\u00fczellik salonlar\u0131, e\u011flence merkezleri, anaokullar\u0131 vb. i\u00e7in uygundur.<\/li>\n<li dir=\"ltr\" style=\"text-align: left;\">Tatl\u0131 \u00e7ocukluk an\u0131lar\u0131n\u0131n bir hat\u0131rlat\u0131c\u0131s\u0131<\/li>\n<\/ul>\n<p dir=\"ltr\" style=\"text-align: left;\">Sak\u0131z kokulu oda spreyi her an ve her yerde bir hikaye anlatabilir, sak\u0131z kokulu parf\u00fcm ise herkes i\u00e7in tatl\u0131 \u00e7ocukluk an\u0131lar\u0131n\u0131 hat\u0131rlat\u0131r.<\/p>\n<p dir=\"ltr\" style=\"text-align: left;\">Sak\u0131z esansiyel ya\u011f\u0131n\u0131n fantezi, tatl\u0131, ne\u015feli ve \u00e7ocuksu bir aromas\u0131 vard\u0131r ve buna meyveler, \u015feftali, ananas, narenciye ve sulu meyvelerin aromas\u0131 e\u015flik eder.Eiffel Plus oda spreyi esansiyel ya\u011f\u0131n\u0131n fantastik ve \u00e7ocuksu aromas\u0131, sak\u0131z aromas\u0131 ile yarat\u0131r. insanlarda bir rahatlama hissi uyand\u0131r\u0131r ve bunun lunaparktaki \u00e7ocukluk an\u0131lar\u0131n\u0131n kahkahalar\u0131yla harmanlanmas\u0131n\u0131 sa\u011flar.<\/p>\n","protected":false},"excerpt":{"rendered":"<p>Sak\u0131z kokulu oda spreyi 120 ml esansiyel ya\u011f Fantezi ve \u00e7ocuksu bir kokusu var G\u00fczellik salonlar\u0131, e\u011flence merkezleri, anaokullar\u0131 vb. i\u00e7in uygundur. Tatl\u0131 \u00e7ocukluk an\u0131lar\u0131n\u0131n bir hat\u0131rlat\u0131c\u0131s\u0131 Sak\u0131z kokulu oda spreyi her an ve her yerde bir hikaye anlatabilir, sak\u0131z kokulu parf\u00fcm ise herkes i\u00e7in tatl\u0131 \u00e7ocukluk an\u0131lar\u0131n\u0131 hat\u0131rlat\u0131r. Sak\u0131z esansiyel ya\u011f\u0131n\u0131n fantezi, tatl\u0131, ne\u015feli [&hellip;]<\/p>\n","protected":false},"featured_media":431,"comment_status":"open","ping_status":"closed","template":"","meta":{"_acf_changed":false},"product_brand":[],"product_cat":[72,95,87,155,64],"product_tag":[],"class_list":{"0":"post-576","1":"product","2":"type-product","3":"status-publish","4":"has-post-thumbnail","6":"product_cat-ev-spreyleri","7":"product_cat-fantezi","8":"product_cat-koku","9":"product_cat-oda-spreyi-120-ml","10":"product_cat-oda-spreyleri","12":"first","13":"instock","14":"shipping-taxable","15":"product-type-simple"},"acf":[],"_links":{"self":[{"href":"https:\/\/rozitogroup.com\/tr\/wp-json\/wp\/v2\/product\/576","targetHints":{"allow":["GET"]}}],"collection":[{"href":"https:\/\/rozitogroup.com\/tr\/wp-json\/wp\/v2\/product"}],"about":[{"href":"https:\/\/rozitogroup.com\/tr\/wp-json\/wp\/v2\/types\/product"}],"replies":[{"embeddable":true,"href":"https:\/\/rozitogroup.com\/tr\/wp-json\/wp\/v2\/comments?post=576"}],"version-history":[{"count":0,"href":"https:\/\/rozitogroup.com\/tr\/wp-json\/wp\/v2\/product\/576\/revisions"}],"wp:featuredmedia":[{"embeddable":true,"href":"https:\/\/rozitogroup.com\/tr\/wp-json\/wp\/v2\/media\/431"}],"wp:attachment":[{"href":"https:\/\/rozitogroup.com\/tr\/wp-json\/wp\/v2\/media?parent=576"}],"wp:term":[{"taxonomy":"product_brand","embeddable":true,"href":"https:\/\/rozitogroup.com\/tr\/wp-json\/wp\/v2\/product_brand?post=576"},{"taxonomy":"product_cat","embeddable":true,"href":"https:\/\/rozitogroup.com\/tr\/wp-json\/wp\/v2\/product_cat?post=576"},{"taxonomy":"product_tag","embeddable":true,"href":"https:\/\/rozitogroup.com\/tr\/wp-json\/wp\/v2\/product_tag?post=576"}],"curies":[{"name":"wp","href":"https:\/\/api.w.org\/{rel}","templated":true}]}}