{"id":574,"date":"2023-10-16T09:51:55","date_gmt":"2023-10-16T06:21:55","guid":{"rendered":"https:\/\/rozitogroup.com\/product\/tropikal-orman-kokulu-oda-spreyi\/"},"modified":"2024-01-10T21:01:05","modified_gmt":"2024-01-10T17:31:05","slug":"tropikal-orman-kokulu-oda-spreyi","status":"publish","type":"product","link":"https:\/\/rozitogroup.com\/tr\/urun\/tropikal-orman-kokulu-oda-spreyi\/","title":{"rendered":"Tropikal orman kokulu oda spreyi"},"content":{"rendered":"<h2 dir=\"ltr\" style=\"text-align: left;\">Tropikal orman kokulu oda spreyi<\/h2>\n<ul>\n<li dir=\"ltr\" style=\"text-align: left;\">120 ml esansiyel ya\u011f<\/li>\n<li dir=\"ltr\" style=\"text-align: left;\">Orman ve tropik meyve kokular\u0131na sahip bir koku<\/li>\n<li dir=\"ltr\" style=\"text-align: left;\">Yatak odas\u0131, mutfak ve i\u015fyeri i\u00e7in uygundur<\/li>\n<li dir=\"ltr\" style=\"text-align: left;\">Konut kompleksleri i\u00e7in uygundur<\/li>\n<\/ul>\n<p dir=\"ltr\" style=\"text-align: left;\">G\u00fczellik ve servis salonlar\u0131nda, spor kul\u00fcplerinde, masaj salonlar\u0131nda ve&#8230;<br \/>\nTropikal orman kokulu oda spreyi partilerde, ders \u00e7al\u0131\u015fma ve \u00e7al\u0131\u015fma s\u0131ras\u0131nda binan\u0131n yatak odas\u0131nda, mutfa\u011f\u0131nda, banyosunda ve koridorunda kullan\u0131labilir. Tropikal orman\u0131n aromas\u0131, haf\u0131zay\u0131 art\u0131rmaya yard\u0131mc\u0131 olan, rahatlat\u0131c\u0131 ve g\u00fc\u00e7 hissini art\u0131ran ho\u015f kokulu ve aromatik, canland\u0131r\u0131c\u0131 ve canland\u0131r\u0131c\u0131 bir aromad\u0131r.<\/p>\n","protected":false},"excerpt":{"rendered":"<p>Tropikal orman kokulu oda spreyi 120 ml esansiyel ya\u011f Orman ve tropik meyve kokular\u0131na sahip bir koku Yatak odas\u0131, mutfak ve i\u015fyeri i\u00e7in uygundur Konut kompleksleri i\u00e7in uygundur G\u00fczellik ve servis salonlar\u0131nda, spor kul\u00fcplerinde, masaj salonlar\u0131nda ve&#8230; Tropikal orman kokulu oda spreyi partilerde, ders \u00e7al\u0131\u015fma ve \u00e7al\u0131\u015fma s\u0131ras\u0131nda binan\u0131n yatak odas\u0131nda, mutfa\u011f\u0131nda, banyosunda ve koridorunda [&hellip;]<\/p>\n","protected":false},"featured_media":439,"comment_status":"open","ping_status":"closed","template":"","meta":{"_acf_changed":false},"product_brand":[],"product_cat":[88,72,80,87,155,64,71],"product_tag":[],"class_list":{"0":"post-574","1":"product","2":"type-product","3":"status-publish","4":"has-post-thumbnail","6":"product_cat-doga","7":"product_cat-ev-spreyleri","8":"product_cat-genel-koku-gidericiler","9":"product_cat-koku","10":"product_cat-oda-spreyi-120-ml","11":"product_cat-oda-spreyleri","12":"product_cat-ofis-ve-ticari-spreyler","14":"first","15":"instock","16":"shipping-taxable","17":"product-type-simple"},"acf":[],"_links":{"self":[{"href":"https:\/\/rozitogroup.com\/tr\/wp-json\/wp\/v2\/product\/574","targetHints":{"allow":["GET"]}}],"collection":[{"href":"https:\/\/rozitogroup.com\/tr\/wp-json\/wp\/v2\/product"}],"about":[{"href":"https:\/\/rozitogroup.com\/tr\/wp-json\/wp\/v2\/types\/product"}],"replies":[{"embeddable":true,"href":"https:\/\/rozitogroup.com\/tr\/wp-json\/wp\/v2\/comments?post=574"}],"version-history":[{"count":0,"href":"https:\/\/rozitogroup.com\/tr\/wp-json\/wp\/v2\/product\/574\/revisions"}],"wp:featuredmedia":[{"embeddable":true,"href":"https:\/\/rozitogroup.com\/tr\/wp-json\/wp\/v2\/media\/439"}],"wp:attachment":[{"href":"https:\/\/rozitogroup.com\/tr\/wp-json\/wp\/v2\/media?parent=574"}],"wp:term":[{"taxonomy":"product_brand","embeddable":true,"href":"https:\/\/rozitogroup.com\/tr\/wp-json\/wp\/v2\/product_brand?post=574"},{"taxonomy":"product_cat","embeddable":true,"href":"https:\/\/rozitogroup.com\/tr\/wp-json\/wp\/v2\/product_cat?post=574"},{"taxonomy":"product_tag","embeddable":true,"href":"https:\/\/rozitogroup.com\/tr\/wp-json\/wp\/v2\/product_tag?post=574"}],"curies":[{"name":"wp","href":"https:\/\/api.w.org\/{rel}","templated":true}]}}