{"id":566,"date":"2023-10-16T09:54:34","date_gmt":"2023-10-16T06:24:34","guid":{"rendered":"https:\/\/rozitogroup.com\/product\/okyanus-kokulu-oda-spreyi\/"},"modified":"2024-01-10T21:01:05","modified_gmt":"2024-01-10T17:31:05","slug":"okyanus-kokulu-oda-spreyi","status":"publish","type":"product","link":"https:\/\/rozitogroup.com\/tr\/urun\/okyanus-kokulu-oda-spreyi\/","title":{"rendered":"Okyanus kokulu oda spreyi"},"content":{"rendered":"<h2 dir=\"ltr\" style=\"text-align: left;\">Okyanus kokulu oda spreyi<\/h2>\n<ul>\n<li dir=\"ltr\" style=\"text-align: left;\">120 ml esansiyel ya\u011f<\/li>\n<li dir=\"ltr\" style=\"text-align: left;\">Serin ve canl\u0131 koku<\/li>\n<li dir=\"ltr\" style=\"text-align: left;\">Kal\u0131c\u0131 bir koku<\/li>\n<li dir=\"ltr\" style=\"text-align: left;\">Canl\u0131 ve ne\u015feli bir ortam yaratmak<\/li>\n<\/ul>\n<p dir=\"ltr\" style=\"text-align: left;\">Okyanus kokulu oda spreyi, denizin ve okyanusun ho\u015f kokusunu beraberinde getirir ve insanlar\u0131n varl\u0131\u011f\u0131n\u0131 deniz kokusunun yaratt\u0131\u011f\u0131 huzurla doldurur. Oda spreyi kullanarak \u00e7e\u015fitli ortamlar\u0131 kokuland\u0131rmak g\u00fcn\u00fcm\u00fczde yayg\u0131n bir \u015fey haline geldi, ancak do\u011fru oda spreyi sat\u0131n ald\u0131ktan sonra en \u00f6nemli \u015fey, ortama uygun koku se\u00e7imidir.<\/p>\n<p dir=\"ltr\" style=\"text-align: left;\">Okyanus esansiyel ya\u011f\u0131 ho\u015f bir aroma yaratarak ortam\u0131 iyi bir ya\u015fam ve canl\u0131l\u0131k duygusuyla doldurur.<\/p>\n<p dir=\"ltr\" style=\"text-align: left;\">Tazelik ve canl\u0131l\u0131k ile serin kokusu, bu esansiyel ya\u011f\u0131n en \u00f6nemli \u00f6zellikleri aras\u0131nda yer al\u0131r ve bu da onu kul\u00fcp ve spor salonu gibi fiziksel aktivitenin yo\u011fun oldu\u011fu ortamlar i\u00e7in uygun k\u0131lar.<\/p>\n","protected":false},"excerpt":{"rendered":"<p>Okyanus kokulu oda spreyi 120 ml esansiyel ya\u011f Serin ve canl\u0131 koku Kal\u0131c\u0131 bir koku Canl\u0131 ve ne\u015feli bir ortam yaratmak Okyanus kokulu oda spreyi, denizin ve okyanusun ho\u015f kokusunu beraberinde getirir ve insanlar\u0131n varl\u0131\u011f\u0131n\u0131 deniz kokusunun yaratt\u0131\u011f\u0131 huzurla doldurur. Oda spreyi kullanarak \u00e7e\u015fitli ortamlar\u0131 kokuland\u0131rmak g\u00fcn\u00fcm\u00fczde yayg\u0131n bir \u015fey haline geldi, ancak do\u011fru oda [&hellip;]<\/p>\n","protected":false},"featured_media":391,"comment_status":"open","ping_status":"closed","template":"","meta":{"_acf_changed":false},"product_brand":[],"product_cat":[88,79,72,80,87,155,64,71],"product_tag":[],"class_list":{"0":"post-566","1":"product","2":"type-product","3":"status-publish","4":"has-post-thumbnail","6":"product_cat-doga","7":"product_cat-endustriyel-koku-gidericiler","8":"product_cat-ev-spreyleri","9":"product_cat-genel-koku-gidericiler","10":"product_cat-koku","11":"product_cat-oda-spreyi-120-ml","12":"product_cat-oda-spreyleri","13":"product_cat-ofis-ve-ticari-spreyler","15":"first","16":"instock","17":"shipping-taxable","18":"product-type-simple"},"acf":[],"_links":{"self":[{"href":"https:\/\/rozitogroup.com\/tr\/wp-json\/wp\/v2\/product\/566","targetHints":{"allow":["GET"]}}],"collection":[{"href":"https:\/\/rozitogroup.com\/tr\/wp-json\/wp\/v2\/product"}],"about":[{"href":"https:\/\/rozitogroup.com\/tr\/wp-json\/wp\/v2\/types\/product"}],"replies":[{"embeddable":true,"href":"https:\/\/rozitogroup.com\/tr\/wp-json\/wp\/v2\/comments?post=566"}],"version-history":[{"count":0,"href":"https:\/\/rozitogroup.com\/tr\/wp-json\/wp\/v2\/product\/566\/revisions"}],"wp:featuredmedia":[{"embeddable":true,"href":"https:\/\/rozitogroup.com\/tr\/wp-json\/wp\/v2\/media\/391"}],"wp:attachment":[{"href":"https:\/\/rozitogroup.com\/tr\/wp-json\/wp\/v2\/media?parent=566"}],"wp:term":[{"taxonomy":"product_brand","embeddable":true,"href":"https:\/\/rozitogroup.com\/tr\/wp-json\/wp\/v2\/product_brand?post=566"},{"taxonomy":"product_cat","embeddable":true,"href":"https:\/\/rozitogroup.com\/tr\/wp-json\/wp\/v2\/product_cat?post=566"},{"taxonomy":"product_tag","embeddable":true,"href":"https:\/\/rozitogroup.com\/tr\/wp-json\/wp\/v2\/product_tag?post=566"}],"curies":[{"name":"wp","href":"https:\/\/api.w.org\/{rel}","templated":true}]}}