{"id":564,"date":"2023-10-16T09:56:10","date_gmt":"2023-10-16T06:26:10","guid":{"rendered":"https:\/\/rozitogroup.com\/product\/cicek-bahcesi-kokulu-oda-spreyi\/"},"modified":"2024-01-10T21:01:06","modified_gmt":"2024-01-10T17:31:06","slug":"cicek-bahcesi-kokulu-oda-spreyi","status":"publish","type":"product","link":"https:\/\/rozitogroup.com\/tr\/urun\/cicek-bahcesi-kokulu-oda-spreyi\/","title":{"rendered":"\u00c7i\u00e7ek bah\u00e7esi kokulu oda spreyi"},"content":{"rendered":"<h2 dir=\"ltr\" style=\"text-align: left;\">\u00c7i\u00e7ek bah\u00e7esi kokulu oda spreyi<\/h2>\n<ul>\n<li dir=\"ltr\" style=\"text-align: left;\">120 ml esansiyel ya\u011f<\/li>\n<li dir=\"ltr\" style=\"text-align: left;\">\u00c7i\u00e7ek ve aromatik bitki kokusuna sahiptir.<\/li>\n<li dir=\"ltr\" style=\"text-align: left;\">Yatak odalar\u0131, oteller, i\u015fyerleri i\u00e7in uygundur<\/li>\n<li dir=\"ltr\" style=\"text-align: left;\">Rahatlat\u0131c\u0131, canland\u0131r\u0131c\u0131<\/li>\n<\/ul>\n<p dir=\"ltr\" style=\"text-align: left;\">\u00c7i\u00e7ek bah\u00e7esi kokulu oda spreyi ho\u015f bir kokuya sahiptir ve oda, \u00e7al\u0131\u015fma ortam\u0131, otel, resepsiyon, konferans salonu vb. yerlerde koku vermek ve rahatlat\u0131c\u0131 bir atmosfer yaratmak i\u00e7in uygundur. Evi \u00f6zel kokumuzla s\u00fcsleyebilir, sevdiklerimize huzurlu bir ortam yaratabiliriz.<\/p>\n","protected":false},"excerpt":{"rendered":"<p>\u00c7i\u00e7ek bah\u00e7esi kokulu oda spreyi 120 ml esansiyel ya\u011f \u00c7i\u00e7ek ve aromatik bitki kokusuna sahiptir. Yatak odalar\u0131, oteller, i\u015fyerleri i\u00e7in uygundur Rahatlat\u0131c\u0131, canland\u0131r\u0131c\u0131 \u00c7i\u00e7ek bah\u00e7esi kokulu oda spreyi ho\u015f bir kokuya sahiptir ve oda, \u00e7al\u0131\u015fma ortam\u0131, otel, resepsiyon, konferans salonu vb. yerlerde koku vermek ve rahatlat\u0131c\u0131 bir atmosfer yaratmak i\u00e7in uygundur. Evi \u00f6zel kokumuzla s\u00fcsleyebilir, [&hellip;]<\/p>\n","protected":false},"featured_media":383,"comment_status":"open","ping_status":"closed","template":"","meta":{"_acf_changed":false},"product_brand":[],"product_cat":[103,88,72,80,87,155,64,71],"product_tag":[],"class_list":{"0":"post-564","1":"product","2":"type-product","3":"status-publish","4":"has-post-thumbnail","6":"product_cat-cicekler-ve-bitkiler","7":"product_cat-doga","8":"product_cat-ev-spreyleri","9":"product_cat-genel-koku-gidericiler","10":"product_cat-koku","11":"product_cat-oda-spreyi-120-ml","12":"product_cat-oda-spreyleri","13":"product_cat-ofis-ve-ticari-spreyler","15":"first","16":"instock","17":"shipping-taxable","18":"product-type-simple"},"acf":[],"_links":{"self":[{"href":"https:\/\/rozitogroup.com\/tr\/wp-json\/wp\/v2\/product\/564","targetHints":{"allow":["GET"]}}],"collection":[{"href":"https:\/\/rozitogroup.com\/tr\/wp-json\/wp\/v2\/product"}],"about":[{"href":"https:\/\/rozitogroup.com\/tr\/wp-json\/wp\/v2\/types\/product"}],"replies":[{"embeddable":true,"href":"https:\/\/rozitogroup.com\/tr\/wp-json\/wp\/v2\/comments?post=564"}],"version-history":[{"count":0,"href":"https:\/\/rozitogroup.com\/tr\/wp-json\/wp\/v2\/product\/564\/revisions"}],"wp:featuredmedia":[{"embeddable":true,"href":"https:\/\/rozitogroup.com\/tr\/wp-json\/wp\/v2\/media\/383"}],"wp:attachment":[{"href":"https:\/\/rozitogroup.com\/tr\/wp-json\/wp\/v2\/media?parent=564"}],"wp:term":[{"taxonomy":"product_brand","embeddable":true,"href":"https:\/\/rozitogroup.com\/tr\/wp-json\/wp\/v2\/product_brand?post=564"},{"taxonomy":"product_cat","embeddable":true,"href":"https:\/\/rozitogroup.com\/tr\/wp-json\/wp\/v2\/product_cat?post=564"},{"taxonomy":"product_tag","embeddable":true,"href":"https:\/\/rozitogroup.com\/tr\/wp-json\/wp\/v2\/product_tag?post=564"}],"curies":[{"name":"wp","href":"https:\/\/api.w.org\/{rel}","templated":true}]}}