{"id":556,"date":"2023-10-16T09:57:58","date_gmt":"2023-10-16T06:27:58","guid":{"rendered":"https:\/\/rozitogroup.com\/product\/lila-kokulu-oda-spreyi\/"},"modified":"2024-01-10T21:01:06","modified_gmt":"2024-01-10T17:31:06","slug":"lila-kokulu-oda-spreyi","status":"publish","type":"product","link":"https:\/\/rozitogroup.com\/tr\/urun\/lila-kokulu-oda-spreyi\/","title":{"rendered":"Lila kokulu oda spreyi"},"content":{"rendered":"<h2 dir=\"ltr\" style=\"text-align: left;\">Lila kokulu oda spreyi<\/h2>\n<ul>\n<li dir=\"ltr\" style=\"text-align: left;\">120 ml esansiyel ya\u011f<\/li>\n<li dir=\"ltr\" style=\"text-align: left;\">Menek\u015fe \u00e7i\u00e7ekleri ile hafif ve sabit bir kokuya sahiptir.<\/li>\n<li dir=\"ltr\" style=\"text-align: left;\">Y\u0131l\u0131n s\u0131cak mevsimi i\u00e7in uygundur<\/li>\n<li dir=\"ltr\" style=\"text-align: left;\">Yatak odas\u0131, oturma odas\u0131 i\u00e7in uygundur<\/li>\n<\/ul>\n<p dir=\"ltr\" style=\"text-align: left;\">Narin ve temiz bir leylak kokusuna sahip leylak oda spreyi, bahar\u0131n tazeli\u011fini \u00e7a\u011fr\u0131\u015ft\u0131r\u0131r ve kad\u0131n kokular\u0131na \u00e7ok uygundur. Kad\u0131n parf\u00fcmlerinin en pop\u00fcler bile\u015fenlerinden biridir. Lila oda spreyi kullanmak ev ortam\u0131n\u0131zda, giri\u015f kap\u0131s\u0131n\u0131 a\u00e7t\u0131klar\u0131nda misafirlerinizi memnun edecek ho\u015f bir aroma yaratabilir.<\/p>\n","protected":false},"excerpt":{"rendered":"<p>Lila kokulu oda spreyi 120 ml esansiyel ya\u011f Menek\u015fe \u00e7i\u00e7ekleri ile hafif ve sabit bir kokuya sahiptir. Y\u0131l\u0131n s\u0131cak mevsimi i\u00e7in uygundur Yatak odas\u0131, oturma odas\u0131 i\u00e7in uygundur Narin ve temiz bir leylak kokusuna sahip leylak oda spreyi, bahar\u0131n tazeli\u011fini \u00e7a\u011fr\u0131\u015ft\u0131r\u0131r ve kad\u0131n kokular\u0131na \u00e7ok uygundur. Kad\u0131n parf\u00fcmlerinin en pop\u00fcler bile\u015fenlerinden biridir. Lila oda spreyi [&hellip;]<\/p>\n","protected":false},"featured_media":330,"comment_status":"open","ping_status":"closed","template":"","meta":{"_acf_changed":false},"product_brand":[],"product_cat":[103,88,72,87,155,64],"product_tag":[],"class_list":{"0":"post-556","1":"product","2":"type-product","3":"status-publish","4":"has-post-thumbnail","6":"product_cat-cicekler-ve-bitkiler","7":"product_cat-doga","8":"product_cat-ev-spreyleri","9":"product_cat-koku","10":"product_cat-oda-spreyi-120-ml","11":"product_cat-oda-spreyleri","13":"first","14":"instock","15":"shipping-taxable","16":"product-type-simple"},"acf":[],"_links":{"self":[{"href":"https:\/\/rozitogroup.com\/tr\/wp-json\/wp\/v2\/product\/556","targetHints":{"allow":["GET"]}}],"collection":[{"href":"https:\/\/rozitogroup.com\/tr\/wp-json\/wp\/v2\/product"}],"about":[{"href":"https:\/\/rozitogroup.com\/tr\/wp-json\/wp\/v2\/types\/product"}],"replies":[{"embeddable":true,"href":"https:\/\/rozitogroup.com\/tr\/wp-json\/wp\/v2\/comments?post=556"}],"version-history":[{"count":0,"href":"https:\/\/rozitogroup.com\/tr\/wp-json\/wp\/v2\/product\/556\/revisions"}],"wp:featuredmedia":[{"embeddable":true,"href":"https:\/\/rozitogroup.com\/tr\/wp-json\/wp\/v2\/media\/330"}],"wp:attachment":[{"href":"https:\/\/rozitogroup.com\/tr\/wp-json\/wp\/v2\/media?parent=556"}],"wp:term":[{"taxonomy":"product_brand","embeddable":true,"href":"https:\/\/rozitogroup.com\/tr\/wp-json\/wp\/v2\/product_brand?post=556"},{"taxonomy":"product_cat","embeddable":true,"href":"https:\/\/rozitogroup.com\/tr\/wp-json\/wp\/v2\/product_cat?post=556"},{"taxonomy":"product_tag","embeddable":true,"href":"https:\/\/rozitogroup.com\/tr\/wp-json\/wp\/v2\/product_tag?post=556"}],"curies":[{"name":"wp","href":"https:\/\/api.w.org\/{rel}","templated":true}]}}