{"id":554,"date":"2023-10-16T09:59:28","date_gmt":"2023-10-16T06:29:28","guid":{"rendered":"https:\/\/rozitogroup.com\/product\/lavanta-kokulu-oda-spreyi\/"},"modified":"2024-01-10T21:01:06","modified_gmt":"2024-01-10T17:31:06","slug":"lavanta-kokulu-oda-spreyi","status":"publish","type":"product","link":"https:\/\/rozitogroup.com\/tr\/urun\/lavanta-kokulu-oda-spreyi\/","title":{"rendered":"Lavanta kokulu oda spreyi"},"content":{"rendered":"<h2 dir=\"ltr\" style=\"text-align: left;\">Lavanta kokulu oda spreyi<\/h2>\n<ul>\n<li dir=\"ltr\" style=\"text-align: left;\">120 ml esansiyel ya\u011f<\/li>\n<li dir=\"ltr\" style=\"text-align: left;\">Hafif ve tatl\u0131 bir kokusu var<\/li>\n<li dir=\"ltr\" style=\"text-align: left;\">Evler ve banyolar i\u00e7in uygundur&#8230;<\/li>\n<li dir=\"ltr\" style=\"text-align: left;\">Rahatlat\u0131c\u0131 \u00f6zelli\u011fi vard\u0131r<\/li>\n<li dir=\"ltr\" style=\"text-align: left;\">Tan\u0131d\u0131k bir koku<\/li>\n<\/ul>\n<p dir=\"ltr\" style=\"text-align: left;\">Spor kul\u00fcpleri, oteller, ofisler, \u015firketler vb. kokuyu gidermek i\u00e7in lavanta veya lavanta esansiyel ya\u011f\u0131 olan lavanta kokulu oda spreyi esansiyel ya\u011f\u0131. kullan\u0131ld\u0131. Bu t\u00fcr esansiyel ya\u011flar, zihninizi ve bedeninizi sakinle\u015ftirecek \u015fekilde istedi\u011finiz ortam\u0131 kokuland\u0131rmak i\u00e7in kullanabilece\u011finiz \u00e7ok ho\u015f kokulu ve harika bitkilerden olu\u015fur. \u00c7e\u015fitli nedenlerden dolay\u0131 kayg\u0131 ve endi\u015feniz varsa lavanta kokulu Eiffel Plus koku giderici esansiyel ya\u011f\u0131 kayg\u0131 ve endi\u015felerinizi tedavi edecektir. Lavanta isminin ho\u015f aromas\u0131yla en pop\u00fcler bitkilerden biri olan \u00e7ok \u00fcnl\u00fc bir bitkinin ad\u0131 oldu\u011funu s\u00f6ylemeye gerek yok.<\/p>\n","protected":false},"excerpt":{"rendered":"<p>Lavanta kokulu oda spreyi 120 ml esansiyel ya\u011f Hafif ve tatl\u0131 bir kokusu var Evler ve banyolar i\u00e7in uygundur&#8230; Rahatlat\u0131c\u0131 \u00f6zelli\u011fi vard\u0131r Tan\u0131d\u0131k bir koku Spor kul\u00fcpleri, oteller, ofisler, \u015firketler vb. kokuyu gidermek i\u00e7in lavanta veya lavanta esansiyel ya\u011f\u0131 olan lavanta kokulu oda spreyi esansiyel ya\u011f\u0131. kullan\u0131ld\u0131. Bu t\u00fcr esansiyel ya\u011flar, zihninizi ve bedeninizi sakinle\u015ftirecek [&hellip;]<\/p>\n","protected":false},"featured_media":447,"comment_status":"open","ping_status":"closed","template":"","meta":{"_acf_changed":false},"product_brand":[],"product_cat":[103,72,87,155,64,71],"product_tag":[],"class_list":{"0":"post-554","1":"product","2":"type-product","3":"status-publish","4":"has-post-thumbnail","6":"product_cat-cicekler-ve-bitkiler","7":"product_cat-ev-spreyleri","8":"product_cat-koku","9":"product_cat-oda-spreyi-120-ml","10":"product_cat-oda-spreyleri","11":"product_cat-ofis-ve-ticari-spreyler","13":"first","14":"instock","15":"shipping-taxable","16":"product-type-simple"},"acf":[],"_links":{"self":[{"href":"https:\/\/rozitogroup.com\/tr\/wp-json\/wp\/v2\/product\/554","targetHints":{"allow":["GET"]}}],"collection":[{"href":"https:\/\/rozitogroup.com\/tr\/wp-json\/wp\/v2\/product"}],"about":[{"href":"https:\/\/rozitogroup.com\/tr\/wp-json\/wp\/v2\/types\/product"}],"replies":[{"embeddable":true,"href":"https:\/\/rozitogroup.com\/tr\/wp-json\/wp\/v2\/comments?post=554"}],"version-history":[{"count":0,"href":"https:\/\/rozitogroup.com\/tr\/wp-json\/wp\/v2\/product\/554\/revisions"}],"wp:featuredmedia":[{"embeddable":true,"href":"https:\/\/rozitogroup.com\/tr\/wp-json\/wp\/v2\/media\/447"}],"wp:attachment":[{"href":"https:\/\/rozitogroup.com\/tr\/wp-json\/wp\/v2\/media?parent=554"}],"wp:term":[{"taxonomy":"product_brand","embeddable":true,"href":"https:\/\/rozitogroup.com\/tr\/wp-json\/wp\/v2\/product_brand?post=554"},{"taxonomy":"product_cat","embeddable":true,"href":"https:\/\/rozitogroup.com\/tr\/wp-json\/wp\/v2\/product_cat?post=554"},{"taxonomy":"product_tag","embeddable":true,"href":"https:\/\/rozitogroup.com\/tr\/wp-json\/wp\/v2\/product_tag?post=554"}],"curies":[{"name":"wp","href":"https:\/\/api.w.org\/{rel}","templated":true}]}}