{"id":548,"date":"2023-10-16T10:01:29","date_gmt":"2023-10-16T06:31:29","guid":{"rendered":"https:\/\/rozitogroup.com\/product\/vanilya-kokulu-oda-spreyi\/"},"modified":"2024-01-10T21:01:06","modified_gmt":"2024-01-10T17:31:06","slug":"vanilya-kokulu-oda-spreyi","status":"publish","type":"product","link":"https:\/\/rozitogroup.com\/tr\/urun\/vanilya-kokulu-oda-spreyi\/","title":{"rendered":"Vanilya kokulu oda spreyi"},"content":{"rendered":"<h2 dir=\"ltr\" style=\"text-align: left;\">Vanilya kokulu oda spreyi<\/h2>\n<ul>\n<li dir=\"ltr\" style=\"text-align: left;\">120 ml esansiyel ya\u011f<\/li>\n<li dir=\"ltr\" style=\"text-align: left;\">Tatl\u0131 ve s\u0131cak bir aromas\u0131 vard\u0131r<\/li>\n<li dir=\"ltr\" style=\"text-align: left;\">Oda spreyi ile birlikte kullan\u0131labilir<\/li>\n<li dir=\"ltr\" style=\"text-align: left;\">Pastaneler, kafeler ve oteller i\u00e7in uygundur<\/li>\n<\/ul>\n<p dir=\"ltr\" style=\"text-align: left;\">Vanilya kokulu oda spreyi esansiyel ya\u011f\u0131, yenilebilir esansiyel ya\u011f grubuna dahildir ve vanilya, kek ve tatl\u0131lar\u0131n haz\u0131rlanmas\u0131ndaki bile\u015fenlerden biri oldu\u011fundan, \u015fekerleme ve kek end\u00fcstrilerinde bu etkili esansiyel ya\u011f\u0131n b\u00fcy\u00fck bir k\u0131sm\u0131 bulunmaktad\u0131r. pasta ve pastanelerde, yiyecek ma\u011fazalar\u0131nda, restoran ve otellerde kullan\u0131lan ve vanilya esansiyel ya\u011f\u0131 sat\u0131n al\u0131narak bu kokunun \u015firketlerde ve \u00f6zellikle y\u00f6netici ofislerinde kullan\u0131lmas\u0131 olduk\u00e7a uygundur.<\/p>\n","protected":false},"excerpt":{"rendered":"<p>Vanilya kokulu oda spreyi 120 ml esansiyel ya\u011f Tatl\u0131 ve s\u0131cak bir aromas\u0131 vard\u0131r Oda spreyi ile birlikte kullan\u0131labilir Pastaneler, kafeler ve oteller i\u00e7in uygundur Vanilya kokulu oda spreyi esansiyel ya\u011f\u0131, yenilebilir esansiyel ya\u011f grubuna dahildir ve vanilya, kek ve tatl\u0131lar\u0131n haz\u0131rlanmas\u0131ndaki bile\u015fenlerden biri oldu\u011fundan, \u015fekerleme ve kek end\u00fcstrilerinde bu etkili esansiyel ya\u011f\u0131n b\u00fcy\u00fck bir [&hellip;]<\/p>\n","protected":false},"featured_media":399,"comment_status":"open","ping_status":"closed","template":"","meta":{"_acf_changed":false},"product_brand":[],"product_cat":[103,79,72,80,87,155,64,71],"product_tag":[],"class_list":{"0":"post-548","1":"product","2":"type-product","3":"status-publish","4":"has-post-thumbnail","6":"product_cat-cicekler-ve-bitkiler","7":"product_cat-endustriyel-koku-gidericiler","8":"product_cat-ev-spreyleri","9":"product_cat-genel-koku-gidericiler","10":"product_cat-koku","11":"product_cat-oda-spreyi-120-ml","12":"product_cat-oda-spreyleri","13":"product_cat-ofis-ve-ticari-spreyler","15":"first","16":"instock","17":"shipping-taxable","18":"product-type-simple"},"acf":[],"_links":{"self":[{"href":"https:\/\/rozitogroup.com\/tr\/wp-json\/wp\/v2\/product\/548","targetHints":{"allow":["GET"]}}],"collection":[{"href":"https:\/\/rozitogroup.com\/tr\/wp-json\/wp\/v2\/product"}],"about":[{"href":"https:\/\/rozitogroup.com\/tr\/wp-json\/wp\/v2\/types\/product"}],"replies":[{"embeddable":true,"href":"https:\/\/rozitogroup.com\/tr\/wp-json\/wp\/v2\/comments?post=548"}],"version-history":[{"count":0,"href":"https:\/\/rozitogroup.com\/tr\/wp-json\/wp\/v2\/product\/548\/revisions"}],"wp:featuredmedia":[{"embeddable":true,"href":"https:\/\/rozitogroup.com\/tr\/wp-json\/wp\/v2\/media\/399"}],"wp:attachment":[{"href":"https:\/\/rozitogroup.com\/tr\/wp-json\/wp\/v2\/media?parent=548"}],"wp:term":[{"taxonomy":"product_brand","embeddable":true,"href":"https:\/\/rozitogroup.com\/tr\/wp-json\/wp\/v2\/product_brand?post=548"},{"taxonomy":"product_cat","embeddable":true,"href":"https:\/\/rozitogroup.com\/tr\/wp-json\/wp\/v2\/product_cat?post=548"},{"taxonomy":"product_tag","embeddable":true,"href":"https:\/\/rozitogroup.com\/tr\/wp-json\/wp\/v2\/product_tag?post=548"}],"curies":[{"name":"wp","href":"https:\/\/api.w.org\/{rel}","templated":true}]}}