{"id":543,"date":"2023-10-16T10:03:00","date_gmt":"2023-10-16T06:33:00","guid":{"rendered":"https:\/\/rozitogroup.com\/product\/kahve-kokulu-oda-spreyi\/"},"modified":"2024-01-10T21:01:06","modified_gmt":"2024-01-10T17:31:06","slug":"kahve-kokulu-oda-spreyi","status":"publish","type":"product","link":"https:\/\/rozitogroup.com\/tr\/urun\/kahve-kokulu-oda-spreyi\/","title":{"rendered":"Kahve kokulu oda spreyi"},"content":{"rendered":"<h2 dir=\"ltr\" style=\"text-align: left;\">Kahve kokulu oda spreyi<\/h2>\n<ul>\n<li dir=\"ltr\" style=\"text-align: left;\">120 ml esansiyel ya\u011f<\/li>\n<li dir=\"ltr\" style=\"text-align: left;\">Yeterli alkol bazl\u0131 koku<\/li>\n<li dir=\"ltr\" style=\"text-align: left;\">Rahatlat\u0131c\u0131 bir aromaya sahiptir<\/li>\n<li dir=\"ltr\" style=\"text-align: left;\">Kafeler, restoranlar ve oteller i\u00e7in uygundur<\/li>\n<\/ul>\n<p dir=\"ltr\" style=\"text-align: left;\">Kahve hava spreyi esansiyel ya\u011f\u0131, koklayarak ruhunuz ve can\u0131n\u0131z \u00fczerinde ho\u015f bir etki hissetti\u011finiz \u00e7ok ho\u015f bir kokudur.Her zevke uygundur ve d\u00fcnyada bu avantaja sahip \u00e7ok az koku vard\u0131r.<\/p>\n<p dir=\"ltr\" style=\"text-align: left;\">Ne kadar uzak olursan\u0131z olun, d\u00fcnyada bu enfes kokuyu koklamaktan keyif almayan kimseyi bulamazs\u0131n\u0131z. Yeterli oda spreyi esansiyel ya\u011f\u0131, havada \u00e7ok uzun s\u00fcre kalan, rahatlat\u0131c\u0131 bir kokuya sahiptir.<\/p>\n<p dir=\"ltr\" style=\"text-align: left;\">Neyse ki insanlarda herhangi bir hassasiyete neden olmuyor ve bu esansiyel ya\u011f\u0131n en yayg\u0131n kullan\u0131m alanlar\u0131 kahvehaneler, restoranlar, yemek alanlar\u0131, oteller, ofis ve ticaret merkezleri, g\u00fczellik ve kozmetik merkezleridir.<\/p>\n","protected":false},"excerpt":{"rendered":"<p>Kahve kokulu oda spreyi 120 ml esansiyel ya\u011f Yeterli alkol bazl\u0131 koku Rahatlat\u0131c\u0131 bir aromaya sahiptir Kafeler, restoranlar ve oteller i\u00e7in uygundur Kahve hava spreyi esansiyel ya\u011f\u0131, koklayarak ruhunuz ve can\u0131n\u0131z \u00fczerinde ho\u015f bir etki hissetti\u011finiz \u00e7ok ho\u015f bir kokudur.Her zevke uygundur ve d\u00fcnyada bu avantaja sahip \u00e7ok az koku vard\u0131r. Ne kadar uzak olursan\u0131z [&hellip;]<\/p>\n","protected":false},"featured_media":415,"comment_status":"open","ping_status":"closed","template":"","meta":{"_acf_changed":false},"product_brand":[],"product_cat":[79,72,95,80,87,155,64,71],"product_tag":[],"class_list":{"0":"post-543","1":"product","2":"type-product","3":"status-publish","4":"has-post-thumbnail","6":"product_cat-endustriyel-koku-gidericiler","7":"product_cat-ev-spreyleri","8":"product_cat-fantezi","9":"product_cat-genel-koku-gidericiler","10":"product_cat-koku","11":"product_cat-oda-spreyi-120-ml","12":"product_cat-oda-spreyleri","13":"product_cat-ofis-ve-ticari-spreyler","15":"first","16":"instock","17":"shipping-taxable","18":"product-type-simple"},"acf":[],"_links":{"self":[{"href":"https:\/\/rozitogroup.com\/tr\/wp-json\/wp\/v2\/product\/543","targetHints":{"allow":["GET"]}}],"collection":[{"href":"https:\/\/rozitogroup.com\/tr\/wp-json\/wp\/v2\/product"}],"about":[{"href":"https:\/\/rozitogroup.com\/tr\/wp-json\/wp\/v2\/types\/product"}],"replies":[{"embeddable":true,"href":"https:\/\/rozitogroup.com\/tr\/wp-json\/wp\/v2\/comments?post=543"}],"version-history":[{"count":0,"href":"https:\/\/rozitogroup.com\/tr\/wp-json\/wp\/v2\/product\/543\/revisions"}],"wp:featuredmedia":[{"embeddable":true,"href":"https:\/\/rozitogroup.com\/tr\/wp-json\/wp\/v2\/media\/415"}],"wp:attachment":[{"href":"https:\/\/rozitogroup.com\/tr\/wp-json\/wp\/v2\/media?parent=543"}],"wp:term":[{"taxonomy":"product_brand","embeddable":true,"href":"https:\/\/rozitogroup.com\/tr\/wp-json\/wp\/v2\/product_brand?post=543"},{"taxonomy":"product_cat","embeddable":true,"href":"https:\/\/rozitogroup.com\/tr\/wp-json\/wp\/v2\/product_cat?post=543"},{"taxonomy":"product_tag","embeddable":true,"href":"https:\/\/rozitogroup.com\/tr\/wp-json\/wp\/v2\/product_tag?post=543"}],"curies":[{"name":"wp","href":"https:\/\/api.w.org\/{rel}","templated":true}]}}