{"id":537,"date":"2023-10-16T10:04:44","date_gmt":"2023-10-16T06:34:44","guid":{"rendered":"https:\/\/rozitogroup.com\/product\/537\/"},"modified":"2024-01-10T21:01:06","modified_gmt":"2024-01-10T17:31:06","slug":"mango-kokulu-oda-spreyi","status":"publish","type":"product","link":"https:\/\/rozitogroup.com\/tr\/urun\/mango-kokulu-oda-spreyi\/","title":{"rendered":"Mango kokulu oda spreyi"},"content":{"rendered":"<h2 dir=\"ltr\">Mango kokulu oda spreyi<\/h2>\n<ul dir=\"ltr\">\n<li>120 ml esansiyel ya\u011f<\/li>\n<li>Kul\u00fcpler ve spor kul\u00fcpleri<\/li>\n<li>Ticari, idari ve yerle\u015fim merkezleri<\/li>\n<li>Umumi tuvalet<\/li>\n<li>G\u00fczellik salonlar\u0131 ve hizmetleri<\/li>\n<li>Masaj salonlar\u0131<\/li>\n<\/ul>\n<p dir=\"ltr\">Mango koku giderici esansiyel ya\u011f\u0131, havay\u0131 tazelemek ve ortam\u0131 dezenfekte etmek i\u00e7in uygun bir se\u00e7enek olarak kabul edilir, buna ek olarak havadaki koku giderici koku, canland\u0131r\u0131c\u0131 ve aromaterapi \u00f6zelliklerini ve g\u00fcc\u00fcn\u00fc artt\u0131r\u0131r ve spor ve yogada kullan\u0131m, partiler, koku giderici gibi \u00f6zellikleri vard\u0131r. , \u00e7\u00f6p kutular\u0131, mutfaklar ve halka a\u00e7\u0131k alanlar ve koridorlar her zevke uygundur.<\/p>\n","protected":false},"excerpt":{"rendered":"<p>Mango kokulu oda spreyi 120 ml esansiyel ya\u011f Kul\u00fcpler ve spor kul\u00fcpleri Ticari, idari ve yerle\u015fim merkezleri Umumi tuvalet G\u00fczellik salonlar\u0131 ve hizmetleri Masaj salonlar\u0131 Mango koku giderici esansiyel ya\u011f\u0131, havay\u0131 tazelemek ve ortam\u0131 dezenfekte etmek i\u00e7in uygun bir se\u00e7enek olarak kabul edilir, buna ek olarak havadaki koku giderici koku, canland\u0131r\u0131c\u0131 ve aromaterapi \u00f6zelliklerini ve [&hellip;]<\/p>\n","protected":false},"featured_media":407,"comment_status":"open","ping_status":"closed","template":"","meta":{"_acf_changed":false},"product_brand":[],"product_cat":[79,72,80,87,96,155,64,71],"product_tag":[],"class_list":{"0":"post-537","1":"product","2":"type-product","3":"status-publish","4":"has-post-thumbnail","6":"product_cat-endustriyel-koku-gidericiler","7":"product_cat-ev-spreyleri","8":"product_cat-genel-koku-gidericiler","9":"product_cat-koku","10":"product_cat-meyve","11":"product_cat-oda-spreyi-120-ml","12":"product_cat-oda-spreyleri","13":"product_cat-ofis-ve-ticari-spreyler","15":"first","16":"instock","17":"shipping-taxable","18":"product-type-simple"},"acf":[],"_links":{"self":[{"href":"https:\/\/rozitogroup.com\/tr\/wp-json\/wp\/v2\/product\/537","targetHints":{"allow":["GET"]}}],"collection":[{"href":"https:\/\/rozitogroup.com\/tr\/wp-json\/wp\/v2\/product"}],"about":[{"href":"https:\/\/rozitogroup.com\/tr\/wp-json\/wp\/v2\/types\/product"}],"replies":[{"embeddable":true,"href":"https:\/\/rozitogroup.com\/tr\/wp-json\/wp\/v2\/comments?post=537"}],"version-history":[{"count":0,"href":"https:\/\/rozitogroup.com\/tr\/wp-json\/wp\/v2\/product\/537\/revisions"}],"wp:featuredmedia":[{"embeddable":true,"href":"https:\/\/rozitogroup.com\/tr\/wp-json\/wp\/v2\/media\/407"}],"wp:attachment":[{"href":"https:\/\/rozitogroup.com\/tr\/wp-json\/wp\/v2\/media?parent=537"}],"wp:term":[{"taxonomy":"product_brand","embeddable":true,"href":"https:\/\/rozitogroup.com\/tr\/wp-json\/wp\/v2\/product_brand?post=537"},{"taxonomy":"product_cat","embeddable":true,"href":"https:\/\/rozitogroup.com\/tr\/wp-json\/wp\/v2\/product_cat?post=537"},{"taxonomy":"product_tag","embeddable":true,"href":"https:\/\/rozitogroup.com\/tr\/wp-json\/wp\/v2\/product_tag?post=537"}],"curies":[{"name":"wp","href":"https:\/\/api.w.org\/{rel}","templated":true}]}}