{"id":3001,"date":"2023-12-22T11:38:26","date_gmt":"2023-12-22T08:08:26","guid":{"rendered":"https:\/\/rozitogroup.com\/product\/bogurtlen-kokulu-oda-spreyi\/"},"modified":"2023-12-22T11:38:26","modified_gmt":"2023-12-22T08:08:26","slug":"bogurtlen-kokulu-oda-spreyi","status":"publish","type":"product","link":"https:\/\/rozitogroup.com\/tr\/urun\/bogurtlen-kokulu-oda-spreyi\/","title":{"rendered":"B\u00f6\u011f\u00fcrtlen kokulu oda spreyi"},"content":{"rendered":"<h2>B\u00f6\u011f\u00fcrtlen veya b\u00f6\u011f\u00fcrtlen oda spreyi<\/h2>\n<ul>\n<li>\n<li>120 ml esansiyel ya\u011f<\/li>\n<li>Ho\u015f ve ho\u015f bir kokuya ve antibakteriyel \u00f6zelliklere sahiptir<\/li>\n<li>Ticari, k\u00fclt\u00fcrel, spor ve t\u0131p merkezlerine uygundur<\/li>\n<li>Rahatlat\u0131c\u0131, canland\u0131r\u0131c\u0131<\/li>\n<\/ul>\n<p><strong> B\u00f6\u011f\u00fcrtlen veya b\u00f6\u011f\u00fcrtlen kokulu oda spreyi<\/strong> ev dekorasyonu, mutfak, yatak odas\u0131, banyo i\u00e7in m\u00fckemmel bir se\u00e7enek oldu\u011fu gibi ticari, k\u00fclt\u00fcrel, spor ve t\u0131p merkezlerinin ortamlar\u0131nda da kullan\u0131labilir. .<\/p>\n<p>Ho\u015f ve ho\u015f kokulu, antibakteriyel \u00f6zelli\u011fe sahip b\u00f6\u011f\u00fcrtlen veya b\u00f6\u011f\u00fcrtlen oda spreyi siz sevdiklerinize huzur ve canl\u0131l\u0131k dolu bir ortam sa\u011flar.<\/p>\n<p><strong><\/strong><\/p>\n","protected":false},"excerpt":{"rendered":"<p>B\u00f6\u011f\u00fcrtlen veya b\u00f6\u011f\u00fcrtlen oda spreyi 120 ml esansiyel ya\u011f Ho\u015f ve ho\u015f bir kokuya ve antibakteriyel \u00f6zelliklere sahiptir Ticari, k\u00fclt\u00fcrel, spor ve t\u0131p merkezlerine uygundur Rahatlat\u0131c\u0131, canland\u0131r\u0131c\u0131 B\u00f6\u011f\u00fcrtlen veya b\u00f6\u011f\u00fcrtlen kokulu oda spreyi ev dekorasyonu, mutfak, yatak odas\u0131, banyo i\u00e7in m\u00fckemmel bir se\u00e7enek oldu\u011fu gibi ticari, k\u00fclt\u00fcrel, spor ve t\u0131p merkezlerinin ortamlar\u0131nda da kullan\u0131labilir. . [&hellip;]<\/p>\n","protected":false},"featured_media":1485,"comment_status":"open","ping_status":"closed","template":"","meta":{"_acf_changed":false},"product_brand":[],"product_cat":[79,72,80,87,96,155,64,71,115],"product_tag":[],"class_list":{"0":"post-3001","1":"product","2":"type-product","3":"status-publish","4":"has-post-thumbnail","6":"product_cat-endustriyel-koku-gidericiler","7":"product_cat-ev-spreyleri","8":"product_cat-genel-koku-gidericiler","9":"product_cat-koku","10":"product_cat-meyve","11":"product_cat-oda-spreyi-120-ml","12":"product_cat-oda-spreyleri","13":"product_cat-ofis-ve-ticari-spreyler","14":"product_cat-onerilen-urunler","16":"first","17":"instock","18":"shipping-taxable","19":"product-type-simple"},"acf":[],"_links":{"self":[{"href":"https:\/\/rozitogroup.com\/tr\/wp-json\/wp\/v2\/product\/3001","targetHints":{"allow":["GET"]}}],"collection":[{"href":"https:\/\/rozitogroup.com\/tr\/wp-json\/wp\/v2\/product"}],"about":[{"href":"https:\/\/rozitogroup.com\/tr\/wp-json\/wp\/v2\/types\/product"}],"replies":[{"embeddable":true,"href":"https:\/\/rozitogroup.com\/tr\/wp-json\/wp\/v2\/comments?post=3001"}],"version-history":[{"count":0,"href":"https:\/\/rozitogroup.com\/tr\/wp-json\/wp\/v2\/product\/3001\/revisions"}],"wp:featuredmedia":[{"embeddable":true,"href":"https:\/\/rozitogroup.com\/tr\/wp-json\/wp\/v2\/media\/1485"}],"wp:attachment":[{"href":"https:\/\/rozitogroup.com\/tr\/wp-json\/wp\/v2\/media?parent=3001"}],"wp:term":[{"taxonomy":"product_brand","embeddable":true,"href":"https:\/\/rozitogroup.com\/tr\/wp-json\/wp\/v2\/product_brand?post=3001"},{"taxonomy":"product_cat","embeddable":true,"href":"https:\/\/rozitogroup.com\/tr\/wp-json\/wp\/v2\/product_cat?post=3001"},{"taxonomy":"product_tag","embeddable":true,"href":"https:\/\/rozitogroup.com\/tr\/wp-json\/wp\/v2\/product_tag?post=3001"}],"curies":[{"name":"wp","href":"https:\/\/api.w.org\/{rel}","templated":true}]}}