{"id":2998,"date":"2023-12-22T12:02:45","date_gmt":"2023-12-22T08:32:45","guid":{"rendered":"https:\/\/rozitogroup.com\/product\/elmali-turta-kokulu-oda-spreyi\/"},"modified":"2023-12-22T12:02:45","modified_gmt":"2023-12-22T08:32:45","slug":"elmali-turta-kokulu-oda-spreyi","status":"publish","type":"product","link":"https:\/\/rozitogroup.com\/tr\/urun\/elmali-turta-kokulu-oda-spreyi\/","title":{"rendered":"Elmal\u0131 turta kokulu oda spreyi"},"content":{"rendered":"<h2>Elmal\u0131 turta kokulu oda spreyi<\/h2>\n<ul>\n<li>\n<li>120 ml esansiyel ya\u011f<\/li>\n<li>Ho\u015f ve ho\u015f bir kokuya ve antibakteriyel \u00f6zelliklere sahiptir<\/li>\n<li>Ticari, k\u00fclt\u00fcrel, spor ve t\u0131p merkezlerine uygundur<\/li>\n<li>Rahatlat\u0131c\u0131, canland\u0131r\u0131c\u0131<\/li>\n<\/ul>\n<p><strong>Elmal\u0131 turta oda spreyi<\/strong> resepsiyon, evler, i\u015fyerleri ve halka a\u00e7\u0131k alanlar i\u00e7in canl\u0131l\u0131k yaratan ho\u015f bir kokudur. Ho\u015f ve ho\u015f kokusu ve antibakteriyel \u00f6zelli\u011fi ile elmal\u0131 turta oda spreyi, sevdiklerinize huzur ve canl\u0131l\u0131k dolu bir ortam sa\u011flar.<\/p>\n","protected":false},"excerpt":{"rendered":"<p>Elmal\u0131 turta kokulu oda spreyi 120 ml esansiyel ya\u011f Ho\u015f ve ho\u015f bir kokuya ve antibakteriyel \u00f6zelliklere sahiptir Ticari, k\u00fclt\u00fcrel, spor ve t\u0131p merkezlerine uygundur Rahatlat\u0131c\u0131, canland\u0131r\u0131c\u0131 Elmal\u0131 turta oda spreyi resepsiyon, evler, i\u015fyerleri ve halka a\u00e7\u0131k alanlar i\u00e7in canl\u0131l\u0131k yaratan ho\u015f bir kokudur. Ho\u015f ve ho\u015f kokusu ve antibakteriyel \u00f6zelli\u011fi ile elmal\u0131 turta oda [&hellip;]<\/p>\n","protected":false},"featured_media":1495,"comment_status":"open","ping_status":"closed","template":"","meta":{"_acf_changed":false},"product_brand":[],"product_cat":[72,95,87,155,64,71],"product_tag":[],"class_list":{"0":"post-2998","1":"product","2":"type-product","3":"status-publish","4":"has-post-thumbnail","6":"product_cat-ev-spreyleri","7":"product_cat-fantezi","8":"product_cat-koku","9":"product_cat-oda-spreyi-120-ml","10":"product_cat-oda-spreyleri","11":"product_cat-ofis-ve-ticari-spreyler","13":"first","14":"instock","15":"shipping-taxable","16":"product-type-simple"},"acf":[],"_links":{"self":[{"href":"https:\/\/rozitogroup.com\/tr\/wp-json\/wp\/v2\/product\/2998","targetHints":{"allow":["GET"]}}],"collection":[{"href":"https:\/\/rozitogroup.com\/tr\/wp-json\/wp\/v2\/product"}],"about":[{"href":"https:\/\/rozitogroup.com\/tr\/wp-json\/wp\/v2\/types\/product"}],"replies":[{"embeddable":true,"href":"https:\/\/rozitogroup.com\/tr\/wp-json\/wp\/v2\/comments?post=2998"}],"version-history":[{"count":0,"href":"https:\/\/rozitogroup.com\/tr\/wp-json\/wp\/v2\/product\/2998\/revisions"}],"wp:featuredmedia":[{"embeddable":true,"href":"https:\/\/rozitogroup.com\/tr\/wp-json\/wp\/v2\/media\/1495"}],"wp:attachment":[{"href":"https:\/\/rozitogroup.com\/tr\/wp-json\/wp\/v2\/media?parent=2998"}],"wp:term":[{"taxonomy":"product_brand","embeddable":true,"href":"https:\/\/rozitogroup.com\/tr\/wp-json\/wp\/v2\/product_brand?post=2998"},{"taxonomy":"product_cat","embeddable":true,"href":"https:\/\/rozitogroup.com\/tr\/wp-json\/wp\/v2\/product_cat?post=2998"},{"taxonomy":"product_tag","embeddable":true,"href":"https:\/\/rozitogroup.com\/tr\/wp-json\/wp\/v2\/product_tag?post=2998"}],"curies":[{"name":"wp","href":"https:\/\/api.w.org\/{rel}","templated":true}]}}