{"id":2989,"date":"2023-12-22T12:10:59","date_gmt":"2023-12-22T08:40:59","guid":{"rendered":"https:\/\/rozitogroup.com\/product\/cikolata-kokulu-oda-spreyi\/"},"modified":"2023-12-22T12:10:59","modified_gmt":"2023-12-22T08:40:59","slug":"cikolata-kokulu-oda-spreyi","status":"publish","type":"product","link":"https:\/\/rozitogroup.com\/tr\/urun\/cikolata-kokulu-oda-spreyi\/","title":{"rendered":"\u00c7ikolata kokulu oda spreyi"},"content":{"rendered":"<h2>\u00c7ikolata kokulu oda spreyi<\/h2>\n<ul>\n<li>\n<li>120 ml esansiyel ya\u011f<\/li>\n<li>Ho\u015f ve ho\u015f bir kokuya ve antibakteriyel \u00f6zelliklere sahiptir<\/li>\n<li>Ticari, k\u00fclt\u00fcrel, spor ve t\u0131p merkezlerine uygundur<\/li>\n<li>Rahatlat\u0131c\u0131, canland\u0131r\u0131c\u0131<\/li>\n<\/ul>\n<p><strong>\u00c7ikolata kokulu oda spreyi<\/strong> ev, mutfak, yatak odas\u0131, banyo i\u00e7in m\u00fckemmel bir se\u00e7enek olmas\u0131n\u0131n yan\u0131 s\u0131ra ticari, k\u00fclt\u00fcrel, spor ve t\u0131p merkezlerinin ortamlar\u0131nda da kullan\u0131labilir.<\/p>\n<p> <strong>p><\/p>\n<p>Ho\u015f ve ho\u015f kokulu, antibakteriyel \u00f6zelli\u011fe sahip \u00e7ikolatal\u0131 oda spreyi siz sevdiklerinize huzur ve canl\u0131l\u0131k dolu bir ortam sa\u011flar.<\/p>\n<p><strong><\/strong><\/p>\n","protected":false},"excerpt":{"rendered":"<p>\u00c7ikolata kokulu oda spreyi 120 ml esansiyel ya\u011f Ho\u015f ve ho\u015f bir kokuya ve antibakteriyel \u00f6zelliklere sahiptir Ticari, k\u00fclt\u00fcrel, spor ve t\u0131p merkezlerine uygundur Rahatlat\u0131c\u0131, canland\u0131r\u0131c\u0131 \u00c7ikolata kokulu oda spreyi ev, mutfak, yatak odas\u0131, banyo i\u00e7in m\u00fckemmel bir se\u00e7enek olmas\u0131n\u0131n yan\u0131 s\u0131ra ticari, k\u00fclt\u00fcrel, spor ve t\u0131p merkezlerinin ortamlar\u0131nda da kullan\u0131labilir. p> Ho\u015f ve ho\u015f [&hellip;]<\/p>\n","protected":false},"featured_media":1515,"comment_status":"open","ping_status":"closed","template":"","meta":{"_acf_changed":false},"product_brand":[],"product_cat":[79,72,95,80,87,155,64,71],"product_tag":[],"class_list":{"0":"post-2989","1":"product","2":"type-product","3":"status-publish","4":"has-post-thumbnail","6":"product_cat-endustriyel-koku-gidericiler","7":"product_cat-ev-spreyleri","8":"product_cat-fantezi","9":"product_cat-genel-koku-gidericiler","10":"product_cat-koku","11":"product_cat-oda-spreyi-120-ml","12":"product_cat-oda-spreyleri","13":"product_cat-ofis-ve-ticari-spreyler","15":"first","16":"instock","17":"shipping-taxable","18":"product-type-simple"},"acf":[],"_links":{"self":[{"href":"https:\/\/rozitogroup.com\/tr\/wp-json\/wp\/v2\/product\/2989","targetHints":{"allow":["GET"]}}],"collection":[{"href":"https:\/\/rozitogroup.com\/tr\/wp-json\/wp\/v2\/product"}],"about":[{"href":"https:\/\/rozitogroup.com\/tr\/wp-json\/wp\/v2\/types\/product"}],"replies":[{"embeddable":true,"href":"https:\/\/rozitogroup.com\/tr\/wp-json\/wp\/v2\/comments?post=2989"}],"version-history":[{"count":0,"href":"https:\/\/rozitogroup.com\/tr\/wp-json\/wp\/v2\/product\/2989\/revisions"}],"wp:featuredmedia":[{"embeddable":true,"href":"https:\/\/rozitogroup.com\/tr\/wp-json\/wp\/v2\/media\/1515"}],"wp:attachment":[{"href":"https:\/\/rozitogroup.com\/tr\/wp-json\/wp\/v2\/media?parent=2989"}],"wp:term":[{"taxonomy":"product_brand","embeddable":true,"href":"https:\/\/rozitogroup.com\/tr\/wp-json\/wp\/v2\/product_brand?post=2989"},{"taxonomy":"product_cat","embeddable":true,"href":"https:\/\/rozitogroup.com\/tr\/wp-json\/wp\/v2\/product_cat?post=2989"},{"taxonomy":"product_tag","embeddable":true,"href":"https:\/\/rozitogroup.com\/tr\/wp-json\/wp\/v2\/product_tag?post=2989"}],"curies":[{"name":"wp","href":"https:\/\/api.w.org\/{rel}","templated":true}]}}