{"id":2985,"date":"2023-12-22T12:14:57","date_gmt":"2023-12-22T08:44:57","guid":{"rendered":"https:\/\/rozitogroup.com\/product\/japon-kiraz-cicegi-kokulu-oda-spreyi\/"},"modified":"2023-12-22T12:14:57","modified_gmt":"2023-12-22T08:44:57","slug":"japon-kiraz-cicegi-kokulu-oda-spreyi","status":"publish","type":"product","link":"https:\/\/rozitogroup.com\/tr\/urun\/japon-kiraz-cicegi-kokulu-oda-spreyi\/","title":{"rendered":"Japon kiraz \u00e7i\u00e7e\u011fi kokulu oda spreyi"},"content":{"rendered":"<h2>Japon kiraz \u00e7i\u00e7e\u011fi oda spreyi<\/h2>\n<ul>\n<li>\n<li>120 ml esansiyel ya\u011f<\/li>\n<li>Ho\u015f ve ho\u015f bir kokuya ve antibakteriyel \u00f6zelliklere sahiptir<\/li>\n<li>Ticari, k\u00fclt\u00fcrel, spor ve t\u0131p merkezlerine uygundur<\/li>\n<li>Rahatlat\u0131c\u0131, canland\u0131r\u0131c\u0131<\/li>\n<\/ul>\n<p><strong>Japon kiraz \u00e7i\u00e7e\u011fi kokulu oda spreyi<\/strong> evler, mutfaklar, yatak odalar\u0131, banyolar\u0131n yan\u0131 s\u0131ra ticari, k\u00fclt\u00fcrel, spor ve t\u0131p merkezleri i\u00e7in m\u00fckemmel bir se\u00e7enektir. <\/p>\n<p>Ho\u015f ve ho\u015f kokusu ve antibakteriyel \u00f6zelli\u011fi ile Japon kiraz \u00e7i\u00e7e\u011fi oda spreyi siz sevdiklerinize huzur ve canl\u0131l\u0131k dolu bir ortam sa\u011flar.<\/p>\n","protected":false},"excerpt":{"rendered":"<p>Japon kiraz \u00e7i\u00e7e\u011fi oda spreyi 120 ml esansiyel ya\u011f Ho\u015f ve ho\u015f bir kokuya ve antibakteriyel \u00f6zelliklere sahiptir Ticari, k\u00fclt\u00fcrel, spor ve t\u0131p merkezlerine uygundur Rahatlat\u0131c\u0131, canland\u0131r\u0131c\u0131 Japon kiraz \u00e7i\u00e7e\u011fi kokulu oda spreyi evler, mutfaklar, yatak odalar\u0131, banyolar\u0131n yan\u0131 s\u0131ra ticari, k\u00fclt\u00fcrel, spor ve t\u0131p merkezleri i\u00e7in m\u00fckemmel bir se\u00e7enektir. Ho\u015f ve ho\u015f kokusu ve [&hellip;]<\/p>\n","protected":false},"featured_media":1525,"comment_status":"open","ping_status":"closed","template":"","meta":{"_acf_changed":false},"product_brand":[],"product_cat":[103,72,80,87,155,64,71],"product_tag":[],"class_list":{"0":"post-2985","1":"product","2":"type-product","3":"status-publish","4":"has-post-thumbnail","6":"product_cat-cicekler-ve-bitkiler","7":"product_cat-ev-spreyleri","8":"product_cat-genel-koku-gidericiler","9":"product_cat-koku","10":"product_cat-oda-spreyi-120-ml","11":"product_cat-oda-spreyleri","12":"product_cat-ofis-ve-ticari-spreyler","14":"first","15":"instock","16":"shipping-taxable","17":"product-type-simple"},"acf":[],"_links":{"self":[{"href":"https:\/\/rozitogroup.com\/tr\/wp-json\/wp\/v2\/product\/2985","targetHints":{"allow":["GET"]}}],"collection":[{"href":"https:\/\/rozitogroup.com\/tr\/wp-json\/wp\/v2\/product"}],"about":[{"href":"https:\/\/rozitogroup.com\/tr\/wp-json\/wp\/v2\/types\/product"}],"replies":[{"embeddable":true,"href":"https:\/\/rozitogroup.com\/tr\/wp-json\/wp\/v2\/comments?post=2985"}],"version-history":[{"count":0,"href":"https:\/\/rozitogroup.com\/tr\/wp-json\/wp\/v2\/product\/2985\/revisions"}],"wp:featuredmedia":[{"embeddable":true,"href":"https:\/\/rozitogroup.com\/tr\/wp-json\/wp\/v2\/media\/1525"}],"wp:attachment":[{"href":"https:\/\/rozitogroup.com\/tr\/wp-json\/wp\/v2\/media?parent=2985"}],"wp:term":[{"taxonomy":"product_brand","embeddable":true,"href":"https:\/\/rozitogroup.com\/tr\/wp-json\/wp\/v2\/product_brand?post=2985"},{"taxonomy":"product_cat","embeddable":true,"href":"https:\/\/rozitogroup.com\/tr\/wp-json\/wp\/v2\/product_cat?post=2985"},{"taxonomy":"product_tag","embeddable":true,"href":"https:\/\/rozitogroup.com\/tr\/wp-json\/wp\/v2\/product_tag?post=2985"}],"curies":[{"name":"wp","href":"https:\/\/api.w.org\/{rel}","templated":true}]}}