{"id":2978,"date":"2023-12-22T12:51:50","date_gmt":"2023-12-22T09:21:50","guid":{"rendered":"https:\/\/rozitogroup.com\/product\/kahve-latte-aromali-oda-spreyi\/"},"modified":"2023-12-22T12:51:50","modified_gmt":"2023-12-22T09:21:50","slug":"kahve-latte-aromali-oda-spreyi","status":"publish","type":"product","link":"https:\/\/rozitogroup.com\/tr\/urun\/kahve-latte-aromali-oda-spreyi\/","title":{"rendered":"Kahve latte aromal\u0131 oda spreyi"},"content":{"rendered":"<h2>Kahve latte kokulu oda spreyi<\/h2>\n<ul>\n<li>\n<li>120 ml esansiyel ya\u011f<\/li>\n<li>Ho\u015f ve ho\u015f bir kokuya ve antibakteriyel \u00f6zelliklere sahiptir<\/li>\n<li>Ticari, k\u00fclt\u00fcrel, spor ve t\u0131p merkezlerine uygundur<\/li>\n<li>Rahatlat\u0131c\u0131, canland\u0131r\u0131c\u0131<\/li>\n<\/ul>\n<p><strong>Kahve latte kokulu oda spreyi<\/strong> evlere, mutfaklara, yatak odalar\u0131na, banyolara servis yapmak i\u00e7in m\u00fckemmel bir se\u00e7enektir ve ayr\u0131ca ticari, k\u00fclt\u00fcrel, spor ve t\u0131p merkezlerinin ortamlar\u0131nda da kullan\u0131labilir.<\/strong> p><\/p>\n<p>Ho\u015f ve ho\u015f kokulu, antibakteriyel \u00f6zelli\u011fe sahip Latte kahve oda spreyi, siz sevdiklerinize huzur ve canl\u0131l\u0131k dolu bir ortam sa\u011flar.<\/p>\n","protected":false},"excerpt":{"rendered":"<p>Kahve latte kokulu oda spreyi 120 ml esansiyel ya\u011f Ho\u015f ve ho\u015f bir kokuya ve antibakteriyel \u00f6zelliklere sahiptir Ticari, k\u00fclt\u00fcrel, spor ve t\u0131p merkezlerine uygundur Rahatlat\u0131c\u0131, canland\u0131r\u0131c\u0131 Kahve latte kokulu oda spreyi evlere, mutfaklara, yatak odalar\u0131na, banyolara servis yapmak i\u00e7in m\u00fckemmel bir se\u00e7enektir ve ayr\u0131ca ticari, k\u00fclt\u00fcrel, spor ve t\u0131p merkezlerinin ortamlar\u0131nda da kullan\u0131labilir. p> [&hellip;]<\/p>\n","protected":false},"featured_media":1545,"comment_status":"open","ping_status":"closed","template":"","meta":{"_acf_changed":false},"product_brand":[],"product_cat":[79,95,87,155,64,71],"product_tag":[],"class_list":{"0":"post-2978","1":"product","2":"type-product","3":"status-publish","4":"has-post-thumbnail","6":"product_cat-endustriyel-koku-gidericiler","7":"product_cat-fantezi","8":"product_cat-koku","9":"product_cat-oda-spreyi-120-ml","10":"product_cat-oda-spreyleri","11":"product_cat-ofis-ve-ticari-spreyler","13":"first","14":"instock","15":"shipping-taxable","16":"product-type-simple"},"acf":[],"_links":{"self":[{"href":"https:\/\/rozitogroup.com\/tr\/wp-json\/wp\/v2\/product\/2978","targetHints":{"allow":["GET"]}}],"collection":[{"href":"https:\/\/rozitogroup.com\/tr\/wp-json\/wp\/v2\/product"}],"about":[{"href":"https:\/\/rozitogroup.com\/tr\/wp-json\/wp\/v2\/types\/product"}],"replies":[{"embeddable":true,"href":"https:\/\/rozitogroup.com\/tr\/wp-json\/wp\/v2\/comments?post=2978"}],"version-history":[{"count":0,"href":"https:\/\/rozitogroup.com\/tr\/wp-json\/wp\/v2\/product\/2978\/revisions"}],"wp:featuredmedia":[{"embeddable":true,"href":"https:\/\/rozitogroup.com\/tr\/wp-json\/wp\/v2\/media\/1545"}],"wp:attachment":[{"href":"https:\/\/rozitogroup.com\/tr\/wp-json\/wp\/v2\/media?parent=2978"}],"wp:term":[{"taxonomy":"product_brand","embeddable":true,"href":"https:\/\/rozitogroup.com\/tr\/wp-json\/wp\/v2\/product_brand?post=2978"},{"taxonomy":"product_cat","embeddable":true,"href":"https:\/\/rozitogroup.com\/tr\/wp-json\/wp\/v2\/product_cat?post=2978"},{"taxonomy":"product_tag","embeddable":true,"href":"https:\/\/rozitogroup.com\/tr\/wp-json\/wp\/v2\/product_tag?post=2978"}],"curies":[{"name":"wp","href":"https:\/\/api.w.org\/{rel}","templated":true}]}}