{"id":2973,"date":"2023-12-22T16:36:28","date_gmt":"2023-12-22T13:06:28","guid":{"rendered":"https:\/\/rozitogroup.com\/product\/yasemin-kokulu-oda-spreyi\/"},"modified":"2023-12-22T16:36:28","modified_gmt":"2023-12-22T13:06:28","slug":"yasemin-kokulu-oda-spreyi","status":"publish","type":"product","link":"https:\/\/rozitogroup.com\/tr\/urun\/yasemin-kokulu-oda-spreyi\/","title":{"rendered":"Yasemin kokulu oda spreyi"},"content":{"rendered":"<h2>Yasemin kokulu oda spreyi<\/h2>\n<ul>\n<li>\n<li>120 ml esansiyel ya\u011f<\/li>\n<li>Ho\u015f ve ho\u015f bir kokuya ve antibakteriyel \u00f6zelliklere sahiptir<\/li>\n<li>Ticari, k\u00fclt\u00fcrel, spor ve t\u0131p merkezlerine uygundur<\/li>\n<li>Rahatlat\u0131c\u0131, canland\u0131r\u0131c\u0131<\/li>\n<\/ul>\n<p><strong>Yasemin kokulu oda spreyi<\/strong> evlere, mutfaklara, yatak odalar\u0131na, banyolara servis yapmak i\u00e7in m\u00fckemmel bir se\u00e7enektir ve ayr\u0131ca ticari, k\u00fclt\u00fcrel, spor ve t\u0131p merkezlerinin ortamlar\u0131nda da kullan\u0131labilir.<\/p>\n<p>Yasemin \u00e7i\u00e7e\u011fi oda spreyi, ho\u015f ve ho\u015f kokusu ve antibakteriyel \u00f6zelli\u011fi ile sevdiklerinize huzur ve canl\u0131l\u0131k dolu bir ortam sa\u011flar.<\/p>\n<p>Pij Amin al-Dawlah ve Yas Amin al-Dawlah olarak bilinen <strong><span dir=\"LTR\">Han\u0131meli<\/span><\/strong> bitkisi, <span dir=\"LTR\" ailesi >Caprifoliaceae<\/span> <span dir=\"LTR\">Dipsacales<\/span> tak\u0131m\u0131na aittir ve Kuzey Yar\u0131mk\u00fcre&#8217;nin farkl\u0131 b\u00f6lgelerine \u00f6zg\u00fcd\u00fcr. Bu bitkinin ailesinde yakla\u015f\u0131k 180 t\u00fcr bulunur; \u00e7i\u00e7eklerin g\u00fczelli\u011fi ve b\u00fcy\u00fcme g\u00fcc\u00fc nedeniyle baz\u0131lar\u0131 di\u011ferlerinden daha fazlad\u0131r.<\/p>\n<p>Bu bitkilerin ho\u015f kokulu \u00e7i\u00e7ekleri ilkbahar ortas\u0131nda ve yaz aylar\u0131nda ikili salk\u0131mlar halinde a\u00e7ar. Bu bitkinin farkl\u0131 t\u00fcrlerindeki \u00e7i\u00e7eklerin rengi beyaz, sar\u0131, pembe, turuncu ve k\u0131rm\u0131z\u0131d\u0131r.<\/p>\n<p>Bu bitkinin kokusu ak\u015fam saatlerinde \u00e7o\u011fal\u0131r ve sabaha kadar g\u00fc\u00e7l\u00fc bir kokuya sahiptir.<\/p>\n<p>&nbsp;<\/p>\n","protected":false},"excerpt":{"rendered":"<p>Yasemin kokulu oda spreyi 120 ml esansiyel ya\u011f Ho\u015f ve ho\u015f bir kokuya ve antibakteriyel \u00f6zelliklere sahiptir Ticari, k\u00fclt\u00fcrel, spor ve t\u0131p merkezlerine uygundur Rahatlat\u0131c\u0131, canland\u0131r\u0131c\u0131 Yasemin kokulu oda spreyi evlere, mutfaklara, yatak odalar\u0131na, banyolara servis yapmak i\u00e7in m\u00fckemmel bir se\u00e7enektir ve ayr\u0131ca ticari, k\u00fclt\u00fcrel, spor ve t\u0131p merkezlerinin ortamlar\u0131nda da kullan\u0131labilir. Yasemin \u00e7i\u00e7e\u011fi oda [&hellip;]<\/p>\n","protected":false},"featured_media":1555,"comment_status":"open","ping_status":"closed","template":"","meta":{"_acf_changed":false},"product_brand":[],"product_cat":[103,88,79,72,80,87,155,64,71],"product_tag":[],"class_list":{"0":"post-2973","1":"product","2":"type-product","3":"status-publish","4":"has-post-thumbnail","6":"product_cat-cicekler-ve-bitkiler","7":"product_cat-doga","8":"product_cat-endustriyel-koku-gidericiler","9":"product_cat-ev-spreyleri","10":"product_cat-genel-koku-gidericiler","11":"product_cat-koku","12":"product_cat-oda-spreyi-120-ml","13":"product_cat-oda-spreyleri","14":"product_cat-ofis-ve-ticari-spreyler","16":"first","17":"instock","18":"shipping-taxable","19":"product-type-simple"},"acf":[],"_links":{"self":[{"href":"https:\/\/rozitogroup.com\/tr\/wp-json\/wp\/v2\/product\/2973","targetHints":{"allow":["GET"]}}],"collection":[{"href":"https:\/\/rozitogroup.com\/tr\/wp-json\/wp\/v2\/product"}],"about":[{"href":"https:\/\/rozitogroup.com\/tr\/wp-json\/wp\/v2\/types\/product"}],"replies":[{"embeddable":true,"href":"https:\/\/rozitogroup.com\/tr\/wp-json\/wp\/v2\/comments?post=2973"}],"version-history":[{"count":0,"href":"https:\/\/rozitogroup.com\/tr\/wp-json\/wp\/v2\/product\/2973\/revisions"}],"wp:featuredmedia":[{"embeddable":true,"href":"https:\/\/rozitogroup.com\/tr\/wp-json\/wp\/v2\/media\/1555"}],"wp:attachment":[{"href":"https:\/\/rozitogroup.com\/tr\/wp-json\/wp\/v2\/media?parent=2973"}],"wp:term":[{"taxonomy":"product_brand","embeddable":true,"href":"https:\/\/rozitogroup.com\/tr\/wp-json\/wp\/v2\/product_brand?post=2973"},{"taxonomy":"product_cat","embeddable":true,"href":"https:\/\/rozitogroup.com\/tr\/wp-json\/wp\/v2\/product_cat?post=2973"},{"taxonomy":"product_tag","embeddable":true,"href":"https:\/\/rozitogroup.com\/tr\/wp-json\/wp\/v2\/product_tag?post=2973"}],"curies":[{"name":"wp","href":"https:\/\/api.w.org\/{rel}","templated":true}]}}