{"id":2969,"date":"2023-12-22T16:43:03","date_gmt":"2023-12-22T13:13:03","guid":{"rendered":"https:\/\/rozitogroup.com\/product\/harmoni-cicek-kokulu-oda-spreyi\/"},"modified":"2023-12-22T16:43:03","modified_gmt":"2023-12-22T13:13:03","slug":"harmoni-cicek-kokulu-oda-spreyi","status":"publish","type":"product","link":"https:\/\/rozitogroup.com\/tr\/urun\/harmoni-cicek-kokulu-oda-spreyi\/","title":{"rendered":"Harmoni \u00e7i\u00e7ek kokulu oda spreyi"},"content":{"rendered":"<h2>Harmoni \u00e7i\u00e7e\u011fi kokulu oda spreyi<\/h2>\n<ul>\n<li>\n<li>120 ml esansiyel ya\u011f<\/li>\n<li>Ho\u015f ve ho\u015f bir kokuya ve antibakteriyel \u00f6zelliklere sahiptir<\/li>\n<li>Ticari, k\u00fclt\u00fcrel, spor ve t\u0131p merkezlerine uygundur<\/li>\n<li>Rahatlat\u0131c\u0131, canland\u0131r\u0131c\u0131<\/li>\n<\/ul>\n<p><strong>Harmony \u00e7i\u00e7e\u011fi kokulu oda spreyi<\/strong> ev, mutfak, yatak odas\u0131, banyonun yan\u0131 s\u0131ra ticari, k\u00fclt\u00fcrel, spor ve t\u0131p merkezlerinin ortamlar\u0131 i\u00e7in de m\u00fckemmel bir se\u00e7enektir.<\/p >\n<p>Ho\u015f ve ho\u015f kokusu ve antibakteriyel \u00f6zelli\u011fi ile Gol Harmony oda spreyi siz sevdiklerinize huzur ve canl\u0131l\u0131k dolu bir ortam sa\u011fl\u0131yor.<\/p>\n","protected":false},"excerpt":{"rendered":"<p>Harmoni \u00e7i\u00e7e\u011fi kokulu oda spreyi 120 ml esansiyel ya\u011f Ho\u015f ve ho\u015f bir kokuya ve antibakteriyel \u00f6zelliklere sahiptir Ticari, k\u00fclt\u00fcrel, spor ve t\u0131p merkezlerine uygundur Rahatlat\u0131c\u0131, canland\u0131r\u0131c\u0131 Harmony \u00e7i\u00e7e\u011fi kokulu oda spreyi ev, mutfak, yatak odas\u0131, banyonun yan\u0131 s\u0131ra ticari, k\u00fclt\u00fcrel, spor ve t\u0131p merkezlerinin ortamlar\u0131 i\u00e7in de m\u00fckemmel bir se\u00e7enektir. Ho\u015f ve ho\u015f kokusu [&hellip;]<\/p>\n","protected":false},"featured_media":1565,"comment_status":"open","ping_status":"closed","template":"","meta":{"_acf_changed":false},"product_brand":[],"product_cat":[103,79,72,80,87,155,64,71],"product_tag":[],"class_list":{"0":"post-2969","1":"product","2":"type-product","3":"status-publish","4":"has-post-thumbnail","6":"product_cat-cicekler-ve-bitkiler","7":"product_cat-endustriyel-koku-gidericiler","8":"product_cat-ev-spreyleri","9":"product_cat-genel-koku-gidericiler","10":"product_cat-koku","11":"product_cat-oda-spreyi-120-ml","12":"product_cat-oda-spreyleri","13":"product_cat-ofis-ve-ticari-spreyler","15":"first","16":"instock","17":"shipping-taxable","18":"product-type-simple"},"acf":[],"_links":{"self":[{"href":"https:\/\/rozitogroup.com\/tr\/wp-json\/wp\/v2\/product\/2969","targetHints":{"allow":["GET"]}}],"collection":[{"href":"https:\/\/rozitogroup.com\/tr\/wp-json\/wp\/v2\/product"}],"about":[{"href":"https:\/\/rozitogroup.com\/tr\/wp-json\/wp\/v2\/types\/product"}],"replies":[{"embeddable":true,"href":"https:\/\/rozitogroup.com\/tr\/wp-json\/wp\/v2\/comments?post=2969"}],"version-history":[{"count":0,"href":"https:\/\/rozitogroup.com\/tr\/wp-json\/wp\/v2\/product\/2969\/revisions"}],"wp:featuredmedia":[{"embeddable":true,"href":"https:\/\/rozitogroup.com\/tr\/wp-json\/wp\/v2\/media\/1565"}],"wp:attachment":[{"href":"https:\/\/rozitogroup.com\/tr\/wp-json\/wp\/v2\/media?parent=2969"}],"wp:term":[{"taxonomy":"product_brand","embeddable":true,"href":"https:\/\/rozitogroup.com\/tr\/wp-json\/wp\/v2\/product_brand?post=2969"},{"taxonomy":"product_cat","embeddable":true,"href":"https:\/\/rozitogroup.com\/tr\/wp-json\/wp\/v2\/product_cat?post=2969"},{"taxonomy":"product_tag","embeddable":true,"href":"https:\/\/rozitogroup.com\/tr\/wp-json\/wp\/v2\/product_tag?post=2969"}],"curies":[{"name":"wp","href":"https:\/\/api.w.org\/{rel}","templated":true}]}}