{"id":2966,"date":"2023-12-22T16:55:07","date_gmt":"2023-12-22T13:25:07","guid":{"rendered":"https:\/\/rozitogroup.com\/product\/japon-buz-cicegi-kokulu-oda-spreyi\/"},"modified":"2023-12-22T16:55:07","modified_gmt":"2023-12-22T13:25:07","slug":"japon-buz-cicegi-kokulu-oda-spreyi","status":"publish","type":"product","link":"https:\/\/rozitogroup.com\/tr\/urun\/japon-buz-cicegi-kokulu-oda-spreyi\/","title":{"rendered":"Japon buz \u00e7i\u00e7e\u011fi kokulu oda spreyi"},"content":{"rendered":"<h2>Japon buz \u00e7i\u00e7e\u011fi kokulu oda spreyi<\/h2>\n<ul>\n<li>\n<li>120 ml esansiyel ya\u011f<\/li>\n<li>Ho\u015f ve ho\u015f bir kokuya ve antibakteriyel \u00f6zelliklere sahiptir<\/li>\n<li>Ticari, k\u00fclt\u00fcrel, spor ve t\u0131p merkezlerine uygundur<\/li>\n<li>Rahatlat\u0131c\u0131, canland\u0131r\u0131c\u0131<\/li>\n<\/ul>\n<p><strong>Japon buz \u00e7i\u00e7e\u011fi kokulu oda spreyi<\/strong> evlere, mutfaklara, yatak odalar\u0131na, banyolara servis yapmak i\u00e7in m\u00fckemmel bir se\u00e7enektir ve ayr\u0131ca ticari, k\u00fclt\u00fcrel, spor ve t\u0131p merkezlerinin ortamlar\u0131 i\u00e7in de kullan\u0131labilir <\/p>\n<p>Ho\u015f ve ho\u015f kokusu ve antibakteriyel \u00f6zelli\u011fi ile Japon buz \u00e7i\u00e7e\u011fi oda spreyi, sevdiklerinize huzur ve canl\u0131l\u0131k dolu bir ortam sa\u011flar.<\/p>\n","protected":false},"excerpt":{"rendered":"<p>Japon buz \u00e7i\u00e7e\u011fi kokulu oda spreyi 120 ml esansiyel ya\u011f Ho\u015f ve ho\u015f bir kokuya ve antibakteriyel \u00f6zelliklere sahiptir Ticari, k\u00fclt\u00fcrel, spor ve t\u0131p merkezlerine uygundur Rahatlat\u0131c\u0131, canland\u0131r\u0131c\u0131 Japon buz \u00e7i\u00e7e\u011fi kokulu oda spreyi evlere, mutfaklara, yatak odalar\u0131na, banyolara servis yapmak i\u00e7in m\u00fckemmel bir se\u00e7enektir ve ayr\u0131ca ticari, k\u00fclt\u00fcrel, spor ve t\u0131p merkezlerinin ortamlar\u0131 i\u00e7in [&hellip;]<\/p>\n","protected":false},"featured_media":1575,"comment_status":"open","ping_status":"closed","template":"","meta":{"_acf_changed":false},"product_brand":[],"product_cat":[103,72,80,87,155,64,71],"product_tag":[],"class_list":{"0":"post-2966","1":"product","2":"type-product","3":"status-publish","4":"has-post-thumbnail","6":"product_cat-cicekler-ve-bitkiler","7":"product_cat-ev-spreyleri","8":"product_cat-genel-koku-gidericiler","9":"product_cat-koku","10":"product_cat-oda-spreyi-120-ml","11":"product_cat-oda-spreyleri","12":"product_cat-ofis-ve-ticari-spreyler","14":"first","15":"instock","16":"shipping-taxable","17":"product-type-simple"},"acf":[],"_links":{"self":[{"href":"https:\/\/rozitogroup.com\/tr\/wp-json\/wp\/v2\/product\/2966","targetHints":{"allow":["GET"]}}],"collection":[{"href":"https:\/\/rozitogroup.com\/tr\/wp-json\/wp\/v2\/product"}],"about":[{"href":"https:\/\/rozitogroup.com\/tr\/wp-json\/wp\/v2\/types\/product"}],"replies":[{"embeddable":true,"href":"https:\/\/rozitogroup.com\/tr\/wp-json\/wp\/v2\/comments?post=2966"}],"version-history":[{"count":0,"href":"https:\/\/rozitogroup.com\/tr\/wp-json\/wp\/v2\/product\/2966\/revisions"}],"wp:featuredmedia":[{"embeddable":true,"href":"https:\/\/rozitogroup.com\/tr\/wp-json\/wp\/v2\/media\/1575"}],"wp:attachment":[{"href":"https:\/\/rozitogroup.com\/tr\/wp-json\/wp\/v2\/media?parent=2966"}],"wp:term":[{"taxonomy":"product_brand","embeddable":true,"href":"https:\/\/rozitogroup.com\/tr\/wp-json\/wp\/v2\/product_brand?post=2966"},{"taxonomy":"product_cat","embeddable":true,"href":"https:\/\/rozitogroup.com\/tr\/wp-json\/wp\/v2\/product_cat?post=2966"},{"taxonomy":"product_tag","embeddable":true,"href":"https:\/\/rozitogroup.com\/tr\/wp-json\/wp\/v2\/product_tag?post=2966"}],"curies":[{"name":"wp","href":"https:\/\/api.w.org\/{rel}","templated":true}]}}