{"id":2953,"date":"2024-01-04T16:41:45","date_gmt":"2024-01-04T13:11:45","guid":{"rendered":"https:\/\/rozitogroup.com\/product\/karamel-kokulu-araba-hava-spreyi\/"},"modified":"2024-01-04T16:41:45","modified_gmt":"2024-01-04T13:11:45","slug":"karamel-kokulu-araba-hava-spreyi","status":"publish","type":"product","link":"https:\/\/rozitogroup.com\/tr\/urun\/karamel-kokulu-araba-hava-spreyi\/","title":{"rendered":"Karamel kokulu araba hava spreyi"},"content":{"rendered":"<h2>Karamel kokulu araba hava spreyi<\/h2>\n<ul>\n<li>\n<li>8 ml<\/li>\n<li>Tatl\u0131, s\u0131cak ve tereya\u011fl\u0131 bir aromas\u0131 vard\u0131r<\/li>\n<li>Y\u0131l\u0131n so\u011fuk mevsimi i\u00e7in uygundur<\/li>\n<li>Arabalar i\u00e7in uygundur<\/li>\n<\/ul>\n<p><span style=\"color: #ff9900;\"><strong>Karamel kokulu araba hava spreyi<\/strong> <\/span> \u015eekerleme ve y\u00fcn gibi kokan s\u0131cak ve tereya\u011fl\u0131 bir kokudur ve dikkatleri \u00fczerine \u00e7eker. Bu koku, di\u011fer kokularla, \u00f6zellikle meyveli, tatl\u0131, oryantal ve yenilebilir kokularla kombinlenebildi\u011fi i\u00e7in parf\u00fcm yap\u0131m\u0131nda en \u00e7ok kullan\u0131lan kokulardan biridir. Genellikle bu ho\u015f koku \u00e7ikolata, pa\u00e7uli, akasya, sandal a\u011fac\u0131, amber ve vanilya gibi kokularla birle\u015ftirilerek kullan\u0131l\u0131r.<\/p>\n","protected":false},"excerpt":{"rendered":"<p>Karamel kokulu araba hava spreyi 8 ml Tatl\u0131, s\u0131cak ve tereya\u011fl\u0131 bir aromas\u0131 vard\u0131r Y\u0131l\u0131n so\u011fuk mevsimi i\u00e7in uygundur Arabalar i\u00e7in uygundur Karamel kokulu araba hava spreyi \u015eekerleme ve y\u00fcn gibi kokan s\u0131cak ve tereya\u011fl\u0131 bir kokudur ve dikkatleri \u00fczerine \u00e7eker. Bu koku, di\u011fer kokularla, \u00f6zellikle meyveli, tatl\u0131, oryantal ve yenilebilir kokularla kombinlenebildi\u011fi i\u00e7in parf\u00fcm [&hellip;]<\/p>\n","protected":false},"featured_media":2193,"comment_status":"open","ping_status":"closed","template":"","meta":{"_acf_changed":false},"product_brand":[],"product_cat":[95,87,153,64,157],"product_tag":[],"class_list":{"0":"post-2953","1":"product","2":"type-product","3":"status-publish","4":"has-post-thumbnail","6":"product_cat-fantezi","7":"product_cat-koku","8":"product_cat-oda-spreyi-8-ml","9":"product_cat-oda-spreyleri","10":"product_cat-otomobil-spreyi","12":"first","13":"instock","14":"shipping-taxable","15":"product-type-simple"},"acf":[],"_links":{"self":[{"href":"https:\/\/rozitogroup.com\/tr\/wp-json\/wp\/v2\/product\/2953","targetHints":{"allow":["GET"]}}],"collection":[{"href":"https:\/\/rozitogroup.com\/tr\/wp-json\/wp\/v2\/product"}],"about":[{"href":"https:\/\/rozitogroup.com\/tr\/wp-json\/wp\/v2\/types\/product"}],"replies":[{"embeddable":true,"href":"https:\/\/rozitogroup.com\/tr\/wp-json\/wp\/v2\/comments?post=2953"}],"version-history":[{"count":0,"href":"https:\/\/rozitogroup.com\/tr\/wp-json\/wp\/v2\/product\/2953\/revisions"}],"wp:featuredmedia":[{"embeddable":true,"href":"https:\/\/rozitogroup.com\/tr\/wp-json\/wp\/v2\/media\/2193"}],"wp:attachment":[{"href":"https:\/\/rozitogroup.com\/tr\/wp-json\/wp\/v2\/media?parent=2953"}],"wp:term":[{"taxonomy":"product_brand","embeddable":true,"href":"https:\/\/rozitogroup.com\/tr\/wp-json\/wp\/v2\/product_brand?post=2953"},{"taxonomy":"product_cat","embeddable":true,"href":"https:\/\/rozitogroup.com\/tr\/wp-json\/wp\/v2\/product_cat?post=2953"},{"taxonomy":"product_tag","embeddable":true,"href":"https:\/\/rozitogroup.com\/tr\/wp-json\/wp\/v2\/product_tag?post=2953"}],"curies":[{"name":"wp","href":"https:\/\/api.w.org\/{rel}","templated":true}]}}