{"id":2949,"date":"2024-01-04T16:41:45","date_gmt":"2024-01-04T13:11:45","guid":{"rendered":"https:\/\/rozitogroup.com\/product\/sakiz-kokulu-araba-spreyi\/"},"modified":"2024-01-04T16:41:45","modified_gmt":"2024-01-04T13:11:45","slug":"sakiz-kokulu-araba-spreyi","status":"publish","type":"product","link":"https:\/\/rozitogroup.com\/tr\/urun\/sakiz-kokulu-araba-spreyi\/","title":{"rendered":"Sak\u0131z kokulu araba spreyi"},"content":{"rendered":"<h2>Sak\u0131z kokulu araba hava spreyi<\/h2>\n<ul>\n<li>\n<li>8 ml<\/li>\n<li>Fantazi ve \u00e7ocuksu bir kokuya sahiptir<\/li>\n<li>Arabalar i\u00e7in uygundur<\/li>\n<li>tatl\u0131 \u00e7ocukluk an\u0131lar\u0131n\u0131 hat\u0131rlat\u0131yor<\/li>\n<\/ul>\n<p><span style=\"color: #ff6600;\"><strong>Sak\u0131z Kokulu Araba Oda Parf\u00fcm\u00fc<\/strong><\/span> her zaman ve her yerde bir hikaye anlatabilir, herkes i\u00e7in sak\u0131z kokulu bir parf\u00fcmd\u00fcr. tatl\u0131 \u00e7ocukluk an\u0131lar\u0131n\u0131 hat\u0131rlatan ki\u015fi.<\/p>\n<p>Sak\u0131z esansiyel ya\u011f\u0131, fantastik, tatl\u0131, ne\u015feli ve \u00e7ocuksu bir aromaya sahip olup, \u00e7ilek, \u015feftali, ananas, narenciye ve sulu meyvelerin aromas\u0131na e\u015flik etmektedir. Oyun alan\u0131nda \u00e7ocukluk an\u0131lar\u0131n\u0131n kahkahalar\u0131yla kar\u0131\u015fan bir huzur yarat\u0131r. .<\/p>\n<p>&nbsp;<\/p>\n","protected":false},"excerpt":{"rendered":"<p>Sak\u0131z kokulu araba hava spreyi 8 ml Fantazi ve \u00e7ocuksu bir kokuya sahiptir Arabalar i\u00e7in uygundur tatl\u0131 \u00e7ocukluk an\u0131lar\u0131n\u0131 hat\u0131rlat\u0131yor Sak\u0131z Kokulu Araba Oda Parf\u00fcm\u00fc her zaman ve her yerde bir hikaye anlatabilir, herkes i\u00e7in sak\u0131z kokulu bir parf\u00fcmd\u00fcr. tatl\u0131 \u00e7ocukluk an\u0131lar\u0131n\u0131 hat\u0131rlatan ki\u015fi. Sak\u0131z esansiyel ya\u011f\u0131, fantastik, tatl\u0131, ne\u015feli ve \u00e7ocuksu bir aromaya sahip [&hellip;]<\/p>\n","protected":false},"featured_media":2243,"comment_status":"open","ping_status":"closed","template":"","meta":{"_acf_changed":false},"product_brand":[],"product_cat":[95,87,153,64,157],"product_tag":[],"class_list":{"0":"post-2949","1":"product","2":"type-product","3":"status-publish","4":"has-post-thumbnail","6":"product_cat-fantezi","7":"product_cat-koku","8":"product_cat-oda-spreyi-8-ml","9":"product_cat-oda-spreyleri","10":"product_cat-otomobil-spreyi","12":"first","13":"instock","14":"shipping-taxable","15":"product-type-simple"},"acf":[],"_links":{"self":[{"href":"https:\/\/rozitogroup.com\/tr\/wp-json\/wp\/v2\/product\/2949","targetHints":{"allow":["GET"]}}],"collection":[{"href":"https:\/\/rozitogroup.com\/tr\/wp-json\/wp\/v2\/product"}],"about":[{"href":"https:\/\/rozitogroup.com\/tr\/wp-json\/wp\/v2\/types\/product"}],"replies":[{"embeddable":true,"href":"https:\/\/rozitogroup.com\/tr\/wp-json\/wp\/v2\/comments?post=2949"}],"version-history":[{"count":0,"href":"https:\/\/rozitogroup.com\/tr\/wp-json\/wp\/v2\/product\/2949\/revisions"}],"wp:featuredmedia":[{"embeddable":true,"href":"https:\/\/rozitogroup.com\/tr\/wp-json\/wp\/v2\/media\/2243"}],"wp:attachment":[{"href":"https:\/\/rozitogroup.com\/tr\/wp-json\/wp\/v2\/media?parent=2949"}],"wp:term":[{"taxonomy":"product_brand","embeddable":true,"href":"https:\/\/rozitogroup.com\/tr\/wp-json\/wp\/v2\/product_brand?post=2949"},{"taxonomy":"product_cat","embeddable":true,"href":"https:\/\/rozitogroup.com\/tr\/wp-json\/wp\/v2\/product_cat?post=2949"},{"taxonomy":"product_tag","embeddable":true,"href":"https:\/\/rozitogroup.com\/tr\/wp-json\/wp\/v2\/product_tag?post=2949"}],"curies":[{"name":"wp","href":"https:\/\/api.w.org\/{rel}","templated":true}]}}