{"id":2945,"date":"2024-01-04T16:41:46","date_gmt":"2024-01-04T13:11:46","guid":{"rendered":"https:\/\/rozitogroup.com\/product\/tropikal-orman-kokulu-araba-spreyi\/"},"modified":"2024-01-04T16:41:46","modified_gmt":"2024-01-04T13:11:46","slug":"tropikal-orman-kokulu-araba-spreyi","status":"publish","type":"product","link":"https:\/\/rozitogroup.com\/tr\/urun\/tropikal-orman-kokulu-araba-spreyi\/","title":{"rendered":"Tropikal orman kokulu araba spreyi"},"content":{"rendered":"<h2>Tropikal orman kokulu araba spreyi<\/h2>\n<ul>\n<li>\n<li>8 ml<\/li>\n<li>Orman ve tropik meyve kokulu parf\u00fcm<\/li>\n<li>Yatak odas\u0131, mutfak ve i\u015fyeri i\u00e7in uygundur<\/li>\n<li>Arabalar i\u00e7in uygundur<\/li>\n<li>G\u00fczellik ve hizmet salonlar\u0131nda, spor kul\u00fcplerinde, masaj salonlar\u0131nda vb. kullan\u0131labilir.<\/li>\n<\/ul>\n<p><span style=\"color: #ff9900;\"><strong>Tropikal orman kokulu araba spreyi<\/strong><\/span> partilerde, ders \u00e7al\u0131\u015f\u0131rken ve \u00e7al\u0131\u015f\u0131rken, yatak odas\u0131nda, mutfakta, banyoda kullan\u0131labilir. binan\u0131n tuvaletini ve koridorunu kulland\u0131. Tropikal orman\u0131n kokusu ho\u015f ve aromatik bir koku olup, canland\u0131r\u0131c\u0131, canland\u0131r\u0131c\u0131, haf\u0131zay\u0131 g\u00fc\u00e7lendirmeye yard\u0131mc\u0131 olur, rahatlat\u0131c\u0131d\u0131r ve g\u00fc\u00e7 hissini art\u0131r\u0131r.<\/p>\n","protected":false},"excerpt":{"rendered":"<p>Tropikal orman kokulu araba spreyi 8 ml Orman ve tropik meyve kokulu parf\u00fcm Yatak odas\u0131, mutfak ve i\u015fyeri i\u00e7in uygundur Arabalar i\u00e7in uygundur G\u00fczellik ve hizmet salonlar\u0131nda, spor kul\u00fcplerinde, masaj salonlar\u0131nda vb. kullan\u0131labilir. Tropikal orman kokulu araba spreyi partilerde, ders \u00e7al\u0131\u015f\u0131rken ve \u00e7al\u0131\u015f\u0131rken, yatak odas\u0131nda, mutfakta, banyoda kullan\u0131labilir. binan\u0131n tuvaletini ve koridorunu kulland\u0131. Tropikal orman\u0131n [&hellip;]<\/p>\n","protected":false},"featured_media":2333,"comment_status":"open","ping_status":"closed","template":"","meta":{"_acf_changed":false},"product_brand":[],"product_cat":[88,87,153,64,157],"product_tag":[],"class_list":{"0":"post-2945","1":"product","2":"type-product","3":"status-publish","4":"has-post-thumbnail","6":"product_cat-doga","7":"product_cat-koku","8":"product_cat-oda-spreyi-8-ml","9":"product_cat-oda-spreyleri","10":"product_cat-otomobil-spreyi","12":"first","13":"instock","14":"shipping-taxable","15":"product-type-simple"},"acf":[],"_links":{"self":[{"href":"https:\/\/rozitogroup.com\/tr\/wp-json\/wp\/v2\/product\/2945","targetHints":{"allow":["GET"]}}],"collection":[{"href":"https:\/\/rozitogroup.com\/tr\/wp-json\/wp\/v2\/product"}],"about":[{"href":"https:\/\/rozitogroup.com\/tr\/wp-json\/wp\/v2\/types\/product"}],"replies":[{"embeddable":true,"href":"https:\/\/rozitogroup.com\/tr\/wp-json\/wp\/v2\/comments?post=2945"}],"version-history":[{"count":0,"href":"https:\/\/rozitogroup.com\/tr\/wp-json\/wp\/v2\/product\/2945\/revisions"}],"wp:featuredmedia":[{"embeddable":true,"href":"https:\/\/rozitogroup.com\/tr\/wp-json\/wp\/v2\/media\/2333"}],"wp:attachment":[{"href":"https:\/\/rozitogroup.com\/tr\/wp-json\/wp\/v2\/media?parent=2945"}],"wp:term":[{"taxonomy":"product_brand","embeddable":true,"href":"https:\/\/rozitogroup.com\/tr\/wp-json\/wp\/v2\/product_brand?post=2945"},{"taxonomy":"product_cat","embeddable":true,"href":"https:\/\/rozitogroup.com\/tr\/wp-json\/wp\/v2\/product_cat?post=2945"},{"taxonomy":"product_tag","embeddable":true,"href":"https:\/\/rozitogroup.com\/tr\/wp-json\/wp\/v2\/product_tag?post=2945"}],"curies":[{"name":"wp","href":"https:\/\/api.w.org\/{rel}","templated":true}]}}