{"id":2941,"date":"2024-01-04T16:41:46","date_gmt":"2024-01-04T13:11:46","guid":{"rendered":"https:\/\/rozitogroup.com\/product\/okyanus-kokulu-araba-spreyi\/"},"modified":"2024-01-04T16:41:46","modified_gmt":"2024-01-04T13:11:46","slug":"okyanus-kokulu-araba-spreyi","status":"publish","type":"product","link":"https:\/\/rozitogroup.com\/tr\/urun\/okyanus-kokulu-araba-spreyi\/","title":{"rendered":"Okyanus kokulu araba spreyi"},"content":{"rendered":"<h2>Okyanus kokulu araba hava spreyi<\/h2>\n<ul>\n<li>\n<li>8 ml<\/li>\n<li>Serin ve canl\u0131 koku<\/li>\n<li>kal\u0131c\u0131 bir koku<\/li>\n<li>Canl\u0131 ve ne\u015feli bir ortam yaratmak<\/li>\n<\/ul>\n<p>Okyanus Kokulu Ara\u00e7 Kokusu, denizin ve okyanusun ho\u015f kokusunu beraberinde getirir ve insanlar\u0131n varl\u0131\u011f\u0131n\u0131 denizin nemli kokusunun yaratt\u0131\u011f\u0131 huzurla doldurur. Oda spreyi kullanarak \u00e7e\u015fitli ortamlar\u0131 kokuland\u0131rmak g\u00fcn\u00fcm\u00fczde yayg\u0131n bir \u015fey haline geldi, ancak do\u011fru araba oda spreyi sat\u0131n ald\u0131ktan sonra en \u00f6nemli \u015fey, ortam i\u00e7in koku se\u00e7imidir.<\/p>\n<p>Okyanus esansiyel ya\u011f\u0131, ho\u015f bir aroma yaratarak ortam\u0131 iyi bir ya\u015fam ve canl\u0131l\u0131k duygusuyla doldurur.<\/p>\n<p>Tazelik, canl\u0131l\u0131k ve serin koku, bu esansiyel ya\u011f\u0131n en \u00f6nemli \u00f6zellikleri aras\u0131nda yer al\u0131r ve bu da onu kul\u00fcp ve spor salonu gibi fiziksel aktivitenin yo\u011fun oldu\u011fu ortamlar i\u00e7in uygun k\u0131lar.<\/p>\n","protected":false},"excerpt":{"rendered":"<p>Okyanus kokulu araba hava spreyi 8 ml Serin ve canl\u0131 koku kal\u0131c\u0131 bir koku Canl\u0131 ve ne\u015feli bir ortam yaratmak Okyanus Kokulu Ara\u00e7 Kokusu, denizin ve okyanusun ho\u015f kokusunu beraberinde getirir ve insanlar\u0131n varl\u0131\u011f\u0131n\u0131 denizin nemli kokusunun yaratt\u0131\u011f\u0131 huzurla doldurur. Oda spreyi kullanarak \u00e7e\u015fitli ortamlar\u0131 kokuland\u0131rmak g\u00fcn\u00fcm\u00fczde yayg\u0131n bir \u015fey haline geldi, ancak do\u011fru araba [&hellip;]<\/p>\n","protected":false},"featured_media":2298,"comment_status":"open","ping_status":"closed","template":"","meta":{"_acf_changed":false},"product_brand":[],"product_cat":[88,87,153,64,157],"product_tag":[],"class_list":{"0":"post-2941","1":"product","2":"type-product","3":"status-publish","4":"has-post-thumbnail","6":"product_cat-doga","7":"product_cat-koku","8":"product_cat-oda-spreyi-8-ml","9":"product_cat-oda-spreyleri","10":"product_cat-otomobil-spreyi","12":"first","13":"instock","14":"shipping-taxable","15":"product-type-simple"},"acf":[],"_links":{"self":[{"href":"https:\/\/rozitogroup.com\/tr\/wp-json\/wp\/v2\/product\/2941","targetHints":{"allow":["GET"]}}],"collection":[{"href":"https:\/\/rozitogroup.com\/tr\/wp-json\/wp\/v2\/product"}],"about":[{"href":"https:\/\/rozitogroup.com\/tr\/wp-json\/wp\/v2\/types\/product"}],"replies":[{"embeddable":true,"href":"https:\/\/rozitogroup.com\/tr\/wp-json\/wp\/v2\/comments?post=2941"}],"version-history":[{"count":0,"href":"https:\/\/rozitogroup.com\/tr\/wp-json\/wp\/v2\/product\/2941\/revisions"}],"wp:featuredmedia":[{"embeddable":true,"href":"https:\/\/rozitogroup.com\/tr\/wp-json\/wp\/v2\/media\/2298"}],"wp:attachment":[{"href":"https:\/\/rozitogroup.com\/tr\/wp-json\/wp\/v2\/media?parent=2941"}],"wp:term":[{"taxonomy":"product_brand","embeddable":true,"href":"https:\/\/rozitogroup.com\/tr\/wp-json\/wp\/v2\/product_brand?post=2941"},{"taxonomy":"product_cat","embeddable":true,"href":"https:\/\/rozitogroup.com\/tr\/wp-json\/wp\/v2\/product_cat?post=2941"},{"taxonomy":"product_tag","embeddable":true,"href":"https:\/\/rozitogroup.com\/tr\/wp-json\/wp\/v2\/product_tag?post=2941"}],"curies":[{"name":"wp","href":"https:\/\/api.w.org\/{rel}","templated":true}]}}