{"id":2938,"date":"2024-01-04T16:41:46","date_gmt":"2024-01-04T13:11:46","guid":{"rendered":"https:\/\/rozitogroup.com\/product\/cicek-bahcesi-kokulu-araba-spreyi\/"},"modified":"2024-01-04T16:41:46","modified_gmt":"2024-01-04T13:11:46","slug":"cicek-bahcesi-kokulu-araba-spreyi","status":"publish","type":"product","link":"https:\/\/rozitogroup.com\/tr\/urun\/cicek-bahcesi-kokulu-araba-spreyi\/","title":{"rendered":"\u00c7i\u00e7ek bah\u00e7esi kokulu araba spreyi"},"content":{"rendered":"<h2>\u00c7i\u00e7ek bah\u00e7esi kokulu araba spreyi<\/h2>\n<ul>\n<li>\n<li>8 ml<\/li>\n<li>\u00c7i\u00e7ek ve aromatik bitki kokusuna sahiptir<\/li>\n<li>Arabalar i\u00e7in uygundur<\/li>\n<li>Rahatlat\u0131c\u0131, canland\u0131r\u0131c\u0131<\/li>\n<\/ul>\n<p>\u00c7i\u00e7ek bah\u00e7esi kokulu araba hava spreyi ho\u015f bir kokuya sahiptir ve oda, \u00e7al\u0131\u015fma ortam\u0131, otel, resepsiyon, konferans odas\u0131 vb. yerlerde koku vermek ve rahatlat\u0131c\u0131 bir atmosfer yaratmak i\u00e7in uygundur. Evi kendinize \u00f6zel kokunuzla s\u00fcsleyebilir, sevdiklerinize huzur dolu bir atmosfer yaratabilirsiniz.<\/p>\n","protected":false},"excerpt":{"rendered":"<p>\u00c7i\u00e7ek bah\u00e7esi kokulu araba spreyi 8 ml \u00c7i\u00e7ek ve aromatik bitki kokusuna sahiptir Arabalar i\u00e7in uygundur Rahatlat\u0131c\u0131, canland\u0131r\u0131c\u0131 \u00c7i\u00e7ek bah\u00e7esi kokulu araba hava spreyi ho\u015f bir kokuya sahiptir ve oda, \u00e7al\u0131\u015fma ortam\u0131, otel, resepsiyon, konferans odas\u0131 vb. yerlerde koku vermek ve rahatlat\u0131c\u0131 bir atmosfer yaratmak i\u00e7in uygundur. Evi kendinize \u00f6zel kokunuzla s\u00fcsleyebilir, sevdiklerinize huzur dolu [&hellip;]<\/p>\n","protected":false},"featured_media":2233,"comment_status":"open","ping_status":"closed","template":"","meta":{"_acf_changed":false},"product_brand":[],"product_cat":[103,88,80,87,153,64,157],"product_tag":[],"class_list":{"0":"post-2938","1":"product","2":"type-product","3":"status-publish","4":"has-post-thumbnail","6":"product_cat-cicekler-ve-bitkiler","7":"product_cat-doga","8":"product_cat-genel-koku-gidericiler","9":"product_cat-koku","10":"product_cat-oda-spreyi-8-ml","11":"product_cat-oda-spreyleri","12":"product_cat-otomobil-spreyi","14":"first","15":"instock","16":"shipping-taxable","17":"product-type-simple"},"acf":[],"_links":{"self":[{"href":"https:\/\/rozitogroup.com\/tr\/wp-json\/wp\/v2\/product\/2938","targetHints":{"allow":["GET"]}}],"collection":[{"href":"https:\/\/rozitogroup.com\/tr\/wp-json\/wp\/v2\/product"}],"about":[{"href":"https:\/\/rozitogroup.com\/tr\/wp-json\/wp\/v2\/types\/product"}],"replies":[{"embeddable":true,"href":"https:\/\/rozitogroup.com\/tr\/wp-json\/wp\/v2\/comments?post=2938"}],"version-history":[{"count":0,"href":"https:\/\/rozitogroup.com\/tr\/wp-json\/wp\/v2\/product\/2938\/revisions"}],"wp:featuredmedia":[{"embeddable":true,"href":"https:\/\/rozitogroup.com\/tr\/wp-json\/wp\/v2\/media\/2233"}],"wp:attachment":[{"href":"https:\/\/rozitogroup.com\/tr\/wp-json\/wp\/v2\/media?parent=2938"}],"wp:term":[{"taxonomy":"product_brand","embeddable":true,"href":"https:\/\/rozitogroup.com\/tr\/wp-json\/wp\/v2\/product_brand?post=2938"},{"taxonomy":"product_cat","embeddable":true,"href":"https:\/\/rozitogroup.com\/tr\/wp-json\/wp\/v2\/product_cat?post=2938"},{"taxonomy":"product_tag","embeddable":true,"href":"https:\/\/rozitogroup.com\/tr\/wp-json\/wp\/v2\/product_tag?post=2938"}],"curies":[{"name":"wp","href":"https:\/\/api.w.org\/{rel}","templated":true}]}}