{"id":2934,"date":"2024-01-04T16:41:46","date_gmt":"2024-01-04T13:11:46","guid":{"rendered":"https:\/\/rozitogroup.com\/product\/lila-kokulu-araba-spreyi\/"},"modified":"2024-01-04T16:41:46","modified_gmt":"2024-01-04T13:11:46","slug":"lila-kokulu-araba-spreyi","status":"publish","type":"product","link":"https:\/\/rozitogroup.com\/tr\/urun\/lila-kokulu-araba-spreyi\/","title":{"rendered":"Lila kokulu araba spreyi"},"content":{"rendered":"<h2>Lila kokulu araba spreyi<\/h2>\n<ul>\n<li>\n<li>8 ml<\/li>\n<li>Menek\u015fe \u00e7i\u00e7e\u011fi ile hafif ve kal\u0131c\u0131 bir kokuya sahiptir<\/li>\n<li>Y\u0131l\u0131n s\u0131cak mevsimi i\u00e7in uygundur<\/li>\n<li>Arabalar i\u00e7in uygundur<\/li>\n<\/ul>\n<p><span style=\"color: #ff9900;\"><strong>Lila Ara\u00e7 Kokusu<\/strong><\/span> Narin ve temiz leylak kokusuyla bahar\u0131n tazeli\u011fini \u00e7a\u011fr\u0131\u015ft\u0131r\u0131r. kad\u0131n parf\u00fcmleri.\u00c7ok uygundur. Kad\u0131n parf\u00fcmlerinin en pop\u00fcler bile\u015fenlerinden biridir. Lila oda spreyi kullanarak ev ortam\u0131n\u0131zda, giri\u015f kap\u0131s\u0131n\u0131 a\u00e7t\u0131\u011f\u0131n\u0131zda misafirleri memnun edecek ho\u015f bir koku yaratabilirsiniz.<\/p>\n","protected":false},"excerpt":{"rendered":"<p>Lila kokulu araba spreyi 8 ml Menek\u015fe \u00e7i\u00e7e\u011fi ile hafif ve kal\u0131c\u0131 bir kokuya sahiptir Y\u0131l\u0131n s\u0131cak mevsimi i\u00e7in uygundur Arabalar i\u00e7in uygundur Lila Ara\u00e7 Kokusu Narin ve temiz leylak kokusuyla bahar\u0131n tazeli\u011fini \u00e7a\u011fr\u0131\u015ft\u0131r\u0131r. kad\u0131n parf\u00fcmleri.\u00c7ok uygundur. Kad\u0131n parf\u00fcmlerinin en pop\u00fcler bile\u015fenlerinden biridir. Lila oda spreyi kullanarak ev ortam\u0131n\u0131zda, giri\u015f kap\u0131s\u0131n\u0131 a\u00e7t\u0131\u011f\u0131n\u0131zda misafirleri memnun edecek [&hellip;]<\/p>\n","protected":false},"featured_media":2273,"comment_status":"open","ping_status":"closed","template":"","meta":{"_acf_changed":false},"product_brand":[],"product_cat":[103,88,87,153,64,157],"product_tag":[],"class_list":{"0":"post-2934","1":"product","2":"type-product","3":"status-publish","4":"has-post-thumbnail","6":"product_cat-cicekler-ve-bitkiler","7":"product_cat-doga","8":"product_cat-koku","9":"product_cat-oda-spreyi-8-ml","10":"product_cat-oda-spreyleri","11":"product_cat-otomobil-spreyi","13":"first","14":"instock","15":"shipping-taxable","16":"product-type-simple"},"acf":[],"_links":{"self":[{"href":"https:\/\/rozitogroup.com\/tr\/wp-json\/wp\/v2\/product\/2934","targetHints":{"allow":["GET"]}}],"collection":[{"href":"https:\/\/rozitogroup.com\/tr\/wp-json\/wp\/v2\/product"}],"about":[{"href":"https:\/\/rozitogroup.com\/tr\/wp-json\/wp\/v2\/types\/product"}],"replies":[{"embeddable":true,"href":"https:\/\/rozitogroup.com\/tr\/wp-json\/wp\/v2\/comments?post=2934"}],"version-history":[{"count":0,"href":"https:\/\/rozitogroup.com\/tr\/wp-json\/wp\/v2\/product\/2934\/revisions"}],"wp:featuredmedia":[{"embeddable":true,"href":"https:\/\/rozitogroup.com\/tr\/wp-json\/wp\/v2\/media\/2273"}],"wp:attachment":[{"href":"https:\/\/rozitogroup.com\/tr\/wp-json\/wp\/v2\/media?parent=2934"}],"wp:term":[{"taxonomy":"product_brand","embeddable":true,"href":"https:\/\/rozitogroup.com\/tr\/wp-json\/wp\/v2\/product_brand?post=2934"},{"taxonomy":"product_cat","embeddable":true,"href":"https:\/\/rozitogroup.com\/tr\/wp-json\/wp\/v2\/product_cat?post=2934"},{"taxonomy":"product_tag","embeddable":true,"href":"https:\/\/rozitogroup.com\/tr\/wp-json\/wp\/v2\/product_tag?post=2934"}],"curies":[{"name":"wp","href":"https:\/\/api.w.org\/{rel}","templated":true}]}}