{"id":2930,"date":"2024-01-04T16:41:46","date_gmt":"2024-01-04T13:11:46","guid":{"rendered":"https:\/\/rozitogroup.com\/product\/lavanta-kokulu-araba-hava-spreyi\/"},"modified":"2024-01-04T16:41:46","modified_gmt":"2024-01-04T13:11:46","slug":"lavanta-kokulu-araba-hava-spreyi","status":"publish","type":"product","link":"https:\/\/rozitogroup.com\/tr\/urun\/lavanta-kokulu-araba-hava-spreyi\/","title":{"rendered":"Lavanta kokulu araba hava spreyi"},"content":{"rendered":"<h2>Lavanta kokulu araba spreyi<\/h2>\n<ul>\n<li>\n<li>8 ml<\/li>\n<li>Hafif ve tatl\u0131 bir kokusu vard\u0131r<\/li>\n<li>Arabalar i\u00e7in uygundur<\/li>\n<li>Rahatlat\u0131c\u0131 \u00f6zelliklere sahiptir<\/li>\n<li>tan\u0131d\u0131k koku<\/li>\n<\/ul>\n<p>Essence <span style=\"color: #ff9900;\"><strong>lavanta veya lavanta esansiyel ya\u011f\u0131 olan lavanta kokulu araba spreyi<\/strong><\/span>, spor kul\u00fcplerinin, otellerin, ofislerin, \u015firketlerin kokular\u0131n\u0131 gidermek i\u00e7in kullan\u0131l\u0131r , vesaire. kullan\u0131ld\u0131. Bu t\u00fcr esansiyel ya\u011flar, zihninizi ve bedeninizi sakinle\u015ftirecek \u015fekilde istedi\u011finiz ortam\u0131 kokuland\u0131rmak i\u00e7in kullanabilece\u011finiz \u00e7ok ho\u015f kokulu ve harika bitkilerden olu\u015fur. \u00c7e\u015fitli nedenlerden dolay\u0131 kayg\u0131 ve endi\u015feniz varsa lavanta kokulu Eiffel Plus koku giderici esansiyel ya\u011f\u0131 kayg\u0131 ve endi\u015felerinizi tedavi edecektir. Lavanta isminin ho\u015f aromas\u0131yla en pop\u00fcler bitkilerden biri olan \u00e7ok \u00fcnl\u00fc bir bitkinin ad\u0131 oldu\u011funu s\u00f6ylemeye gerek yok.<\/p>\n","protected":false},"excerpt":{"rendered":"<p>Lavanta kokulu araba spreyi 8 ml Hafif ve tatl\u0131 bir kokusu vard\u0131r Arabalar i\u00e7in uygundur Rahatlat\u0131c\u0131 \u00f6zelliklere sahiptir tan\u0131d\u0131k koku Essence lavanta veya lavanta esansiyel ya\u011f\u0131 olan lavanta kokulu araba spreyi, spor kul\u00fcplerinin, otellerin, ofislerin, \u015firketlerin kokular\u0131n\u0131 gidermek i\u00e7in kullan\u0131l\u0131r , vesaire. kullan\u0131ld\u0131. Bu t\u00fcr esansiyel ya\u011flar, zihninizi ve bedeninizi sakinle\u015ftirecek \u015fekilde istedi\u011finiz ortam\u0131 kokuland\u0131rmak [&hellip;]<\/p>\n","protected":false},"featured_media":2258,"comment_status":"open","ping_status":"closed","template":"","meta":{"_acf_changed":false},"product_brand":[],"product_cat":[103,87,153,64,157],"product_tag":[],"class_list":{"0":"post-2930","1":"product","2":"type-product","3":"status-publish","4":"has-post-thumbnail","6":"product_cat-cicekler-ve-bitkiler","7":"product_cat-koku","8":"product_cat-oda-spreyi-8-ml","9":"product_cat-oda-spreyleri","10":"product_cat-otomobil-spreyi","12":"first","13":"instock","14":"shipping-taxable","15":"product-type-simple"},"acf":[],"_links":{"self":[{"href":"https:\/\/rozitogroup.com\/tr\/wp-json\/wp\/v2\/product\/2930","targetHints":{"allow":["GET"]}}],"collection":[{"href":"https:\/\/rozitogroup.com\/tr\/wp-json\/wp\/v2\/product"}],"about":[{"href":"https:\/\/rozitogroup.com\/tr\/wp-json\/wp\/v2\/types\/product"}],"replies":[{"embeddable":true,"href":"https:\/\/rozitogroup.com\/tr\/wp-json\/wp\/v2\/comments?post=2930"}],"version-history":[{"count":0,"href":"https:\/\/rozitogroup.com\/tr\/wp-json\/wp\/v2\/product\/2930\/revisions"}],"wp:featuredmedia":[{"embeddable":true,"href":"https:\/\/rozitogroup.com\/tr\/wp-json\/wp\/v2\/media\/2258"}],"wp:attachment":[{"href":"https:\/\/rozitogroup.com\/tr\/wp-json\/wp\/v2\/media?parent=2930"}],"wp:term":[{"taxonomy":"product_brand","embeddable":true,"href":"https:\/\/rozitogroup.com\/tr\/wp-json\/wp\/v2\/product_brand?post=2930"},{"taxonomy":"product_cat","embeddable":true,"href":"https:\/\/rozitogroup.com\/tr\/wp-json\/wp\/v2\/product_cat?post=2930"},{"taxonomy":"product_tag","embeddable":true,"href":"https:\/\/rozitogroup.com\/tr\/wp-json\/wp\/v2\/product_tag?post=2930"}],"curies":[{"name":"wp","href":"https:\/\/api.w.org\/{rel}","templated":true}]}}