{"id":2925,"date":"2024-01-04T16:41:46","date_gmt":"2024-01-04T13:11:46","guid":{"rendered":"https:\/\/rozitogroup.com\/product\/vanilya-kokulu-araba-spreyi\/"},"modified":"2024-01-04T16:41:46","modified_gmt":"2024-01-04T13:11:46","slug":"vanilya-kokulu-araba-spreyi","status":"publish","type":"product","link":"https:\/\/rozitogroup.com\/tr\/urun\/vanilya-kokulu-araba-spreyi\/","title":{"rendered":"Vanilya kokulu araba spreyi"},"content":{"rendered":"<h2>Vanilya kokulu araba hava spreyi<\/h2>\n<ul>\n<li>\n<li>8 ml<\/li>\n<li>Tatl\u0131 ve s\u0131cak bir aromas\u0131 vard\u0131r<\/li>\n<li>Araba hava spreyi ile kullan\u0131labilir<\/li>\n<li>Arabalar i\u00e7in uygundur<\/li>\n<\/ul>\n<p>Essence <strong>vanilya kokulu araba hava spreyi<\/strong> yenilebilir esansiyel ya\u011flar grubuna dahil olup, vanilya kek ve tatl\u0131lar\u0131n haz\u0131rlanmas\u0131nda kullan\u0131lan malzemelerden biri oldu\u011fundan bu esansiyel ya\u011fda bolca kullan\u0131l\u0131r. F\u0131r\u0131nc\u0131l\u0131k ve kek end\u00fcstrisinde ve t\u00fcm pasta ve pastanelerde, g\u0131da ma\u011fazalar\u0131nda, restoran ve otellerde verimli bir \u015fekilde kullan\u0131lmaktad\u0131r.Ayr\u0131ca vanilya esans\u0131 sat\u0131n al\u0131narak bu kokunun \u015firketlerde ve \u00f6zellikle y\u00f6netici ofislerinde kullan\u0131lmas\u0131 \u00e7ok uygundur. <\/p>\n<p><strong><\/strong><\/p>\n","protected":false},"excerpt":{"rendered":"<p>Vanilya kokulu araba hava spreyi 8 ml Tatl\u0131 ve s\u0131cak bir aromas\u0131 vard\u0131r Araba hava spreyi ile kullan\u0131labilir Arabalar i\u00e7in uygundur Essence vanilya kokulu araba hava spreyi yenilebilir esansiyel ya\u011flar grubuna dahil olup, vanilya kek ve tatl\u0131lar\u0131n haz\u0131rlanmas\u0131nda kullan\u0131lan malzemelerden biri oldu\u011fundan bu esansiyel ya\u011fda bolca kullan\u0131l\u0131r. F\u0131r\u0131nc\u0131l\u0131k ve kek end\u00fcstrisinde ve t\u00fcm pasta ve [&hellip;]<\/p>\n","protected":false},"featured_media":2338,"comment_status":"open","ping_status":"closed","template":"","meta":{"_acf_changed":false},"product_brand":[],"product_cat":[103,87,153,64,157],"product_tag":[],"class_list":{"0":"post-2925","1":"product","2":"type-product","3":"status-publish","4":"has-post-thumbnail","6":"product_cat-cicekler-ve-bitkiler","7":"product_cat-koku","8":"product_cat-oda-spreyi-8-ml","9":"product_cat-oda-spreyleri","10":"product_cat-otomobil-spreyi","12":"first","13":"instock","14":"shipping-taxable","15":"product-type-simple"},"acf":[],"_links":{"self":[{"href":"https:\/\/rozitogroup.com\/tr\/wp-json\/wp\/v2\/product\/2925","targetHints":{"allow":["GET"]}}],"collection":[{"href":"https:\/\/rozitogroup.com\/tr\/wp-json\/wp\/v2\/product"}],"about":[{"href":"https:\/\/rozitogroup.com\/tr\/wp-json\/wp\/v2\/types\/product"}],"replies":[{"embeddable":true,"href":"https:\/\/rozitogroup.com\/tr\/wp-json\/wp\/v2\/comments?post=2925"}],"version-history":[{"count":0,"href":"https:\/\/rozitogroup.com\/tr\/wp-json\/wp\/v2\/product\/2925\/revisions"}],"wp:featuredmedia":[{"embeddable":true,"href":"https:\/\/rozitogroup.com\/tr\/wp-json\/wp\/v2\/media\/2338"}],"wp:attachment":[{"href":"https:\/\/rozitogroup.com\/tr\/wp-json\/wp\/v2\/media?parent=2925"}],"wp:term":[{"taxonomy":"product_brand","embeddable":true,"href":"https:\/\/rozitogroup.com\/tr\/wp-json\/wp\/v2\/product_brand?post=2925"},{"taxonomy":"product_cat","embeddable":true,"href":"https:\/\/rozitogroup.com\/tr\/wp-json\/wp\/v2\/product_cat?post=2925"},{"taxonomy":"product_tag","embeddable":true,"href":"https:\/\/rozitogroup.com\/tr\/wp-json\/wp\/v2\/product_tag?post=2925"}],"curies":[{"name":"wp","href":"https:\/\/api.w.org\/{rel}","templated":true}]}}