{"id":2922,"date":"2024-01-04T16:41:46","date_gmt":"2024-01-04T13:11:46","guid":{"rendered":"https:\/\/rozitogroup.com\/product\/kahve-kokulu-araba-hava-spreyi\/"},"modified":"2024-01-04T16:41:46","modified_gmt":"2024-01-04T13:11:46","slug":"kahve-kokulu-araba-hava-spreyi","status":"publish","type":"product","link":"https:\/\/rozitogroup.com\/tr\/urun\/kahve-kokulu-araba-hava-spreyi\/","title":{"rendered":"Kahve kokulu araba hava spreyi"},"content":{"rendered":"<h2>Kahve aromal\u0131 araba hava spreyi<\/h2>\n<ul>\n<li>\n<li>8 ml<\/li>\n<li>Yeterince alkol bazl\u0131 koku<\/li>\n<li>Rahatlat\u0131c\u0131 bir aromas\u0131 vard\u0131r<\/li>\n<li>Arabalar i\u00e7in uygundur<\/li>\n<\/ul>\n<p>Essence <span style=\"color: #ff9900;\"><strong>Kahve kokulu araba hava spreyi<\/strong><\/span> Kahve, sevdi\u011finiz ve ho\u015f bir etki yaratmak i\u00e7in koklad\u0131\u011f\u0131n\u0131z harika bir kokudur. Ve bunu kendiniz de hissedebilece\u011finiz bu koku, insana varolu\u015fta huzur ve mutluluk vaat eden, \u00e7ok eskiden beri insanlar\u0131n ilk tercihleri \u200b\u200baras\u0131nda yer alan ve her zevke uygun olan, parf\u00fcmlerde az say\u0131da bulunan bir kokudur. B\u00f6yle bir avantaja sahip bir d\u00fcnya.p><\/p>\n<p>Var oldu\u011funuz s\u00fcrece d\u00fcnyada bu enfes kokuyu koklamaktan keyif almayan kimseyi bulamazs\u0131n\u0131z. Oda Spreyi Esansiyel Ya\u011f\u0131, havada \u00e7ok uzun s\u00fcre kalan, rahatlat\u0131c\u0131 bir kokudur.<\/p>\n<p>Neyse ki insanlarda herhangi bir alerjiye neden olmuyor ve bu esansiyel ya\u011f\u0131n en yayg\u0131n kullan\u0131m alan\u0131 kafeler, restoranlar, yemek alanlar\u0131, oteller, ofis ve ticari merkezler ile g\u00fczellik ve kozmetik merkezleridir.<\/p>\n<p> p><\/p>\n","protected":false},"excerpt":{"rendered":"<p>Kahve aromal\u0131 araba hava spreyi 8 ml Yeterince alkol bazl\u0131 koku Rahatlat\u0131c\u0131 bir aromas\u0131 vard\u0131r Arabalar i\u00e7in uygundur Essence Kahve kokulu araba hava spreyi Kahve, sevdi\u011finiz ve ho\u015f bir etki yaratmak i\u00e7in koklad\u0131\u011f\u0131n\u0131z harika bir kokudur. Ve bunu kendiniz de hissedebilece\u011finiz bu koku, insana varolu\u015fta huzur ve mutluluk vaat eden, \u00e7ok eskiden beri insanlar\u0131n ilk [&hellip;]<\/p>\n","protected":false},"featured_media":2218,"comment_status":"open","ping_status":"closed","template":"","meta":{"_acf_changed":false},"product_brand":[],"product_cat":[95,87,153,64,157],"product_tag":[],"class_list":{"0":"post-2922","1":"product","2":"type-product","3":"status-publish","4":"has-post-thumbnail","6":"product_cat-fantezi","7":"product_cat-koku","8":"product_cat-oda-spreyi-8-ml","9":"product_cat-oda-spreyleri","10":"product_cat-otomobil-spreyi","12":"first","13":"instock","14":"shipping-taxable","15":"product-type-simple"},"acf":[],"_links":{"self":[{"href":"https:\/\/rozitogroup.com\/tr\/wp-json\/wp\/v2\/product\/2922","targetHints":{"allow":["GET"]}}],"collection":[{"href":"https:\/\/rozitogroup.com\/tr\/wp-json\/wp\/v2\/product"}],"about":[{"href":"https:\/\/rozitogroup.com\/tr\/wp-json\/wp\/v2\/types\/product"}],"replies":[{"embeddable":true,"href":"https:\/\/rozitogroup.com\/tr\/wp-json\/wp\/v2\/comments?post=2922"}],"version-history":[{"count":0,"href":"https:\/\/rozitogroup.com\/tr\/wp-json\/wp\/v2\/product\/2922\/revisions"}],"wp:featuredmedia":[{"embeddable":true,"href":"https:\/\/rozitogroup.com\/tr\/wp-json\/wp\/v2\/media\/2218"}],"wp:attachment":[{"href":"https:\/\/rozitogroup.com\/tr\/wp-json\/wp\/v2\/media?parent=2922"}],"wp:term":[{"taxonomy":"product_brand","embeddable":true,"href":"https:\/\/rozitogroup.com\/tr\/wp-json\/wp\/v2\/product_brand?post=2922"},{"taxonomy":"product_cat","embeddable":true,"href":"https:\/\/rozitogroup.com\/tr\/wp-json\/wp\/v2\/product_cat?post=2922"},{"taxonomy":"product_tag","embeddable":true,"href":"https:\/\/rozitogroup.com\/tr\/wp-json\/wp\/v2\/product_tag?post=2922"}],"curies":[{"name":"wp","href":"https:\/\/api.w.org\/{rel}","templated":true}]}}