{"id":2917,"date":"2024-01-04T16:41:47","date_gmt":"2024-01-04T13:11:47","guid":{"rendered":"https:\/\/rozitogroup.com\/product\/mango-kokulu-araba-spreyi\/"},"modified":"2024-01-04T16:41:47","modified_gmt":"2024-01-04T13:11:47","slug":"mango-kokulu-araba-spreyi","status":"publish","type":"product","link":"https:\/\/rozitogroup.com\/tr\/urun\/mango-kokulu-araba-spreyi\/","title":{"rendered":"Mango kokulu araba spreyi"},"content":{"rendered":"<h2>mango kokulu araba spreyi<\/h2>\n<ul>\n<li>\n<li>8 ml<\/li>\n<li>Manab Khoro<\/li>\n<li>Mango koku giderici esansiyel ya\u011f\u0131, havay\u0131 tazelemek ve ortam\u0131 dezenfekte etmek i\u00e7in uygun bir se\u00e7enek olarak kabul edilir, buna ek olarak havadaki koku giderici koku, canland\u0131r\u0131c\u0131 ve aromaterapi \u00f6zelliklerini ve g\u00fcc\u00fcn\u00fc artt\u0131r\u0131r ve spor ve yoga, partilerde kullan\u0131m gibi \u00f6zellikleri vard\u0131r. Her zevke uygun olarak tuvaletlerden, \u00e7\u00f6p kutular\u0131ndan, mutfaklardan, halka a\u00e7\u0131k alanlardan ve koridorlardan gelen ho\u015f olmayan kokular\u0131 giderebilir.<\/li>\n<\/ul>\n","protected":false},"excerpt":{"rendered":"<p>mango kokulu araba spreyi 8 ml Manab Khoro Mango koku giderici esansiyel ya\u011f\u0131, havay\u0131 tazelemek ve ortam\u0131 dezenfekte etmek i\u00e7in uygun bir se\u00e7enek olarak kabul edilir, buna ek olarak havadaki koku giderici koku, canland\u0131r\u0131c\u0131 ve aromaterapi \u00f6zelliklerini ve g\u00fcc\u00fcn\u00fc artt\u0131r\u0131r ve spor ve yoga, partilerde kullan\u0131m gibi \u00f6zellikleri vard\u0131r. Her zevke uygun olarak tuvaletlerden, \u00e7\u00f6p [&hellip;]<\/p>\n","protected":false},"featured_media":2283,"comment_status":"open","ping_status":"closed","template":"","meta":{"_acf_changed":false},"product_brand":[],"product_cat":[87,96,153,64,157],"product_tag":[],"class_list":{"0":"post-2917","1":"product","2":"type-product","3":"status-publish","4":"has-post-thumbnail","6":"product_cat-koku","7":"product_cat-meyve","8":"product_cat-oda-spreyi-8-ml","9":"product_cat-oda-spreyleri","10":"product_cat-otomobil-spreyi","12":"first","13":"instock","14":"shipping-taxable","15":"product-type-simple"},"acf":[],"_links":{"self":[{"href":"https:\/\/rozitogroup.com\/tr\/wp-json\/wp\/v2\/product\/2917","targetHints":{"allow":["GET"]}}],"collection":[{"href":"https:\/\/rozitogroup.com\/tr\/wp-json\/wp\/v2\/product"}],"about":[{"href":"https:\/\/rozitogroup.com\/tr\/wp-json\/wp\/v2\/types\/product"}],"replies":[{"embeddable":true,"href":"https:\/\/rozitogroup.com\/tr\/wp-json\/wp\/v2\/comments?post=2917"}],"version-history":[{"count":0,"href":"https:\/\/rozitogroup.com\/tr\/wp-json\/wp\/v2\/product\/2917\/revisions"}],"wp:featuredmedia":[{"embeddable":true,"href":"https:\/\/rozitogroup.com\/tr\/wp-json\/wp\/v2\/media\/2283"}],"wp:attachment":[{"href":"https:\/\/rozitogroup.com\/tr\/wp-json\/wp\/v2\/media?parent=2917"}],"wp:term":[{"taxonomy":"product_brand","embeddable":true,"href":"https:\/\/rozitogroup.com\/tr\/wp-json\/wp\/v2\/product_brand?post=2917"},{"taxonomy":"product_cat","embeddable":true,"href":"https:\/\/rozitogroup.com\/tr\/wp-json\/wp\/v2\/product_cat?post=2917"},{"taxonomy":"product_tag","embeddable":true,"href":"https:\/\/rozitogroup.com\/tr\/wp-json\/wp\/v2\/product_tag?post=2917"}],"curies":[{"name":"wp","href":"https:\/\/api.w.org\/{rel}","templated":true}]}}