{"id":2913,"date":"2024-01-04T16:41:47","date_gmt":"2024-01-04T13:11:47","guid":{"rendered":"https:\/\/rozitogroup.com\/product\/akasya-cicegi-kokulu-araba-spreyi\/"},"modified":"2024-01-04T16:41:47","modified_gmt":"2024-01-04T13:11:47","slug":"akasya-cicegi-kokulu-araba-spreyi","status":"publish","type":"product","link":"https:\/\/rozitogroup.com\/tr\/urun\/akasya-cicegi-kokulu-araba-spreyi\/","title":{"rendered":"Akasya \u00e7i\u00e7e\u011fi kokulu araba spreyi"},"content":{"rendered":"<h2>Akasya \u00e7i\u00e7e\u011fi kokulu araba spreyi<\/h2>\n<ul>\n<li>\n<li>8 ml<\/li>\n<li>\u00c7i\u00e7ek ve aromatik bitki kokusuna sahiptir<\/li>\n<li>Arabalar i\u00e7in uygundur<\/li>\n<li>Rahatlat\u0131c\u0131, canland\u0131r\u0131c\u0131<\/li>\n<\/ul>\n<p>Koku <a href=\"https:\/\/rozitogroup.com\/product-category\/%d8%ae%d9%88%d8%b4%d8%a8%d9%88%da%a9%d9%86% d9%86%d8%af%d9%87-%d9%87%d8%a7\/\"><span style=\"color: #ff6600;\"><strong>koku<\/strong><\/span><\/ a > Akasya \u00e7i\u00e7e\u011fi ho\u015f bir kokuya sahiptir ve oda, \u00e7al\u0131\u015fma ortam\u0131, otel, resepsiyon, konferans salonu vb. yerlerde parf\u00fcm yapmak ve rahatlat\u0131c\u0131 bir atmosfer yaratmak i\u00e7in uygundur. Evi kendinize \u00f6zel kokunuzla s\u00fcsleyebilir, sevdiklerinize huzur dolu bir atmosfer yaratabilirsiniz.<\/p>\n","protected":false},"excerpt":{"rendered":"<p>Akasya \u00e7i\u00e7e\u011fi kokulu araba spreyi 8 ml \u00c7i\u00e7ek ve aromatik bitki kokusuna sahiptir Arabalar i\u00e7in uygundur Rahatlat\u0131c\u0131, canland\u0131r\u0131c\u0131 Koku koku Akasya \u00e7i\u00e7e\u011fi ho\u015f bir kokuya sahiptir ve oda, \u00e7al\u0131\u015fma ortam\u0131, otel, resepsiyon, konferans salonu vb. yerlerde parf\u00fcm yapmak ve rahatlat\u0131c\u0131 bir atmosfer yaratmak i\u00e7in uygundur. Evi kendinize \u00f6zel kokunuzla s\u00fcsleyebilir, sevdiklerinize huzur dolu bir atmosfer [&hellip;]<\/p>\n","protected":false},"featured_media":2168,"comment_status":"open","ping_status":"closed","template":"","meta":{"_acf_changed":false},"product_brand":[],"product_cat":[103,87,153,64,157],"product_tag":[],"class_list":{"0":"post-2913","1":"product","2":"type-product","3":"status-publish","4":"has-post-thumbnail","6":"product_cat-cicekler-ve-bitkiler","7":"product_cat-koku","8":"product_cat-oda-spreyi-8-ml","9":"product_cat-oda-spreyleri","10":"product_cat-otomobil-spreyi","12":"first","13":"instock","14":"shipping-taxable","15":"product-type-simple"},"acf":[],"_links":{"self":[{"href":"https:\/\/rozitogroup.com\/tr\/wp-json\/wp\/v2\/product\/2913","targetHints":{"allow":["GET"]}}],"collection":[{"href":"https:\/\/rozitogroup.com\/tr\/wp-json\/wp\/v2\/product"}],"about":[{"href":"https:\/\/rozitogroup.com\/tr\/wp-json\/wp\/v2\/types\/product"}],"replies":[{"embeddable":true,"href":"https:\/\/rozitogroup.com\/tr\/wp-json\/wp\/v2\/comments?post=2913"}],"version-history":[{"count":0,"href":"https:\/\/rozitogroup.com\/tr\/wp-json\/wp\/v2\/product\/2913\/revisions"}],"wp:featuredmedia":[{"embeddable":true,"href":"https:\/\/rozitogroup.com\/tr\/wp-json\/wp\/v2\/media\/2168"}],"wp:attachment":[{"href":"https:\/\/rozitogroup.com\/tr\/wp-json\/wp\/v2\/media?parent=2913"}],"wp:term":[{"taxonomy":"product_brand","embeddable":true,"href":"https:\/\/rozitogroup.com\/tr\/wp-json\/wp\/v2\/product_brand?post=2913"},{"taxonomy":"product_cat","embeddable":true,"href":"https:\/\/rozitogroup.com\/tr\/wp-json\/wp\/v2\/product_cat?post=2913"},{"taxonomy":"product_tag","embeddable":true,"href":"https:\/\/rozitogroup.com\/tr\/wp-json\/wp\/v2\/product_tag?post=2913"}],"curies":[{"name":"wp","href":"https:\/\/api.w.org\/{rel}","templated":true}]}}