{"id":2912,"date":"2024-01-04T16:41:47","date_gmt":"2024-01-04T13:11:47","guid":{"rendered":"https:\/\/rozitogroup.com\/product\/buzlu-su-kokulu-araba-spreyi\/"},"modified":"2024-01-04T16:41:47","modified_gmt":"2024-01-04T13:11:47","slug":"buzlu-su-kokulu-araba-spreyi","status":"publish","type":"product","link":"https:\/\/rozitogroup.com\/tr\/urun\/buzlu-su-kokulu-araba-spreyi\/","title":{"rendered":"Buzlu su kokulu araba spreyi"},"content":{"rendered":"<h2>Buzlu su kokulu araba spreyi<\/h2>\n<ul>\n<li>\n<li>8 ml<\/li>\n<li>Serin ve kal\u0131c\u0131 bir kokusu vard\u0131r<\/li>\n<li>Y\u0131l\u0131n s\u0131cak mevsimi i\u00e7in uygundur<\/li>\n<li>Spor salonlar\u0131 ve spor kul\u00fcpleri i\u00e7in uygundur<\/li>\n<\/ul>\n<p><a href=\"https:\/\/eyfelplus.com\/product-category\/%d8%ae%d9%88%d8%b4%d8%a8%d9%88%da%a9%d9%86%d9 %86%d8%af%d9%87-%d9%87%d8%a7\/\" target=\"_blank\" rel=\"noopener\"><strong>araba spreyi<\/strong><\/a> Serin ve hafif kokulu So\u011fuk Su, tazelik hissi verir ve \u00e7evreye canl\u0131l\u0131k getirir. Bu esansiyel ya\u011f, s\u0131cak mevsimlerde kullan\u0131ma olduk\u00e7a uygundur ve bir\u00e7ok ortamda kullan\u0131labilir.<\/p>\n","protected":false},"excerpt":{"rendered":"<p>Buzlu su kokulu araba spreyi 8 ml Serin ve kal\u0131c\u0131 bir kokusu vard\u0131r Y\u0131l\u0131n s\u0131cak mevsimi i\u00e7in uygundur Spor salonlar\u0131 ve spor kul\u00fcpleri i\u00e7in uygundur araba spreyi Serin ve hafif kokulu So\u011fuk Su, tazelik hissi verir ve \u00e7evreye canl\u0131l\u0131k getirir. Bu esansiyel ya\u011f, s\u0131cak mevsimlerde kullan\u0131ma olduk\u00e7a uygundur ve bir\u00e7ok ortamda kullan\u0131labilir.<\/p>\n","protected":false},"featured_media":2223,"comment_status":"open","ping_status":"closed","template":"","meta":{"_acf_changed":false},"product_brand":[],"product_cat":[88,95,87,153,64,157],"product_tag":[],"class_list":{"0":"post-2912","1":"product","2":"type-product","3":"status-publish","4":"has-post-thumbnail","6":"product_cat-doga","7":"product_cat-fantezi","8":"product_cat-koku","9":"product_cat-oda-spreyi-8-ml","10":"product_cat-oda-spreyleri","11":"product_cat-otomobil-spreyi","13":"first","14":"instock","15":"shipping-taxable","16":"product-type-simple"},"acf":[],"_links":{"self":[{"href":"https:\/\/rozitogroup.com\/tr\/wp-json\/wp\/v2\/product\/2912","targetHints":{"allow":["GET"]}}],"collection":[{"href":"https:\/\/rozitogroup.com\/tr\/wp-json\/wp\/v2\/product"}],"about":[{"href":"https:\/\/rozitogroup.com\/tr\/wp-json\/wp\/v2\/types\/product"}],"replies":[{"embeddable":true,"href":"https:\/\/rozitogroup.com\/tr\/wp-json\/wp\/v2\/comments?post=2912"}],"version-history":[{"count":0,"href":"https:\/\/rozitogroup.com\/tr\/wp-json\/wp\/v2\/product\/2912\/revisions"}],"wp:featuredmedia":[{"embeddable":true,"href":"https:\/\/rozitogroup.com\/tr\/wp-json\/wp\/v2\/media\/2223"}],"wp:attachment":[{"href":"https:\/\/rozitogroup.com\/tr\/wp-json\/wp\/v2\/media?parent=2912"}],"wp:term":[{"taxonomy":"product_brand","embeddable":true,"href":"https:\/\/rozitogroup.com\/tr\/wp-json\/wp\/v2\/product_brand?post=2912"},{"taxonomy":"product_cat","embeddable":true,"href":"https:\/\/rozitogroup.com\/tr\/wp-json\/wp\/v2\/product_cat?post=2912"},{"taxonomy":"product_tag","embeddable":true,"href":"https:\/\/rozitogroup.com\/tr\/wp-json\/wp\/v2\/product_tag?post=2912"}],"curies":[{"name":"wp","href":"https:\/\/api.w.org\/{rel}","templated":true}]}}