{"id":2906,"date":"2024-01-04T16:41:47","date_gmt":"2024-01-04T13:11:47","guid":{"rendered":"https:\/\/rozitogroup.com\/product\/egzotik-kokulu-araba-spreyi\/"},"modified":"2024-01-04T16:41:47","modified_gmt":"2024-01-04T13:11:47","slug":"egzotik-kokulu-araba-spreyi","status":"publish","type":"product","link":"https:\/\/rozitogroup.com\/tr\/urun\/egzotik-kokulu-araba-spreyi\/","title":{"rendered":"Egzotik kokulu araba spreyi"},"content":{"rendered":"<h2>Egzotik kokulu araba spreyi<\/h2>\n<ul>\n<li>\n<li>8 ml<\/li>\n<li>Ola\u011fan\u00fcst\u00fc koku ve kadifemsi koku<\/li>\n<li>Arabalar i\u00e7in uygundur<\/li>\n<\/ul>\n<p>Egzotik kokulu, tuhaf kokulu ve kadifemsi kokusuyla ya\u015fam alan\u0131n\u0131z\u0131 \u0131s\u0131tan Rozito araba spreyi. Bu <span style=\"color: #ff9900;\"><a style=\"color: #ff9900;\"'de sedir ve hurma a\u011fac\u0131 aromalar\u0131 ile \u00e7e\u015fitli baharatlar\u0131n ve ye\u015fil otlar\u0131n s\u0131cak aromas\u0131 bir araya geliyor. href=\"https:\/\/rozitogroup.com\/product-category\/%d8%ae%d9%88%d8%b4%d8%a8%d9%88%da%a9%d9%86%d9%86%d8% af%d9%87-%d9%87%d8%a7\/\"><strong>Koku<\/strong> <\/a><\/span>birle\u015ftirildi! \u00c7al\u0131\u015fma ortam\u0131, ev, apartman, ofis, \u015firket, yatak odas\u0131, oturma odas\u0131 ve ortam\u0131n di\u011fer k\u0131s\u0131mlar\u0131ndaki kokular\u0131 gidermesinin yan\u0131 s\u0131ra sigara, nem, kirlilik, kanalizasyon vb. nedenlerden kaynaklanan ho\u015f olmayan kokular\u0131n hissedilmemesini sa\u011flar. <\/p>\n","protected":false},"excerpt":{"rendered":"<p>Egzotik kokulu araba spreyi 8 ml Ola\u011fan\u00fcst\u00fc koku ve kadifemsi koku Arabalar i\u00e7in uygundur Egzotik kokulu, tuhaf kokulu ve kadifemsi kokusuyla ya\u015fam alan\u0131n\u0131z\u0131 \u0131s\u0131tan Rozito araba spreyi. Bu<\/p>\n","protected":false},"featured_media":2228,"comment_status":"open","ping_status":"closed","template":"","meta":{"_acf_changed":false},"product_brand":[],"product_cat":[95,87,153,64,157],"product_tag":[],"class_list":{"0":"post-2906","1":"product","2":"type-product","3":"status-publish","4":"has-post-thumbnail","6":"product_cat-fantezi","7":"product_cat-koku","8":"product_cat-oda-spreyi-8-ml","9":"product_cat-oda-spreyleri","10":"product_cat-otomobil-spreyi","12":"first","13":"instock","14":"shipping-taxable","15":"product-type-simple"},"acf":[],"_links":{"self":[{"href":"https:\/\/rozitogroup.com\/tr\/wp-json\/wp\/v2\/product\/2906","targetHints":{"allow":["GET"]}}],"collection":[{"href":"https:\/\/rozitogroup.com\/tr\/wp-json\/wp\/v2\/product"}],"about":[{"href":"https:\/\/rozitogroup.com\/tr\/wp-json\/wp\/v2\/types\/product"}],"replies":[{"embeddable":true,"href":"https:\/\/rozitogroup.com\/tr\/wp-json\/wp\/v2\/comments?post=2906"}],"version-history":[{"count":0,"href":"https:\/\/rozitogroup.com\/tr\/wp-json\/wp\/v2\/product\/2906\/revisions"}],"wp:featuredmedia":[{"embeddable":true,"href":"https:\/\/rozitogroup.com\/tr\/wp-json\/wp\/v2\/media\/2228"}],"wp:attachment":[{"href":"https:\/\/rozitogroup.com\/tr\/wp-json\/wp\/v2\/media?parent=2906"}],"wp:term":[{"taxonomy":"product_brand","embeddable":true,"href":"https:\/\/rozitogroup.com\/tr\/wp-json\/wp\/v2\/product_brand?post=2906"},{"taxonomy":"product_cat","embeddable":true,"href":"https:\/\/rozitogroup.com\/tr\/wp-json\/wp\/v2\/product_cat?post=2906"},{"taxonomy":"product_tag","embeddable":true,"href":"https:\/\/rozitogroup.com\/tr\/wp-json\/wp\/v2\/product_tag?post=2906"}],"curies":[{"name":"wp","href":"https:\/\/api.w.org\/{rel}","templated":true}]}}