{"id":2904,"date":"2024-01-04T16:41:47","date_gmt":"2024-01-04T13:11:47","guid":{"rendered":"https:\/\/rozitogroup.com\/product\/limon-kokulu-araba-spreyi-2\/"},"modified":"2024-01-04T16:41:47","modified_gmt":"2024-01-04T13:11:47","slug":"limon-kokulu-araba-spreyi-2","status":"publish","type":"product","link":"https:\/\/rozitogroup.com\/tr\/urun\/limon-kokulu-araba-spreyi-2\/","title":{"rendered":"Limon kokulu araba spreyi"},"content":{"rendered":"<h2>Limon kokulu araba spreyi<\/h2>\n<ul>\n<li>\n<li>100 ml esansiyel ya\u011f<\/li>\n<li>Ho\u015f bir limon kokusuna sahiptir<\/li>\n<li>Ortamda canl\u0131l\u0131k ve tazelik yaratmak i\u00e7in kullan\u0131l\u0131r<\/li>\n<li>Arabalar i\u00e7in uygundur<\/li>\n<\/ul>\n<p><strong>limon kokulu araba spreyi<\/strong>, enerjiyi art\u0131ran \u00e7ekici bir limon kokusuna sahiptir. \u0130nsanlarda uyan\u0131kl\u0131k ve konsantrasyonun yan\u0131 s\u0131ra canl\u0131l\u0131k ve mutluluk d\u00fczeyini de art\u0131ran limon kokusu.<\/p>\n<p><strong>Limonlu araba hava spreyi<\/strong> farkl\u0131 ortamlarda kullan\u0131labilir. Limonun ho\u015f ve aromatik kokusu onun farkl\u0131 ortamlarda kullan\u0131lmas\u0131n\u0131 sa\u011flam\u0131\u015ft\u0131r. Limonun harika, ho\u015f ve meyveli kokusu, ortama tazelik ve mutluluk getiren en pop\u00fcler kokulardan biridir.<\/p>\n<p>Dolay\u0131s\u0131yla bu koku evden i\u015fe ve di\u011fer alanlara kadar farkl\u0131 ortamlarda kullan\u0131labilir<\/p>\n","protected":false},"excerpt":{"rendered":"<p>Limon kokulu araba spreyi 100 ml esansiyel ya\u011f Ho\u015f bir limon kokusuna sahiptir Ortamda canl\u0131l\u0131k ve tazelik yaratmak i\u00e7in kullan\u0131l\u0131r Arabalar i\u00e7in uygundur limon kokulu araba spreyi, enerjiyi art\u0131ran \u00e7ekici bir limon kokusuna sahiptir. \u0130nsanlarda uyan\u0131kl\u0131k ve konsantrasyonun yan\u0131 s\u0131ra canl\u0131l\u0131k ve mutluluk d\u00fczeyini de art\u0131ran limon kokusu. Limonlu araba hava spreyi farkl\u0131 ortamlarda kullan\u0131labilir. [&hellip;]<\/p>\n","protected":false},"featured_media":2268,"comment_status":"open","ping_status":"closed","template":"","meta":{"_acf_changed":false},"product_brand":[],"product_cat":[87,96,153,64,157],"product_tag":[],"class_list":{"0":"post-2904","1":"product","2":"type-product","3":"status-publish","4":"has-post-thumbnail","6":"product_cat-koku","7":"product_cat-meyve","8":"product_cat-oda-spreyi-8-ml","9":"product_cat-oda-spreyleri","10":"product_cat-otomobil-spreyi","12":"first","13":"instock","14":"shipping-taxable","15":"product-type-simple"},"acf":[],"_links":{"self":[{"href":"https:\/\/rozitogroup.com\/tr\/wp-json\/wp\/v2\/product\/2904","targetHints":{"allow":["GET"]}}],"collection":[{"href":"https:\/\/rozitogroup.com\/tr\/wp-json\/wp\/v2\/product"}],"about":[{"href":"https:\/\/rozitogroup.com\/tr\/wp-json\/wp\/v2\/types\/product"}],"replies":[{"embeddable":true,"href":"https:\/\/rozitogroup.com\/tr\/wp-json\/wp\/v2\/comments?post=2904"}],"version-history":[{"count":0,"href":"https:\/\/rozitogroup.com\/tr\/wp-json\/wp\/v2\/product\/2904\/revisions"}],"wp:featuredmedia":[{"embeddable":true,"href":"https:\/\/rozitogroup.com\/tr\/wp-json\/wp\/v2\/media\/2268"}],"wp:attachment":[{"href":"https:\/\/rozitogroup.com\/tr\/wp-json\/wp\/v2\/media?parent=2904"}],"wp:term":[{"taxonomy":"product_brand","embeddable":true,"href":"https:\/\/rozitogroup.com\/tr\/wp-json\/wp\/v2\/product_brand?post=2904"},{"taxonomy":"product_cat","embeddable":true,"href":"https:\/\/rozitogroup.com\/tr\/wp-json\/wp\/v2\/product_cat?post=2904"},{"taxonomy":"product_tag","embeddable":true,"href":"https:\/\/rozitogroup.com\/tr\/wp-json\/wp\/v2\/product_tag?post=2904"}],"curies":[{"name":"wp","href":"https:\/\/api.w.org\/{rel}","templated":true}]}}