{"id":2898,"date":"2024-01-04T16:41:47","date_gmt":"2024-01-04T13:11:47","guid":{"rendered":"https:\/\/rozitogroup.com\/product\/lilium-kokulu-araba-hava-spreyi\/"},"modified":"2024-01-04T16:41:47","modified_gmt":"2024-01-04T13:11:47","slug":"lilium-kokulu-araba-hava-spreyi","status":"publish","type":"product","link":"https:\/\/rozitogroup.com\/tr\/urun\/lilium-kokulu-araba-hava-spreyi\/","title":{"rendered":"Lilium kokulu araba hava spreyi"},"content":{"rendered":"<h2>Zambak kokulu araba spreyi<\/h2>\n<ul>\n<li>\n<li>8 ml<\/li>\n<li>Hafif ve tatl\u0131 bir kokusu vard\u0131r<\/li>\n<li>Arabalar i\u00e7in uygundur<\/li>\n<li>Rahatlat\u0131c\u0131 \u00f6zelliklere sahiptir<\/li>\n<li>tan\u0131d\u0131k koku<\/li>\n<\/ul>\n<p> Spor kul\u00fcpleri, oteller, ofisler, \u015firketler vb. kokular\u0131n giderilmesine y\u00f6nelik, zambak \u00f6z\u00fc olan zambak kokulu ara\u00e7 hava spreyi. kullan\u0131l\u0131r.<\/p>\n<p>Bu t\u00fcr esansiyel ya\u011f, zihninizi ve bedeninizi sakinle\u015ftirecek \u015fekilde istedi\u011finiz ortam\u0131 kokuland\u0131rmak i\u00e7in kullanabilece\u011finiz lilyum esansiyel ya\u011f\u0131ndan olu\u015fur. bir<\/p>\n<p>\u00c7e\u015fitli nedenlerden dolay\u0131 kayg\u0131 ve endi\u015feniz varsa, zambak kokulu Rozito koku giderici esansiyel ya\u011f\u0131 kayg\u0131 ve endi\u015felerinizi tedavi edecektir.<\/p>\n<p>Lilium ad\u0131n\u0131n, ho\u015f kokusuyla en pop\u00fcler bitkilerden biri olan \u00e7ok \u00fcnl\u00fc bir bitkinin ad\u0131 oldu\u011funu s\u00f6ylemeye gerek yok.<\/p>\n","protected":false},"excerpt":{"rendered":"<p>Zambak kokulu araba spreyi 8 ml Hafif ve tatl\u0131 bir kokusu vard\u0131r Arabalar i\u00e7in uygundur Rahatlat\u0131c\u0131 \u00f6zelliklere sahiptir tan\u0131d\u0131k koku Spor kul\u00fcpleri, oteller, ofisler, \u015firketler vb. kokular\u0131n giderilmesine y\u00f6nelik, zambak \u00f6z\u00fc olan zambak kokulu ara\u00e7 hava spreyi. kullan\u0131l\u0131r. Bu t\u00fcr esansiyel ya\u011f, zihninizi ve bedeninizi sakinle\u015ftirecek \u015fekilde istedi\u011finiz ortam\u0131 kokuland\u0131rmak i\u00e7in kullanabilece\u011finiz lilyum esansiyel ya\u011f\u0131ndan [&hellip;]<\/p>\n","protected":false},"featured_media":2278,"comment_status":"open","ping_status":"closed","template":"","meta":{"_acf_changed":false},"product_brand":[],"product_cat":[103,87,153,64,157],"product_tag":[],"class_list":{"0":"post-2898","1":"product","2":"type-product","3":"status-publish","4":"has-post-thumbnail","6":"product_cat-cicekler-ve-bitkiler","7":"product_cat-koku","8":"product_cat-oda-spreyi-8-ml","9":"product_cat-oda-spreyleri","10":"product_cat-otomobil-spreyi","12":"first","13":"instock","14":"shipping-taxable","15":"product-type-simple"},"acf":[],"_links":{"self":[{"href":"https:\/\/rozitogroup.com\/tr\/wp-json\/wp\/v2\/product\/2898","targetHints":{"allow":["GET"]}}],"collection":[{"href":"https:\/\/rozitogroup.com\/tr\/wp-json\/wp\/v2\/product"}],"about":[{"href":"https:\/\/rozitogroup.com\/tr\/wp-json\/wp\/v2\/types\/product"}],"replies":[{"embeddable":true,"href":"https:\/\/rozitogroup.com\/tr\/wp-json\/wp\/v2\/comments?post=2898"}],"version-history":[{"count":0,"href":"https:\/\/rozitogroup.com\/tr\/wp-json\/wp\/v2\/product\/2898\/revisions"}],"wp:featuredmedia":[{"embeddable":true,"href":"https:\/\/rozitogroup.com\/tr\/wp-json\/wp\/v2\/media\/2278"}],"wp:attachment":[{"href":"https:\/\/rozitogroup.com\/tr\/wp-json\/wp\/v2\/media?parent=2898"}],"wp:term":[{"taxonomy":"product_brand","embeddable":true,"href":"https:\/\/rozitogroup.com\/tr\/wp-json\/wp\/v2\/product_brand?post=2898"},{"taxonomy":"product_cat","embeddable":true,"href":"https:\/\/rozitogroup.com\/tr\/wp-json\/wp\/v2\/product_cat?post=2898"},{"taxonomy":"product_tag","embeddable":true,"href":"https:\/\/rozitogroup.com\/tr\/wp-json\/wp\/v2\/product_tag?post=2898"}],"curies":[{"name":"wp","href":"https:\/\/api.w.org\/{rel}","templated":true}]}}