{"id":2896,"date":"2024-01-04T16:41:47","date_gmt":"2024-01-04T13:11:47","guid":{"rendered":"https:\/\/rozitogroup.com\/product\/kavun-kokulu-araba-hava-spreyi\/"},"modified":"2024-01-04T16:41:47","modified_gmt":"2024-01-04T13:11:47","slug":"kavun-kokulu-araba-hava-spreyi","status":"publish","type":"product","link":"https:\/\/rozitogroup.com\/tr\/urun\/kavun-kokulu-araba-hava-spreyi\/","title":{"rendered":"Kavun kokulu araba hava spreyi"},"content":{"rendered":"<h2>Kavun kokulu ara\u00e7 hava spreyi<\/h2>\n<ul>\n<li>\n<li>8 ml<\/li>\n<li>Hafif ve tatl\u0131 bir kokusu vard\u0131r<\/li>\n<li>Arabalar i\u00e7in uygundur<\/li>\n<li>Rahatlat\u0131c\u0131 \u00f6zelliklere sahiptir<\/li>\n<li>tan\u0131d\u0131k koku<\/li>\n<\/ul>\n<p>Kavun kokulu araba spreyi, kabakgiller familyas\u0131ndan, farkl\u0131 t\u00fcrleri bulunan ve aslen G\u00fcneydo\u011fu Asya ve Afrika&#8217;ya \u00f6zg\u00fc, sulu ve etli bir meyvedir. Kavun, akrabalar\u0131 olan sebzeden farkl\u0131 olarak bir meyve olarak kabul edilir.<\/p>\n<p>Talabi, tatl\u0131 ve serin kokuya sahip bir meyve kokusu grubudur. Bu oda spreyi, i\u00e7ine yerle\u015ftirilen \u00e7ubuklar sayesinde havaya yay\u0131l\u0131r.<\/p>\n","protected":false},"excerpt":{"rendered":"<p>Kavun kokulu ara\u00e7 hava spreyi 8 ml Hafif ve tatl\u0131 bir kokusu vard\u0131r Arabalar i\u00e7in uygundur Rahatlat\u0131c\u0131 \u00f6zelliklere sahiptir tan\u0131d\u0131k koku Kavun kokulu araba spreyi, kabakgiller familyas\u0131ndan, farkl\u0131 t\u00fcrleri bulunan ve aslen G\u00fcneydo\u011fu Asya ve Afrika&#8217;ya \u00f6zg\u00fc, sulu ve etli bir meyvedir. Kavun, akrabalar\u0131 olan sebzeden farkl\u0131 olarak bir meyve olarak kabul edilir. Talabi, tatl\u0131 [&hellip;]<\/p>\n","protected":false},"featured_media":2288,"comment_status":"open","ping_status":"closed","template":"","meta":{"_acf_changed":false},"product_brand":[],"product_cat":[87,96,153,64,157],"product_tag":[],"class_list":{"0":"post-2896","1":"product","2":"type-product","3":"status-publish","4":"has-post-thumbnail","6":"product_cat-koku","7":"product_cat-meyve","8":"product_cat-oda-spreyi-8-ml","9":"product_cat-oda-spreyleri","10":"product_cat-otomobil-spreyi","12":"first","13":"instock","14":"shipping-taxable","15":"product-type-simple"},"acf":[],"_links":{"self":[{"href":"https:\/\/rozitogroup.com\/tr\/wp-json\/wp\/v2\/product\/2896","targetHints":{"allow":["GET"]}}],"collection":[{"href":"https:\/\/rozitogroup.com\/tr\/wp-json\/wp\/v2\/product"}],"about":[{"href":"https:\/\/rozitogroup.com\/tr\/wp-json\/wp\/v2\/types\/product"}],"replies":[{"embeddable":true,"href":"https:\/\/rozitogroup.com\/tr\/wp-json\/wp\/v2\/comments?post=2896"}],"version-history":[{"count":0,"href":"https:\/\/rozitogroup.com\/tr\/wp-json\/wp\/v2\/product\/2896\/revisions"}],"wp:featuredmedia":[{"embeddable":true,"href":"https:\/\/rozitogroup.com\/tr\/wp-json\/wp\/v2\/media\/2288"}],"wp:attachment":[{"href":"https:\/\/rozitogroup.com\/tr\/wp-json\/wp\/v2\/media?parent=2896"}],"wp:term":[{"taxonomy":"product_brand","embeddable":true,"href":"https:\/\/rozitogroup.com\/tr\/wp-json\/wp\/v2\/product_brand?post=2896"},{"taxonomy":"product_cat","embeddable":true,"href":"https:\/\/rozitogroup.com\/tr\/wp-json\/wp\/v2\/product_cat?post=2896"},{"taxonomy":"product_tag","embeddable":true,"href":"https:\/\/rozitogroup.com\/tr\/wp-json\/wp\/v2\/product_tag?post=2896"}],"curies":[{"name":"wp","href":"https:\/\/api.w.org\/{rel}","templated":true}]}}