{"id":2885,"date":"2024-01-04T16:41:48","date_gmt":"2024-01-04T13:11:48","guid":{"rendered":"https:\/\/rozitogroup.com\/product\/seftali-kokulu-araba-spreyi\/"},"modified":"2024-01-04T16:41:48","modified_gmt":"2024-01-04T13:11:48","slug":"seftali-kokulu-araba-spreyi","status":"publish","type":"product","link":"https:\/\/rozitogroup.com\/tr\/urun\/seftali-kokulu-araba-spreyi\/","title":{"rendered":"\u015eeftali kokulu araba spreyi"},"content":{"rendered":"<h2>\u015eeftali kokulu araba spreyi<\/h2>\n<ul>\n<li>\n<li>8 ml<\/li>\n<li>Meyve kokulu do\u011fal parf\u00fcm<\/li>\n<li>\u0130\u015f ve ofis merkezleri i\u00e7in uygundur<\/li>\n<li>Arabalar i\u00e7in uygundur<\/li>\n<\/ul>\n<p>\u015eeftali kokulu araba koku giderici esans, bilinen ve meyveli bir koku olmas\u0131 nedeniyle her zaman herkes taraf\u0131ndan be\u011feniyle kar\u015f\u0131lanm\u0131\u015ft\u0131r. Bu harika esansiyel ya\u011f, do\u011fal kokusuyla izleyiciye hassasiyet, tazelik ve en \u00f6nemlisi huzur duygusu getiriyor.<\/p>\n","protected":false},"excerpt":{"rendered":"<p>\u015eeftali kokulu araba spreyi 8 ml Meyve kokulu do\u011fal parf\u00fcm \u0130\u015f ve ofis merkezleri i\u00e7in uygundur Arabalar i\u00e7in uygundur \u015eeftali kokulu araba koku giderici esans, bilinen ve meyveli bir koku olmas\u0131 nedeniyle her zaman herkes taraf\u0131ndan be\u011feniyle kar\u015f\u0131lanm\u0131\u015ft\u0131r. Bu harika esansiyel ya\u011f, do\u011fal kokusuyla izleyiciye hassasiyet, tazelik ve en \u00f6nemlisi huzur duygusu getiriyor.<\/p>\n","protected":false},"featured_media":2308,"comment_status":"open","ping_status":"closed","template":"","meta":{"_acf_changed":false},"product_brand":[],"product_cat":[87,96,153,64,157],"product_tag":[],"class_list":{"0":"post-2885","1":"product","2":"type-product","3":"status-publish","4":"has-post-thumbnail","6":"product_cat-koku","7":"product_cat-meyve","8":"product_cat-oda-spreyi-8-ml","9":"product_cat-oda-spreyleri","10":"product_cat-otomobil-spreyi","12":"first","13":"instock","14":"shipping-taxable","15":"product-type-simple"},"acf":[],"_links":{"self":[{"href":"https:\/\/rozitogroup.com\/tr\/wp-json\/wp\/v2\/product\/2885","targetHints":{"allow":["GET"]}}],"collection":[{"href":"https:\/\/rozitogroup.com\/tr\/wp-json\/wp\/v2\/product"}],"about":[{"href":"https:\/\/rozitogroup.com\/tr\/wp-json\/wp\/v2\/types\/product"}],"replies":[{"embeddable":true,"href":"https:\/\/rozitogroup.com\/tr\/wp-json\/wp\/v2\/comments?post=2885"}],"version-history":[{"count":0,"href":"https:\/\/rozitogroup.com\/tr\/wp-json\/wp\/v2\/product\/2885\/revisions"}],"wp:featuredmedia":[{"embeddable":true,"href":"https:\/\/rozitogroup.com\/tr\/wp-json\/wp\/v2\/media\/2308"}],"wp:attachment":[{"href":"https:\/\/rozitogroup.com\/tr\/wp-json\/wp\/v2\/media?parent=2885"}],"wp:term":[{"taxonomy":"product_brand","embeddable":true,"href":"https:\/\/rozitogroup.com\/tr\/wp-json\/wp\/v2\/product_brand?post=2885"},{"taxonomy":"product_cat","embeddable":true,"href":"https:\/\/rozitogroup.com\/tr\/wp-json\/wp\/v2\/product_cat?post=2885"},{"taxonomy":"product_tag","embeddable":true,"href":"https:\/\/rozitogroup.com\/tr\/wp-json\/wp\/v2\/product_tag?post=2885"}],"curies":[{"name":"wp","href":"https:\/\/api.w.org\/{rel}","templated":true}]}}