{"id":2881,"date":"2024-01-04T16:41:48","date_gmt":"2024-01-04T13:11:48","guid":{"rendered":"https:\/\/rozitogroup.com\/product\/toz-kokulu-araba-spreyi\/"},"modified":"2024-01-04T16:41:48","modified_gmt":"2024-01-04T13:11:48","slug":"toz-kokulu-araba-spreyi","status":"publish","type":"product","link":"https:\/\/rozitogroup.com\/tr\/urun\/toz-kokulu-araba-spreyi\/","title":{"rendered":"Toz kokulu araba spreyi"},"content":{"rendered":"<h2>Toz kokulu araba spreyi<\/h2>\n<ul>\n<li>\n<li>8 ml<\/li>\n<li>Talk pudras\u0131, bebek pudras\u0131 ve kozmetik kokusuna sahiptir<\/li>\n<li>Yatak odalar\u0131, masaj salonlar\u0131, spor kul\u00fcpleri i\u00e7in uygundur<\/li>\n<li>Stres \u00f6nleyici, rahatlat\u0131c\u0131<\/li>\n<\/ul>\n<p>Toz kokulu araba hava spreyi, toz esansiyel ya\u011f i\u00e7erir. Parf\u00fcmlerdeki bu esansiyel ya\u011f asl\u0131nda temizlik, safl\u0131k ve tazelik dolu bir duyguyu hat\u0131rlat\u0131yor.<\/p>\n<p>Pudra kokusu denilince akla talk pudras\u0131, bebek pudras\u0131, eski kozmetik \u00fcr\u00fcnleri ve sa\u011fl\u0131k kremleri kokusu gibi \u00e7e\u015fitli pudrams\u0131 kokular geliyor.<\/p>\n<p>Ancak bu kokunun orijinal k\u00f6keninin, \u00f6\u011f\u00fct\u00fclm\u00fc\u015f pirin\u00e7 tanelerinden elde edilen pirin\u00e7 tozu oldu\u011funu bilmek ilginizi \u00e7ekebilir. Toz kokusu parf\u00fcm \u00fcretiminde en yayg\u0131n kullan\u0131lan kokulardan biridir.<\/p>\n","protected":false},"excerpt":{"rendered":"<p>Toz kokulu araba spreyi 8 ml Talk pudras\u0131, bebek pudras\u0131 ve kozmetik kokusuna sahiptir Yatak odalar\u0131, masaj salonlar\u0131, spor kul\u00fcpleri i\u00e7in uygundur Stres \u00f6nleyici, rahatlat\u0131c\u0131 Toz kokulu araba hava spreyi, toz esansiyel ya\u011f i\u00e7erir. Parf\u00fcmlerdeki bu esansiyel ya\u011f asl\u0131nda temizlik, safl\u0131k ve tazelik dolu bir duyguyu hat\u0131rlat\u0131yor. Pudra kokusu denilince akla talk pudras\u0131, bebek pudras\u0131, [&hellip;]<\/p>\n","protected":false},"featured_media":2313,"comment_status":"open","ping_status":"closed","template":"","meta":{"_acf_changed":false},"product_brand":[],"product_cat":[95,87,153,64,157],"product_tag":[],"class_list":{"0":"post-2881","1":"product","2":"type-product","3":"status-publish","4":"has-post-thumbnail","6":"product_cat-fantezi","7":"product_cat-koku","8":"product_cat-oda-spreyi-8-ml","9":"product_cat-oda-spreyleri","10":"product_cat-otomobil-spreyi","12":"first","13":"instock","14":"shipping-taxable","15":"product-type-simple"},"acf":[],"_links":{"self":[{"href":"https:\/\/rozitogroup.com\/tr\/wp-json\/wp\/v2\/product\/2881","targetHints":{"allow":["GET"]}}],"collection":[{"href":"https:\/\/rozitogroup.com\/tr\/wp-json\/wp\/v2\/product"}],"about":[{"href":"https:\/\/rozitogroup.com\/tr\/wp-json\/wp\/v2\/types\/product"}],"replies":[{"embeddable":true,"href":"https:\/\/rozitogroup.com\/tr\/wp-json\/wp\/v2\/comments?post=2881"}],"version-history":[{"count":0,"href":"https:\/\/rozitogroup.com\/tr\/wp-json\/wp\/v2\/product\/2881\/revisions"}],"wp:featuredmedia":[{"embeddable":true,"href":"https:\/\/rozitogroup.com\/tr\/wp-json\/wp\/v2\/media\/2313"}],"wp:attachment":[{"href":"https:\/\/rozitogroup.com\/tr\/wp-json\/wp\/v2\/media?parent=2881"}],"wp:term":[{"taxonomy":"product_brand","embeddable":true,"href":"https:\/\/rozitogroup.com\/tr\/wp-json\/wp\/v2\/product_brand?post=2881"},{"taxonomy":"product_cat","embeddable":true,"href":"https:\/\/rozitogroup.com\/tr\/wp-json\/wp\/v2\/product_cat?post=2881"},{"taxonomy":"product_tag","embeddable":true,"href":"https:\/\/rozitogroup.com\/tr\/wp-json\/wp\/v2\/product_tag?post=2881"}],"curies":[{"name":"wp","href":"https:\/\/api.w.org\/{rel}","templated":true}]}}