{"id":2877,"date":"2024-01-04T16:41:48","date_gmt":"2024-01-04T13:11:48","guid":{"rendered":"https:\/\/rozitogroup.com\/product\/kirmizi-ejderha-kokulu-araba-spreyi\/"},"modified":"2024-01-04T16:41:48","modified_gmt":"2024-01-04T13:11:48","slug":"kirmizi-ejderha-kokulu-araba-spreyi","status":"publish","type":"product","link":"https:\/\/rozitogroup.com\/tr\/urun\/kirmizi-ejderha-kokulu-araba-spreyi\/","title":{"rendered":"K\u0131rm\u0131z\u0131 ejderha kokulu araba spreyi"},"content":{"rendered":"<h2>K\u0131rm\u0131z\u0131 ejderha kokulu araba spreyi<\/h2>\n<ul>\n<li>\n<li>8 ml<\/li>\n<li>Badem, portakal, iris, deri, amber, pa\u00e7uli kokusuna sahiptir<\/li>\n<li>Ev, i\u015f yeri, masaj salonlar\u0131, spor kul\u00fcpleri, oteller i\u00e7in uygundur<\/li>\n<li>Stres \u00f6nleyici, rahatlat\u0131c\u0131 ve canland\u0131r\u0131c\u0131<\/li>\n<\/ul>\n<p>K\u0131z\u0131l Ejder kokulu oto oda spreyi, i\u015fyeri, ev, apartman, ofis, \u015firket, yatak odas\u0131, oturma odas\u0131 ve ortam\u0131n di\u011fer k\u0131s\u0131mlar\u0131n\u0131 kokuland\u0131rman\u0131n yan\u0131 s\u0131ra, sigara, nem ve havan\u0131n neden oldu\u011fu ho\u015f olmayan kokuya da neden olur. Nem, kirlilik, kanalizasyon vb. hissetmeyin.<\/p>\n","protected":false},"excerpt":{"rendered":"<p>K\u0131rm\u0131z\u0131 ejderha kokulu araba spreyi 8 ml Badem, portakal, iris, deri, amber, pa\u00e7uli kokusuna sahiptir Ev, i\u015f yeri, masaj salonlar\u0131, spor kul\u00fcpleri, oteller i\u00e7in uygundur Stres \u00f6nleyici, rahatlat\u0131c\u0131 ve canland\u0131r\u0131c\u0131 K\u0131z\u0131l Ejder kokulu oto oda spreyi, i\u015fyeri, ev, apartman, ofis, \u015firket, yatak odas\u0131, oturma odas\u0131 ve ortam\u0131n di\u011fer k\u0131s\u0131mlar\u0131n\u0131 kokuland\u0131rman\u0131n yan\u0131 s\u0131ra, sigara, nem ve [&hellip;]<\/p>\n","protected":false},"featured_media":2318,"comment_status":"open","ping_status":"closed","template":"","meta":{"_acf_changed":false},"product_brand":[],"product_cat":[95,80,87,153,64,157],"product_tag":[],"class_list":{"0":"post-2877","1":"product","2":"type-product","3":"status-publish","4":"has-post-thumbnail","6":"product_cat-fantezi","7":"product_cat-genel-koku-gidericiler","8":"product_cat-koku","9":"product_cat-oda-spreyi-8-ml","10":"product_cat-oda-spreyleri","11":"product_cat-otomobil-spreyi","13":"first","14":"instock","15":"shipping-taxable","16":"product-type-simple"},"acf":[],"_links":{"self":[{"href":"https:\/\/rozitogroup.com\/tr\/wp-json\/wp\/v2\/product\/2877","targetHints":{"allow":["GET"]}}],"collection":[{"href":"https:\/\/rozitogroup.com\/tr\/wp-json\/wp\/v2\/product"}],"about":[{"href":"https:\/\/rozitogroup.com\/tr\/wp-json\/wp\/v2\/types\/product"}],"replies":[{"embeddable":true,"href":"https:\/\/rozitogroup.com\/tr\/wp-json\/wp\/v2\/comments?post=2877"}],"version-history":[{"count":0,"href":"https:\/\/rozitogroup.com\/tr\/wp-json\/wp\/v2\/product\/2877\/revisions"}],"wp:featuredmedia":[{"embeddable":true,"href":"https:\/\/rozitogroup.com\/tr\/wp-json\/wp\/v2\/media\/2318"}],"wp:attachment":[{"href":"https:\/\/rozitogroup.com\/tr\/wp-json\/wp\/v2\/media?parent=2877"}],"wp:term":[{"taxonomy":"product_brand","embeddable":true,"href":"https:\/\/rozitogroup.com\/tr\/wp-json\/wp\/v2\/product_brand?post=2877"},{"taxonomy":"product_cat","embeddable":true,"href":"https:\/\/rozitogroup.com\/tr\/wp-json\/wp\/v2\/product_cat?post=2877"},{"taxonomy":"product_tag","embeddable":true,"href":"https:\/\/rozitogroup.com\/tr\/wp-json\/wp\/v2\/product_tag?post=2877"}],"curies":[{"name":"wp","href":"https:\/\/api.w.org\/{rel}","templated":true}]}}