{"id":2873,"date":"2024-01-04T16:41:45","date_gmt":"2024-01-04T13:11:45","guid":{"rendered":"https:\/\/rozitogroup.com\/product\/tarcin-ve-karanfil-kokulu-araba-spreyi\/"},"modified":"2024-01-04T16:41:45","modified_gmt":"2024-01-04T13:11:45","slug":"tarcin-ve-karanfil-kokulu-araba-spreyi","status":"publish","type":"product","link":"https:\/\/rozitogroup.com\/tr\/urun\/tarcin-ve-karanfil-kokulu-araba-spreyi\/","title":{"rendered":"Tar\u00e7\u0131n ve karanfil kokulu araba spreyi"},"content":{"rendered":"<h2>Tar\u00e7\u0131n ve karanfil araba hava spreyi<\/h2>\n<ul>\n<li>\n<li>8 ml<\/li>\n<li>Arabalar i\u00e7in uygundur<\/li>\n<li>Rahatlat\u0131c\u0131, stres \u00f6nleyici, canland\u0131r\u0131c\u0131 ve enerji verici bir aromaya sahiptir<\/li>\n<li>Y\u00fcksek dayan\u0131kl\u0131l\u0131k<\/li>\n<li>Parf\u00fcm\u00fcn havada h\u0131zla yay\u0131lmas\u0131<\/li>\n<\/ul>\n<p><span style=\"color: #ff9900;\"><strong>Tar\u00e7\u0131n kabu\u011fu esansiyel ya\u011f\u0131ndan elde edilen, tar\u00e7\u0131n ve karanfil kokulu araba hava spreyi<\/strong><\/span>; \u00d6zel ve rahatlat\u0131c\u0131 bir aromaya sahip ayn\u0131 \u00fcnl\u00fc oryantal baharattan olu\u015fur ve havada h\u0131zla yay\u0131larak dinlenmeniz veya g\u00fcnl\u00fck aktiviteleriniz i\u00e7in m\u00fckemmel bir ortam sa\u011flar.<\/p>\n<p>Resito firmas\u0131, yanmaz olan bu \u00fcr\u00fcn\u00fc tecr\u00fcbe ve bilgiye dayal\u0131 teknolojiler kullanarak \u00fcretmeyi ba\u015farm\u0131\u015ft\u0131r. \u0130\u015fyeri ve ev ortam\u0131na uygun, rahatlat\u0131c\u0131 ve stres \u00f6nleyici bir koku.<\/p>\n","protected":false},"excerpt":{"rendered":"<p>Tar\u00e7\u0131n ve karanfil araba hava spreyi 8 ml Arabalar i\u00e7in uygundur Rahatlat\u0131c\u0131, stres \u00f6nleyici, canland\u0131r\u0131c\u0131 ve enerji verici bir aromaya sahiptir Y\u00fcksek dayan\u0131kl\u0131l\u0131k Parf\u00fcm\u00fcn havada h\u0131zla yay\u0131lmas\u0131 Tar\u00e7\u0131n kabu\u011fu esansiyel ya\u011f\u0131ndan elde edilen, tar\u00e7\u0131n ve karanfil kokulu araba hava spreyi; \u00d6zel ve rahatlat\u0131c\u0131 bir aromaya sahip ayn\u0131 \u00fcnl\u00fc oryantal baharattan olu\u015fur ve havada h\u0131zla yay\u0131larak [&hellip;]<\/p>\n","protected":false},"featured_media":2208,"comment_status":"open","ping_status":"closed","template":"","meta":{"_acf_changed":false},"product_brand":[],"product_cat":[103,87,153,64,157],"product_tag":[],"class_list":{"0":"post-2873","1":"product","2":"type-product","3":"status-publish","4":"has-post-thumbnail","6":"product_cat-cicekler-ve-bitkiler","7":"product_cat-koku","8":"product_cat-oda-spreyi-8-ml","9":"product_cat-oda-spreyleri","10":"product_cat-otomobil-spreyi","12":"first","13":"instock","14":"shipping-taxable","15":"product-type-simple"},"acf":[],"_links":{"self":[{"href":"https:\/\/rozitogroup.com\/tr\/wp-json\/wp\/v2\/product\/2873","targetHints":{"allow":["GET"]}}],"collection":[{"href":"https:\/\/rozitogroup.com\/tr\/wp-json\/wp\/v2\/product"}],"about":[{"href":"https:\/\/rozitogroup.com\/tr\/wp-json\/wp\/v2\/types\/product"}],"replies":[{"embeddable":true,"href":"https:\/\/rozitogroup.com\/tr\/wp-json\/wp\/v2\/comments?post=2873"}],"version-history":[{"count":0,"href":"https:\/\/rozitogroup.com\/tr\/wp-json\/wp\/v2\/product\/2873\/revisions"}],"wp:featuredmedia":[{"embeddable":true,"href":"https:\/\/rozitogroup.com\/tr\/wp-json\/wp\/v2\/media\/2208"}],"wp:attachment":[{"href":"https:\/\/rozitogroup.com\/tr\/wp-json\/wp\/v2\/media?parent=2873"}],"wp:term":[{"taxonomy":"product_brand","embeddable":true,"href":"https:\/\/rozitogroup.com\/tr\/wp-json\/wp\/v2\/product_brand?post=2873"},{"taxonomy":"product_cat","embeddable":true,"href":"https:\/\/rozitogroup.com\/tr\/wp-json\/wp\/v2\/product_cat?post=2873"},{"taxonomy":"product_tag","embeddable":true,"href":"https:\/\/rozitogroup.com\/tr\/wp-json\/wp\/v2\/product_tag?post=2873"}],"curies":[{"name":"wp","href":"https:\/\/api.w.org\/{rel}","templated":true}]}}