{"id":2869,"date":"2024-01-04T16:41:45","date_gmt":"2024-01-04T13:11:45","guid":{"rendered":"https:\/\/rozitogroup.com\/product\/melek-kokulu-araba-spreyi\/"},"modified":"2024-01-04T16:41:45","modified_gmt":"2024-01-04T13:11:45","slug":"melek-kokulu-araba-spreyi","status":"publish","type":"product","link":"https:\/\/rozitogroup.com\/tr\/urun\/melek-kokulu-araba-spreyi\/","title":{"rendered":"Melek kokulu araba spreyi"},"content":{"rendered":"<h2>Melek kokulu araba spreyi<\/h2>\n<ul>\n<li>\n<li>8 ml<\/li>\n<li>S\u0131cak ve tatl\u0131 bir kokuya sahip koku<\/li>\n<li>Rahatlat\u0131c\u0131 bir aromas\u0131 vard\u0131r<\/li>\n<li>Arabalar i\u00e7in uygundur<\/li>\n<\/ul>\n<p><span style=\"color: #ff6600;\"><strong>Melek kokulu araba spreyi<\/strong><\/span>, s\u0131cak ve tatl\u0131 bir kokuya sahip olmas\u0131n\u0131n yan\u0131 s\u0131ra \u00e7ok uzun raf \u00f6mr\u00fcne sahiptir ve t\u00fcketim i\u00e7in m\u00fckemmel bir yay\u0131lma h\u0131z\u0131na sahiptir. Uzun ve so\u011fuk k\u0131\u015f gecelerinde tavsiye edilir. Angel, vanilya ve pa\u00e7ulinin uyumlu ve yumu\u015fak kokusundan kaynaklan\u0131r.<\/p>\n<p>Evlerde, ofislerde, yatak odalar\u0131nda kullan\u0131m i\u00e7in harika bir koku, size ho\u015f bir his sa\u011flar. <a href=\"https:\/\/rozitogroup.com\/\"><strong>Rozito Grup \u015eirketi<\/strong> <\/a>Zeka ve bilgiye dayal\u0131 \u00e7\u00f6z\u00fcmler kullanarak yan\u0131c\u0131 olmayan bir \u00fcr\u00fcn \u00fcretti.<\/p>\n","protected":false},"excerpt":{"rendered":"<p>Melek kokulu araba spreyi 8 ml S\u0131cak ve tatl\u0131 bir kokuya sahip koku Rahatlat\u0131c\u0131 bir aromas\u0131 vard\u0131r Arabalar i\u00e7in uygundur Melek kokulu araba spreyi, s\u0131cak ve tatl\u0131 bir kokuya sahip olmas\u0131n\u0131n yan\u0131 s\u0131ra \u00e7ok uzun raf \u00f6mr\u00fcne sahiptir ve t\u00fcketim i\u00e7in m\u00fckemmel bir yay\u0131lma h\u0131z\u0131na sahiptir. Uzun ve so\u011fuk k\u0131\u015f gecelerinde tavsiye edilir. Angel, vanilya [&hellip;]<\/p>\n","protected":false},"featured_media":2173,"comment_status":"open","ping_status":"closed","template":"","meta":{"_acf_changed":false},"product_brand":[],"product_cat":[95,87,153,64,157],"product_tag":[],"class_list":{"0":"post-2869","1":"product","2":"type-product","3":"status-publish","4":"has-post-thumbnail","6":"product_cat-fantezi","7":"product_cat-koku","8":"product_cat-oda-spreyi-8-ml","9":"product_cat-oda-spreyleri","10":"product_cat-otomobil-spreyi","12":"first","13":"instock","14":"shipping-taxable","15":"product-type-simple"},"acf":[],"_links":{"self":[{"href":"https:\/\/rozitogroup.com\/tr\/wp-json\/wp\/v2\/product\/2869","targetHints":{"allow":["GET"]}}],"collection":[{"href":"https:\/\/rozitogroup.com\/tr\/wp-json\/wp\/v2\/product"}],"about":[{"href":"https:\/\/rozitogroup.com\/tr\/wp-json\/wp\/v2\/types\/product"}],"replies":[{"embeddable":true,"href":"https:\/\/rozitogroup.com\/tr\/wp-json\/wp\/v2\/comments?post=2869"}],"version-history":[{"count":0,"href":"https:\/\/rozitogroup.com\/tr\/wp-json\/wp\/v2\/product\/2869\/revisions"}],"wp:featuredmedia":[{"embeddable":true,"href":"https:\/\/rozitogroup.com\/tr\/wp-json\/wp\/v2\/media\/2173"}],"wp:attachment":[{"href":"https:\/\/rozitogroup.com\/tr\/wp-json\/wp\/v2\/media?parent=2869"}],"wp:term":[{"taxonomy":"product_brand","embeddable":true,"href":"https:\/\/rozitogroup.com\/tr\/wp-json\/wp\/v2\/product_brand?post=2869"},{"taxonomy":"product_cat","embeddable":true,"href":"https:\/\/rozitogroup.com\/tr\/wp-json\/wp\/v2\/product_cat?post=2869"},{"taxonomy":"product_tag","embeddable":true,"href":"https:\/\/rozitogroup.com\/tr\/wp-json\/wp\/v2\/product_tag?post=2869"}],"curies":[{"name":"wp","href":"https:\/\/api.w.org\/{rel}","templated":true}]}}