{"id":2865,"date":"2024-01-04T16:41:48","date_gmt":"2024-01-04T13:11:48","guid":{"rendered":"https:\/\/rozitogroup.com\/product\/deniz-yosunu-kokulu-araba-hava-spreyi\/"},"modified":"2024-01-04T16:41:48","modified_gmt":"2024-01-04T13:11:48","slug":"deniz-yosunu-kokulu-araba-hava-spreyi","status":"publish","type":"product","link":"https:\/\/rozitogroup.com\/tr\/urun\/deniz-yosunu-kokulu-araba-hava-spreyi\/","title":{"rendered":"Deniz yosunu kokulu araba hava spreyi"},"content":{"rendered":"<h2>Deniz yosunu kokulu araba hava spreyi<\/h2>\n<ul>\n<li>\n<li>8 ml<\/li>\n<li>\u00d6zel ve canland\u0131r\u0131c\u0131 bir kokusu vard\u0131r<\/li>\n<li>Spor salonu, i\u015f yeri i\u00e7in uygundur<\/li>\n<\/ul>\n<p>Deniz yosunu kokulu araba oda spreyi, mekan\u0131n\u0131z\u0131 deniz ve deniz yosununun toprak kokusuyla doldurabilecek bir \u00fcr\u00fcnd\u00fcr.<\/p>\n<p>Okyanusta yeti\u015fen, deniz, do\u011fa ve tazelik hissini uyand\u0131rabilecek belirgin bir kokuya sahip olan deniz yosunu. Baz\u0131 insanlar deniz yosunu kokusunu rahatlat\u0131c\u0131, canland\u0131r\u0131c\u0131 veya nostaljik bulabilir.<\/p>\n","protected":false},"excerpt":{"rendered":"<p>Deniz yosunu kokulu araba hava spreyi 8 ml \u00d6zel ve canland\u0131r\u0131c\u0131 bir kokusu vard\u0131r Spor salonu, i\u015f yeri i\u00e7in uygundur Deniz yosunu kokulu araba oda spreyi, mekan\u0131n\u0131z\u0131 deniz ve deniz yosununun toprak kokusuyla doldurabilecek bir \u00fcr\u00fcnd\u00fcr. Okyanusta yeti\u015fen, deniz, do\u011fa ve tazelik hissini uyand\u0131rabilecek belirgin bir kokuya sahip olan deniz yosunu. Baz\u0131 insanlar deniz yosunu [&hellip;]<\/p>\n","protected":false},"featured_media":2323,"comment_status":"open","ping_status":"closed","template":"","meta":{"_acf_changed":false},"product_brand":[],"product_cat":[103,87,153,64,157],"product_tag":[],"class_list":{"0":"post-2865","1":"product","2":"type-product","3":"status-publish","4":"has-post-thumbnail","6":"product_cat-cicekler-ve-bitkiler","7":"product_cat-koku","8":"product_cat-oda-spreyi-8-ml","9":"product_cat-oda-spreyleri","10":"product_cat-otomobil-spreyi","12":"first","13":"instock","14":"shipping-taxable","15":"product-type-simple"},"acf":[],"_links":{"self":[{"href":"https:\/\/rozitogroup.com\/tr\/wp-json\/wp\/v2\/product\/2865","targetHints":{"allow":["GET"]}}],"collection":[{"href":"https:\/\/rozitogroup.com\/tr\/wp-json\/wp\/v2\/product"}],"about":[{"href":"https:\/\/rozitogroup.com\/tr\/wp-json\/wp\/v2\/types\/product"}],"replies":[{"embeddable":true,"href":"https:\/\/rozitogroup.com\/tr\/wp-json\/wp\/v2\/comments?post=2865"}],"version-history":[{"count":0,"href":"https:\/\/rozitogroup.com\/tr\/wp-json\/wp\/v2\/product\/2865\/revisions"}],"wp:featuredmedia":[{"embeddable":true,"href":"https:\/\/rozitogroup.com\/tr\/wp-json\/wp\/v2\/media\/2323"}],"wp:attachment":[{"href":"https:\/\/rozitogroup.com\/tr\/wp-json\/wp\/v2\/media?parent=2865"}],"wp:term":[{"taxonomy":"product_brand","embeddable":true,"href":"https:\/\/rozitogroup.com\/tr\/wp-json\/wp\/v2\/product_brand?post=2865"},{"taxonomy":"product_cat","embeddable":true,"href":"https:\/\/rozitogroup.com\/tr\/wp-json\/wp\/v2\/product_cat?post=2865"},{"taxonomy":"product_tag","embeddable":true,"href":"https:\/\/rozitogroup.com\/tr\/wp-json\/wp\/v2\/product_tag?post=2865"}],"curies":[{"name":"wp","href":"https:\/\/api.w.org\/{rel}","templated":true}]}}