{"id":2857,"date":"2024-01-04T16:48:57","date_gmt":"2024-01-04T13:18:57","guid":{"rendered":"https:\/\/rozitogroup.com\/product\/bogurtlen-kokulu-araba-spreyi\/"},"modified":"2024-01-04T16:48:57","modified_gmt":"2024-01-04T13:18:57","slug":"bogurtlen-kokulu-araba-spreyi","status":"publish","type":"product","link":"https:\/\/rozitogroup.com\/tr\/urun\/bogurtlen-kokulu-araba-spreyi\/","title":{"rendered":"B\u00f6\u011f\u00fcrtlen kokulu araba spreyi"},"content":{"rendered":"<h2>B\u00f6\u011f\u00fcrtlen veya b\u00f6\u011f\u00fcrtlen kokulu araba spreyi<\/h2>\n<ul>\n<li>\n<li>8 ml<\/li>\n<li>Ho\u015f ve ho\u015f bir kokuya ve antibakteriyel \u00f6zelliklere sahiptir<\/li>\n<li>Arabalar i\u00e7in uygundur<\/li>\n<li>Rahatlat\u0131c\u0131, canland\u0131r\u0131c\u0131<\/li>\n<\/ul>\n<p><strong>B\u00f6\u011f\u00fcrtlen veya b\u00f6\u011f\u00fcrtlen aromal\u0131 araba oda spreyi<\/strong> ev dekorasyonu, mutfaklar, yatak odalar\u0131, banyolar i\u00e7in m\u00fckemmel bir se\u00e7enek olmas\u0131n\u0131n yan\u0131 s\u0131ra ticari, k\u00fclt\u00fcrel, spor ve t\u0131p merkezleri i\u00e7in de kullan\u0131labilir.< \/p><\/p>\n<p>Ho\u015f ve ho\u015f kokulu, antibakteriyel \u00f6zelli\u011fe sahip b\u00f6\u011f\u00fcrtlen veya b\u00f6\u011f\u00fcrtlen oda spreyi siz sevdiklerinize huzur ve canl\u0131l\u0131k dolu bir ortam sa\u011flar.<\/p>\n<p><strong><\/strong><\/p>\n","protected":false},"excerpt":{"rendered":"<p>B\u00f6\u011f\u00fcrtlen veya b\u00f6\u011f\u00fcrtlen kokulu araba spreyi 8 ml Ho\u015f ve ho\u015f bir kokuya ve antibakteriyel \u00f6zelliklere sahiptir Arabalar i\u00e7in uygundur Rahatlat\u0131c\u0131, canland\u0131r\u0131c\u0131 B\u00f6\u011f\u00fcrtlen veya b\u00f6\u011f\u00fcrtlen aromal\u0131 araba oda spreyi ev dekorasyonu, mutfaklar, yatak odalar\u0131, banyolar i\u00e7in m\u00fckemmel bir se\u00e7enek olmas\u0131n\u0131n yan\u0131 s\u0131ra ticari, k\u00fclt\u00fcrel, spor ve t\u0131p merkezleri i\u00e7in de kullan\u0131labilir.< \/p> Ho\u015f ve ho\u015f [&hellip;]<\/p>\n","protected":false},"featured_media":2183,"comment_status":"open","ping_status":"closed","template":"","meta":{"_acf_changed":false},"product_brand":[],"product_cat":[87,96,153,64,115,157],"product_tag":[],"class_list":{"0":"post-2857","1":"product","2":"type-product","3":"status-publish","4":"has-post-thumbnail","6":"product_cat-koku","7":"product_cat-meyve","8":"product_cat-oda-spreyi-8-ml","9":"product_cat-oda-spreyleri","10":"product_cat-onerilen-urunler","11":"product_cat-otomobil-spreyi","13":"first","14":"instock","15":"shipping-taxable","16":"product-type-simple"},"acf":[],"_links":{"self":[{"href":"https:\/\/rozitogroup.com\/tr\/wp-json\/wp\/v2\/product\/2857","targetHints":{"allow":["GET"]}}],"collection":[{"href":"https:\/\/rozitogroup.com\/tr\/wp-json\/wp\/v2\/product"}],"about":[{"href":"https:\/\/rozitogroup.com\/tr\/wp-json\/wp\/v2\/types\/product"}],"replies":[{"embeddable":true,"href":"https:\/\/rozitogroup.com\/tr\/wp-json\/wp\/v2\/comments?post=2857"}],"version-history":[{"count":0,"href":"https:\/\/rozitogroup.com\/tr\/wp-json\/wp\/v2\/product\/2857\/revisions"}],"wp:featuredmedia":[{"embeddable":true,"href":"https:\/\/rozitogroup.com\/tr\/wp-json\/wp\/v2\/media\/2183"}],"wp:attachment":[{"href":"https:\/\/rozitogroup.com\/tr\/wp-json\/wp\/v2\/media?parent=2857"}],"wp:term":[{"taxonomy":"product_brand","embeddable":true,"href":"https:\/\/rozitogroup.com\/tr\/wp-json\/wp\/v2\/product_brand?post=2857"},{"taxonomy":"product_cat","embeddable":true,"href":"https:\/\/rozitogroup.com\/tr\/wp-json\/wp\/v2\/product_cat?post=2857"},{"taxonomy":"product_tag","embeddable":true,"href":"https:\/\/rozitogroup.com\/tr\/wp-json\/wp\/v2\/product_tag?post=2857"}],"curies":[{"name":"wp","href":"https:\/\/api.w.org\/{rel}","templated":true}]}}