{"id":2853,"date":"2024-01-04T16:48:57","date_gmt":"2024-01-04T13:18:57","guid":{"rendered":"https:\/\/rozitogroup.com\/product\/elmali-turta-kokulu-araba-hava-spreyi\/"},"modified":"2024-01-04T16:48:57","modified_gmt":"2024-01-04T13:18:57","slug":"elmali-turta-kokulu-araba-hava-spreyi","status":"publish","type":"product","link":"https:\/\/rozitogroup.com\/tr\/urun\/elmali-turta-kokulu-araba-hava-spreyi\/","title":{"rendered":"Elmal\u0131 turta kokulu araba hava spreyi"},"content":{"rendered":"<h2>Elmal\u0131 turta kokulu araba hava spreyi<\/h2>\n<ul>\n<li>\n<li>8 ml<\/li>\n<li>Ho\u015f ve ho\u015f bir kokuya ve antibakteriyel \u00f6zelliklere sahiptir<\/li>\n<li>Arabalar i\u00e7in uygundur<\/li>\n<li>Rahatlat\u0131c\u0131, canland\u0131r\u0131c\u0131<\/li>\n<\/ul>\n<p><strong>Elmal\u0131 turta araba hava spreyi<\/strong> resepsiyon, evler, i\u015fyerleri ve halka a\u00e7\u0131k alanlar i\u00e7in canl\u0131l\u0131k yaratan ho\u015f bir kokudur. Ho\u015f ve ho\u015f kokusu ve antibakteriyel \u00f6zelli\u011fi ile elmal\u0131 turta oda spreyi, sevdiklerinize huzur ve canl\u0131l\u0131k dolu bir ortam sa\u011flar.<\/p>\n","protected":false},"excerpt":{"rendered":"<p>Elmal\u0131 turta kokulu araba hava spreyi 8 ml Ho\u015f ve ho\u015f bir kokuya ve antibakteriyel \u00f6zelliklere sahiptir Arabalar i\u00e7in uygundur Rahatlat\u0131c\u0131, canland\u0131r\u0131c\u0131 Elmal\u0131 turta araba hava spreyi resepsiyon, evler, i\u015fyerleri ve halka a\u00e7\u0131k alanlar i\u00e7in canl\u0131l\u0131k yaratan ho\u015f bir kokudur. Ho\u015f ve ho\u015f kokusu ve antibakteriyel \u00f6zelli\u011fi ile elmal\u0131 turta oda spreyi, sevdiklerinize huzur ve [&hellip;]<\/p>\n","protected":false},"featured_media":2178,"comment_status":"open","ping_status":"closed","template":"","meta":{"_acf_changed":false},"product_brand":[],"product_cat":[95,87,153,64,157],"product_tag":[],"class_list":{"0":"post-2853","1":"product","2":"type-product","3":"status-publish","4":"has-post-thumbnail","6":"product_cat-fantezi","7":"product_cat-koku","8":"product_cat-oda-spreyi-8-ml","9":"product_cat-oda-spreyleri","10":"product_cat-otomobil-spreyi","12":"first","13":"instock","14":"shipping-taxable","15":"product-type-simple"},"acf":[],"_links":{"self":[{"href":"https:\/\/rozitogroup.com\/tr\/wp-json\/wp\/v2\/product\/2853","targetHints":{"allow":["GET"]}}],"collection":[{"href":"https:\/\/rozitogroup.com\/tr\/wp-json\/wp\/v2\/product"}],"about":[{"href":"https:\/\/rozitogroup.com\/tr\/wp-json\/wp\/v2\/types\/product"}],"replies":[{"embeddable":true,"href":"https:\/\/rozitogroup.com\/tr\/wp-json\/wp\/v2\/comments?post=2853"}],"version-history":[{"count":0,"href":"https:\/\/rozitogroup.com\/tr\/wp-json\/wp\/v2\/product\/2853\/revisions"}],"wp:featuredmedia":[{"embeddable":true,"href":"https:\/\/rozitogroup.com\/tr\/wp-json\/wp\/v2\/media\/2178"}],"wp:attachment":[{"href":"https:\/\/rozitogroup.com\/tr\/wp-json\/wp\/v2\/media?parent=2853"}],"wp:term":[{"taxonomy":"product_brand","embeddable":true,"href":"https:\/\/rozitogroup.com\/tr\/wp-json\/wp\/v2\/product_brand?post=2853"},{"taxonomy":"product_cat","embeddable":true,"href":"https:\/\/rozitogroup.com\/tr\/wp-json\/wp\/v2\/product_cat?post=2853"},{"taxonomy":"product_tag","embeddable":true,"href":"https:\/\/rozitogroup.com\/tr\/wp-json\/wp\/v2\/product_tag?post=2853"}],"curies":[{"name":"wp","href":"https:\/\/api.w.org\/{rel}","templated":true}]}}