{"id":2844,"date":"2024-01-04T16:48:58","date_gmt":"2024-01-04T13:18:58","guid":{"rendered":"https:\/\/rozitogroup.com\/product\/cikolata-kokulu-otomobil-spreyi\/"},"modified":"2024-01-04T16:48:58","modified_gmt":"2024-01-04T13:18:58","slug":"cikolata-kokulu-otomobil-spreyi","status":"publish","type":"product","link":"https:\/\/rozitogroup.com\/tr\/urun\/cikolata-kokulu-otomobil-spreyi\/","title":{"rendered":"\u00c7ikolata kokulu otomobil spreyi"},"content":{"rendered":"<h2>\u00c7ikolata kokulu otomobil spreyi<\/h2>\n<ul>\n<li>\n<li>8 ml<\/li>\n<li>Ho\u015f ve ho\u015f bir kokuya ve antibakteriyel \u00f6zelliklere sahiptir<\/li>\n<li>otomobil i\u00e7in uygundur<\/li>\n<li>Rahatlat\u0131c\u0131, canland\u0131r\u0131c\u0131<\/li>\n<\/ul>\n<p><strong>\u00c7ikolata kokulu araba hava spreyi<\/strong> yemekhaneler, mutfaklar, yatak odalar\u0131, banyolar i\u00e7in m\u00fckemmel bir se\u00e7enektir ve ayr\u0131ca ticari, k\u00fclt\u00fcrel, spor ve t\u0131p merkezlerinin ortamlar\u0131 i\u00e7in de kullan\u0131labilir.<\/strong> p><strong> p><\/p>\n<p>Ho\u015f ve ho\u015f kokulu, antibakteriyel \u00f6zelli\u011fe sahip \u00e7ikolatal\u0131 oda spreyi siz sevdiklerinize huzur ve canl\u0131l\u0131k dolu bir ortam sa\u011flar.<\/p>\n<p><strong><\/strong><\/p>\n","protected":false},"excerpt":{"rendered":"<p>\u00c7ikolata kokulu otomobil spreyi 8 ml Ho\u015f ve ho\u015f bir kokuya ve antibakteriyel \u00f6zelliklere sahiptir otomobil i\u00e7in uygundur Rahatlat\u0131c\u0131, canland\u0131r\u0131c\u0131 \u00c7ikolata kokulu araba hava spreyi yemekhaneler, mutfaklar, yatak odalar\u0131, banyolar i\u00e7in m\u00fckemmel bir se\u00e7enektir ve ayr\u0131ca ticari, k\u00fclt\u00fcrel, spor ve t\u0131p merkezlerinin ortamlar\u0131 i\u00e7in de kullan\u0131labilir. p> p> Ho\u015f ve ho\u015f kokulu, antibakteriyel \u00f6zelli\u011fe sahip [&hellip;]<\/p>\n","protected":false},"featured_media":2203,"comment_status":"open","ping_status":"closed","template":"","meta":{"_acf_changed":false},"product_brand":[],"product_cat":[95,87,153,64,157],"product_tag":[],"class_list":{"0":"post-2844","1":"product","2":"type-product","3":"status-publish","4":"has-post-thumbnail","6":"product_cat-fantezi","7":"product_cat-koku","8":"product_cat-oda-spreyi-8-ml","9":"product_cat-oda-spreyleri","10":"product_cat-otomobil-spreyi","12":"first","13":"instock","14":"shipping-taxable","15":"product-type-simple"},"acf":[],"_links":{"self":[{"href":"https:\/\/rozitogroup.com\/tr\/wp-json\/wp\/v2\/product\/2844","targetHints":{"allow":["GET"]}}],"collection":[{"href":"https:\/\/rozitogroup.com\/tr\/wp-json\/wp\/v2\/product"}],"about":[{"href":"https:\/\/rozitogroup.com\/tr\/wp-json\/wp\/v2\/types\/product"}],"replies":[{"embeddable":true,"href":"https:\/\/rozitogroup.com\/tr\/wp-json\/wp\/v2\/comments?post=2844"}],"version-history":[{"count":0,"href":"https:\/\/rozitogroup.com\/tr\/wp-json\/wp\/v2\/product\/2844\/revisions"}],"wp:featuredmedia":[{"embeddable":true,"href":"https:\/\/rozitogroup.com\/tr\/wp-json\/wp\/v2\/media\/2203"}],"wp:attachment":[{"href":"https:\/\/rozitogroup.com\/tr\/wp-json\/wp\/v2\/media?parent=2844"}],"wp:term":[{"taxonomy":"product_brand","embeddable":true,"href":"https:\/\/rozitogroup.com\/tr\/wp-json\/wp\/v2\/product_brand?post=2844"},{"taxonomy":"product_cat","embeddable":true,"href":"https:\/\/rozitogroup.com\/tr\/wp-json\/wp\/v2\/product_cat?post=2844"},{"taxonomy":"product_tag","embeddable":true,"href":"https:\/\/rozitogroup.com\/tr\/wp-json\/wp\/v2\/product_tag?post=2844"}],"curies":[{"name":"wp","href":"https:\/\/api.w.org\/{rel}","templated":true}]}}