{"id":2828,"date":"2024-01-04T16:48:58","date_gmt":"2024-01-04T13:18:58","guid":{"rendered":"https:\/\/rozitogroup.com\/product\/elveda-demeyi-unutma-sonuna-kadar-gidecegim\/"},"modified":"2024-01-11T02:33:50","modified_gmt":"2024-01-10T23:03:50","slug":"elveda-demeyi-unutma-sonuna-kadar-gidecegim","status":"publish","type":"product","link":"https:\/\/rozitogroup.com\/tr\/urun\/elveda-demeyi-unutma-sonuna-kadar-gidecegim\/","title":{"rendered":"Elveda demeyi unutma, sonuna kadar gidece\u011fim"},"content":{"rendered":"<\/h2>\n<ul>\n<li>8 ml<\/li>\n<li>Antibakteriyel \u00f6zelliklere sahip bask\u0131l\u0131 ve kokulu ev<\/li>\n<li>Khodro&#8217;ya uygun<\/li>\n<li>Arambakhsh, Neshat Awar<\/li>\n<\/ul>\n<p><strong>T\u00fcm Yas kokusuyla Khoshbo Kanandeh Khodro<\/strong> Evlerin, barakalar\u0131n, evlerin i\u00e7 mekanlar\u0131 i\u00e7in y\u00fcksek dekorasyon, ticari merkezlerin \u00e7evresi, Farang ve Rusya i\u00e7in sarvis Behdashti ve Hamchanin tekrar kullanmam gerekiyor.< \/p>\n<\/p>\n<p>Gayah <strong><span dir=\"LTR\">Han\u0131meli<\/span><\/strong> \u0130\u015fte Amin al-Dawla ve Yas Amin al-Dawla Marouf Ast&#8217;\u0131n sayfas\u0131, Khanawada <span dir=\"LTR\" >Caprifoliaceae<\/span> Ba\u015f\u0131 <span dir=\"LTR\">Dipsacales<\/span> \u00a0Do\u011fu&#8217;nun kuzeyinde, Nimkara&#8217;n\u0131n \u00e7e\u015fitli b\u00f6lgelerinin \u00f6n ve arka k\u0131sm\u0131na yap\u0131\u015f\u0131kt\u0131r. Bu %180 s\u0131n\u0131r\u0131d\u0131r, \u00e7\u00fcnk\u00fc bunda bir sorun oldu\u011funa dair kan\u0131tlar var ve her yerde oldu\u011funa dair kan\u0131tlar var.<\/p>\n<p>Kokulu ve i\u00e7inde bol miktarda baharat var ve tapstan&#8217;\u0131n ortas\u0131nda g\u00f6rebilece\u011finiz bir \u015fey var. Siyah, k\u0131rm\u0131z\u0131, sar\u0131, turuncu ve k\u0131z\u0131l halkalar dahil olmak \u00fczere farkl\u0131 halka t\u00fcrleri vard\u0131r.<\/p>\n<\/p>\n<p>&nbsp;<\/p>\n","protected":false},"excerpt":{"rendered":"<p>8 ml Antibakteriyel \u00f6zelliklere sahip bask\u0131l\u0131 ve kokulu ev Khodro&#8217;ya uygun Arambakhsh, Neshat Awar T\u00fcm Yas kokusuyla Khoshbo Kanandeh Khodro Evlerin, barakalar\u0131n, evlerin i\u00e7 mekanlar\u0131 i\u00e7in y\u00fcksek dekorasyon, ticari merkezlerin \u00e7evresi, Farang ve Rusya i\u00e7in sarvis Behdashti ve Hamchanin tekrar kullanmam gerekiyor.< \/p> Gayah Han\u0131meli \u0130\u015fte Amin al-Dawla ve Yas Amin al-Dawla Marouf Ast&#8217;\u0131n sayfas\u0131, [&hellip;]<\/p>\n","protected":false},"featured_media":2248,"comment_status":"open","ping_status":"closed","template":"","meta":{"_acf_changed":false},"product_brand":[],"product_cat":[103,88,87,153,64,157],"product_tag":[],"class_list":{"0":"post-2828","1":"product","2":"type-product","3":"status-publish","4":"has-post-thumbnail","6":"product_cat-cicekler-ve-bitkiler","7":"product_cat-doga","8":"product_cat-koku","9":"product_cat-oda-spreyi-8-ml","10":"product_cat-oda-spreyleri","11":"product_cat-otomobil-spreyi","13":"first","14":"instock","15":"shipping-taxable","16":"product-type-simple"},"acf":[],"_links":{"self":[{"href":"https:\/\/rozitogroup.com\/tr\/wp-json\/wp\/v2\/product\/2828","targetHints":{"allow":["GET"]}}],"collection":[{"href":"https:\/\/rozitogroup.com\/tr\/wp-json\/wp\/v2\/product"}],"about":[{"href":"https:\/\/rozitogroup.com\/tr\/wp-json\/wp\/v2\/types\/product"}],"replies":[{"embeddable":true,"href":"https:\/\/rozitogroup.com\/tr\/wp-json\/wp\/v2\/comments?post=2828"}],"version-history":[{"count":1,"href":"https:\/\/rozitogroup.com\/tr\/wp-json\/wp\/v2\/product\/2828\/revisions"}],"predecessor-version":[{"id":2830,"href":"https:\/\/rozitogroup.com\/tr\/wp-json\/wp\/v2\/product\/2828\/revisions\/2830"}],"wp:featuredmedia":[{"embeddable":true,"href":"https:\/\/rozitogroup.com\/tr\/wp-json\/wp\/v2\/media\/2248"}],"wp:attachment":[{"href":"https:\/\/rozitogroup.com\/tr\/wp-json\/wp\/v2\/media?parent=2828"}],"wp:term":[{"taxonomy":"product_brand","embeddable":true,"href":"https:\/\/rozitogroup.com\/tr\/wp-json\/wp\/v2\/product_brand?post=2828"},{"taxonomy":"product_cat","embeddable":true,"href":"https:\/\/rozitogroup.com\/tr\/wp-json\/wp\/v2\/product_cat?post=2828"},{"taxonomy":"product_tag","embeddable":true,"href":"https:\/\/rozitogroup.com\/tr\/wp-json\/wp\/v2\/product_tag?post=2828"}],"curies":[{"name":"wp","href":"https:\/\/api.w.org\/{rel}","templated":true}]}}