{"id":2813,"date":"2024-01-04T16:48:59","date_gmt":"2024-01-04T13:18:59","guid":{"rendered":"https:\/\/rozitogroup.com\/product\/limon-kokulu-araba-spreyi\/"},"modified":"2024-01-11T02:10:32","modified_gmt":"2024-01-10T22:40:32","slug":"limon-kokulu-araba-spreyi","status":"publish","type":"product","link":"https:\/\/rozitogroup.com\/tr\/urun\/limon-kokulu-araba-spreyi\/","title":{"rendered":"Limon kokulu otomobil spreyi"},"content":{"rendered":"<h2>Limon kokulu otomobil hava spreyi<\/h2>\n<ul>\n<li>\n<li>8 ml<\/li>\n<li>Ho\u015f ve ho\u015f bir kokuya ve antibakteriyel \u00f6zelliklere sahiptir<\/li>\n<li>Arabalar i\u00e7in uygundur<\/li>\n<li>Rahatlat\u0131c\u0131, canland\u0131r\u0131c\u0131<\/li>\n<\/ul>\n<p><strong>Limon bitkisi kokulu araba hava spreyi<\/strong> yemekhaneler, mutfaklar, yatak odalar\u0131, banyolar i\u00e7in m\u00fckemmel bir se\u00e7enektir ve ayn\u0131 zamanda ticari, k\u00fclt\u00fcrel, spor ve t\u0131p merkezlerinin ortamlar\u0131 i\u00e7in de kullan\u0131labilir .< \/p><\/p>\n<p>Ho\u015f ve ho\u015f kokusu ve antibakteriyel \u00f6zelli\u011fi ile limon bitkisi oda spreyi siz sevdiklerinize huzur ve canl\u0131l\u0131k dolu bir ortam sa\u011flar.<\/p>\n","protected":false},"excerpt":{"rendered":"<p>Limon kokulu otomobil hava spreyi 8 ml Ho\u015f ve ho\u015f bir kokuya ve antibakteriyel \u00f6zelliklere sahiptir Arabalar i\u00e7in uygundur Rahatlat\u0131c\u0131, canland\u0131r\u0131c\u0131 Limon bitkisi kokulu araba hava spreyi yemekhaneler, mutfaklar, yatak odalar\u0131, banyolar i\u00e7in m\u00fckemmel bir se\u00e7enektir ve ayn\u0131 zamanda ticari, k\u00fclt\u00fcrel, spor ve t\u0131p merkezlerinin ortamlar\u0131 i\u00e7in de kullan\u0131labilir .< \/p> Ho\u015f ve ho\u015f kokusu [&hellip;]<\/p>\n","protected":false},"featured_media":2263,"comment_status":"open","ping_status":"closed","template":"","meta":{"_acf_changed":false},"product_brand":[],"product_cat":[103,88,87,153,64,157],"product_tag":[],"class_list":{"0":"post-2813","1":"product","2":"type-product","3":"status-publish","4":"has-post-thumbnail","6":"product_cat-cicekler-ve-bitkiler","7":"product_cat-doga","8":"product_cat-koku","9":"product_cat-oda-spreyi-8-ml","10":"product_cat-oda-spreyleri","11":"product_cat-otomobil-spreyi","13":"first","14":"instock","15":"shipping-taxable","16":"product-type-simple"},"acf":[],"_links":{"self":[{"href":"https:\/\/rozitogroup.com\/tr\/wp-json\/wp\/v2\/product\/2813","targetHints":{"allow":["GET"]}}],"collection":[{"href":"https:\/\/rozitogroup.com\/tr\/wp-json\/wp\/v2\/product"}],"about":[{"href":"https:\/\/rozitogroup.com\/tr\/wp-json\/wp\/v2\/types\/product"}],"replies":[{"embeddable":true,"href":"https:\/\/rozitogroup.com\/tr\/wp-json\/wp\/v2\/comments?post=2813"}],"version-history":[{"count":1,"href":"https:\/\/rozitogroup.com\/tr\/wp-json\/wp\/v2\/product\/2813\/revisions"}],"predecessor-version":[{"id":2817,"href":"https:\/\/rozitogroup.com\/tr\/wp-json\/wp\/v2\/product\/2813\/revisions\/2817"}],"wp:featuredmedia":[{"embeddable":true,"href":"https:\/\/rozitogroup.com\/tr\/wp-json\/wp\/v2\/media\/2263"}],"wp:attachment":[{"href":"https:\/\/rozitogroup.com\/tr\/wp-json\/wp\/v2\/media?parent=2813"}],"wp:term":[{"taxonomy":"product_brand","embeddable":true,"href":"https:\/\/rozitogroup.com\/tr\/wp-json\/wp\/v2\/product_brand?post=2813"},{"taxonomy":"product_cat","embeddable":true,"href":"https:\/\/rozitogroup.com\/tr\/wp-json\/wp\/v2\/product_cat?post=2813"},{"taxonomy":"product_tag","embeddable":true,"href":"https:\/\/rozitogroup.com\/tr\/wp-json\/wp\/v2\/product_tag?post=2813"}],"curies":[{"name":"wp","href":"https:\/\/api.w.org\/{rel}","templated":true}]}}