{"id":2808,"date":"2024-01-04T16:48:59","date_gmt":"2024-01-04T13:18:59","guid":{"rendered":"https:\/\/rozitogroup.com\/product\/beyaz-yasemin-kokulu-araba-spreyi\/"},"modified":"2024-01-11T02:10:14","modified_gmt":"2024-01-10T22:40:14","slug":"beyaz-yasemin-kokulu-araba-spreyi","status":"publish","type":"product","link":"https:\/\/rozitogroup.com\/tr\/urun\/beyaz-yasemin-kokulu-araba-spreyi\/","title":{"rendered":"Beyaz yasemin kokulu otomobil spreyi"},"content":{"rendered":"<h2>Beyaz yasemin kokulu araba spreyi<\/h2>\n<ul>\n<li>\n<li>8 ml<\/li>\n<li>Ho\u015f ve ho\u015f bir kokuya ve antibakteriyel \u00f6zelliklere sahiptir<\/li>\n<li>Arabalar i\u00e7in uygundur<\/li>\n<li>Rahatlat\u0131c\u0131, canland\u0131r\u0131c\u0131<\/li>\n<\/ul>\n<p><strong>Beyaz yasemin \u00e7i\u00e7ekleri kokulu araba hava spreyi<\/strong> evlere, mutfaklara, yatak odalar\u0131na, banyolara servis yapmak i\u00e7in m\u00fckemmel bir se\u00e7enektir ve ayr\u0131ca ticari, k\u00fclt\u00fcrel, spor ve t\u0131bbi ortamlarda da kullan\u0131labilir. merkezler. <\/p>\n<p>Beyaz yasemin \u00e7i\u00e7e\u011fi oda spreyi, ho\u015f ve ho\u015f kokusu ve antibakteriyel \u00f6zelli\u011fi ile sevdiklerinize huzur ve canl\u0131l\u0131k dolu bir ortam sa\u011flar.<\/p>\n","protected":false},"excerpt":{"rendered":"<p>Beyaz yasemin kokulu araba spreyi 8 ml Ho\u015f ve ho\u015f bir kokuya ve antibakteriyel \u00f6zelliklere sahiptir Arabalar i\u00e7in uygundur Rahatlat\u0131c\u0131, canland\u0131r\u0131c\u0131 Beyaz yasemin \u00e7i\u00e7ekleri kokulu araba hava spreyi evlere, mutfaklara, yatak odalar\u0131na, banyolara servis yapmak i\u00e7in m\u00fckemmel bir se\u00e7enektir ve ayr\u0131ca ticari, k\u00fclt\u00fcrel, spor ve t\u0131bbi ortamlarda da kullan\u0131labilir. merkezler. Beyaz yasemin \u00e7i\u00e7e\u011fi oda spreyi, [&hellip;]<\/p>\n","protected":false},"featured_media":2343,"comment_status":"open","ping_status":"closed","template":"","meta":{"_acf_changed":false},"product_brand":[],"product_cat":[103,88,87,153,64,157],"product_tag":[],"class_list":{"0":"post-2808","1":"product","2":"type-product","3":"status-publish","4":"has-post-thumbnail","6":"product_cat-cicekler-ve-bitkiler","7":"product_cat-doga","8":"product_cat-koku","9":"product_cat-oda-spreyi-8-ml","10":"product_cat-oda-spreyleri","11":"product_cat-otomobil-spreyi","13":"first","14":"instock","15":"shipping-taxable","16":"product-type-simple"},"acf":[],"_links":{"self":[{"href":"https:\/\/rozitogroup.com\/tr\/wp-json\/wp\/v2\/product\/2808","targetHints":{"allow":["GET"]}}],"collection":[{"href":"https:\/\/rozitogroup.com\/tr\/wp-json\/wp\/v2\/product"}],"about":[{"href":"https:\/\/rozitogroup.com\/tr\/wp-json\/wp\/v2\/types\/product"}],"replies":[{"embeddable":true,"href":"https:\/\/rozitogroup.com\/tr\/wp-json\/wp\/v2\/comments?post=2808"}],"version-history":[{"count":1,"href":"https:\/\/rozitogroup.com\/tr\/wp-json\/wp\/v2\/product\/2808\/revisions"}],"predecessor-version":[{"id":2816,"href":"https:\/\/rozitogroup.com\/tr\/wp-json\/wp\/v2\/product\/2808\/revisions\/2816"}],"wp:featuredmedia":[{"embeddable":true,"href":"https:\/\/rozitogroup.com\/tr\/wp-json\/wp\/v2\/media\/2343"}],"wp:attachment":[{"href":"https:\/\/rozitogroup.com\/tr\/wp-json\/wp\/v2\/media?parent=2808"}],"wp:term":[{"taxonomy":"product_brand","embeddable":true,"href":"https:\/\/rozitogroup.com\/tr\/wp-json\/wp\/v2\/product_brand?post=2808"},{"taxonomy":"product_cat","embeddable":true,"href":"https:\/\/rozitogroup.com\/tr\/wp-json\/wp\/v2\/product_cat?post=2808"},{"taxonomy":"product_tag","embeddable":true,"href":"https:\/\/rozitogroup.com\/tr\/wp-json\/wp\/v2\/product_tag?post=2808"}],"curies":[{"name":"wp","href":"https:\/\/api.w.org\/{rel}","templated":true}]}}