{"id":1440,"date":"2023-11-02T23:10:31","date_gmt":"2023-11-02T19:40:31","guid":{"rendered":"https:\/\/rozitogroup.com\/product\/deniz-yosunu-kokulu-oda-spreyi\/"},"modified":"2024-01-10T21:01:03","modified_gmt":"2024-01-10T17:31:03","slug":"deniz-yosunu-kokulu-oda-spreyi","status":"publish","type":"product","link":"https:\/\/rozitogroup.com\/tr\/urun\/deniz-yosunu-kokulu-oda-spreyi\/","title":{"rendered":"Deniz yosunu kokulu oda spreyi"},"content":{"rendered":"<h2 dir=\"ltr\" style=\"text-align: left;\">Deniz yosunu kokulu oda spreyi<\/h2>\n<ul dir=\"ltr\" style=\"text-align: left;\">\n<li>120 ml esansiyel ya\u011f<\/li>\n<li>\u00d6zel ve canland\u0131r\u0131c\u0131 bir kokusu vard\u0131r<\/li>\n<li>Spor salonu, i\u015f yeri i\u00e7in uygundur<\/li>\n<\/ul>\n<p dir=\"ltr\" style=\"text-align: left;\">Deniz yosunu kokulu oda spreyi, mekan\u0131n\u0131z\u0131 deniz ve deniz yosununun toprak kokusuyla doldurabilecek bir \u00fcr\u00fcnd\u00fcr.<\/p>\n<p dir=\"ltr\" style=\"text-align: left;\">Okyanusta yeti\u015fen, deniz, do\u011fa ve tazelik hissini uyand\u0131rabilecek belirgin bir kokuya sahip olan deniz yosunu. Baz\u0131 insanlar deniz yosunu kokusunu rahatlat\u0131c\u0131, canland\u0131r\u0131c\u0131 veya nostaljik bulabilir.<\/p>\n","protected":false},"excerpt":{"rendered":"<p>Deniz yosunu kokulu oda spreyi 120 ml esansiyel ya\u011f \u00d6zel ve canland\u0131r\u0131c\u0131 bir kokusu vard\u0131r Spor salonu, i\u015f yeri i\u00e7in uygundur Deniz yosunu kokulu oda spreyi, mekan\u0131n\u0131z\u0131 deniz ve deniz yosununun toprak kokusuyla doldurabilecek bir \u00fcr\u00fcnd\u00fcr. Okyanusta yeti\u015fen, deniz, do\u011fa ve tazelik hissini uyand\u0131rabilecek belirgin bir kokuya sahip olan deniz yosunu. Baz\u0131 insanlar deniz yosunu [&hellip;]<\/p>\n","protected":false},"featured_media":1355,"comment_status":"open","ping_status":"closed","template":"","meta":{"_acf_changed":false},"product_brand":[],"product_cat":[103,79,80,87,155,64,71],"product_tag":[],"class_list":{"0":"post-1440","1":"product","2":"type-product","3":"status-publish","4":"has-post-thumbnail","6":"product_cat-cicekler-ve-bitkiler","7":"product_cat-endustriyel-koku-gidericiler","8":"product_cat-genel-koku-gidericiler","9":"product_cat-koku","10":"product_cat-oda-spreyi-120-ml","11":"product_cat-oda-spreyleri","12":"product_cat-ofis-ve-ticari-spreyler","14":"first","15":"instock","16":"shipping-taxable","17":"product-type-simple"},"acf":[],"_links":{"self":[{"href":"https:\/\/rozitogroup.com\/tr\/wp-json\/wp\/v2\/product\/1440","targetHints":{"allow":["GET"]}}],"collection":[{"href":"https:\/\/rozitogroup.com\/tr\/wp-json\/wp\/v2\/product"}],"about":[{"href":"https:\/\/rozitogroup.com\/tr\/wp-json\/wp\/v2\/types\/product"}],"replies":[{"embeddable":true,"href":"https:\/\/rozitogroup.com\/tr\/wp-json\/wp\/v2\/comments?post=1440"}],"version-history":[{"count":0,"href":"https:\/\/rozitogroup.com\/tr\/wp-json\/wp\/v2\/product\/1440\/revisions"}],"wp:featuredmedia":[{"embeddable":true,"href":"https:\/\/rozitogroup.com\/tr\/wp-json\/wp\/v2\/media\/1355"}],"wp:attachment":[{"href":"https:\/\/rozitogroup.com\/tr\/wp-json\/wp\/v2\/media?parent=1440"}],"wp:term":[{"taxonomy":"product_brand","embeddable":true,"href":"https:\/\/rozitogroup.com\/tr\/wp-json\/wp\/v2\/product_brand?post=1440"},{"taxonomy":"product_cat","embeddable":true,"href":"https:\/\/rozitogroup.com\/tr\/wp-json\/wp\/v2\/product_cat?post=1440"},{"taxonomy":"product_tag","embeddable":true,"href":"https:\/\/rozitogroup.com\/tr\/wp-json\/wp\/v2\/product_tag?post=1440"}],"curies":[{"name":"wp","href":"https:\/\/api.w.org\/{rel}","templated":true}]}}