{"id":1433,"date":"2023-11-02T23:05:26","date_gmt":"2023-11-02T19:35:26","guid":{"rendered":"https:\/\/rozitogroup.com\/product\/kirmizi-ejderha-kokulu-oda-spreyi\/"},"modified":"2024-01-10T21:01:04","modified_gmt":"2024-01-10T17:31:04","slug":"kirmizi-ejderha-kokulu-oda-spreyi","status":"publish","type":"product","link":"https:\/\/rozitogroup.com\/tr\/urun\/kirmizi-ejderha-kokulu-oda-spreyi\/","title":{"rendered":"K\u0131rm\u0131z\u0131 ejderha kokulu oda spreyi"},"content":{"rendered":"<h2 dir=\"ltr\" style=\"text-align: left;\">K\u0131rm\u0131z\u0131 Ejderha Oda Parf\u00fcm\u00fc<\/h2>\n<ul dir=\"ltr\" style=\"text-align: left;\">\n<li>120 ml esansiyel ya\u011f<\/li>\n<li>Badem, portakal, iris, deri, amber, pa\u00e7uli kokusuna sahiptir<\/li>\n<li>Ev, i\u015f yeri, masaj salonlar\u0131, spor kul\u00fcpleri, oteller i\u00e7in uygundur<\/li>\n<li>Stres \u00f6nleyici, rahatlat\u0131c\u0131 ve canland\u0131r\u0131c\u0131<\/li>\n<\/ul>\n<p dir=\"ltr\" style=\"text-align: left;\">K\u0131z\u0131l ejder kokulu oda spreyi, i\u015fyeri, ev, apartman, ofis, \u015firket, yatak odas\u0131, oturma odas\u0131 ve ortam\u0131n di\u011fer k\u0131s\u0131mlar\u0131ndaki kokuyu gidermenin yan\u0131 s\u0131ra, sigara, rutubet ve rutubet, kirlilikten kaynaklanan ho\u015f olmayan kokulara da neden olur. , kanalizasyon vb. hissedilmemelidir.<\/p>\n","protected":false},"excerpt":{"rendered":"<p>K\u0131rm\u0131z\u0131 Ejderha Oda Parf\u00fcm\u00fc 120 ml esansiyel ya\u011f Badem, portakal, iris, deri, amber, pa\u00e7uli kokusuna sahiptir Ev, i\u015f yeri, masaj salonlar\u0131, spor kul\u00fcpleri, oteller i\u00e7in uygundur Stres \u00f6nleyici, rahatlat\u0131c\u0131 ve canland\u0131r\u0131c\u0131 K\u0131z\u0131l ejder kokulu oda spreyi, i\u015fyeri, ev, apartman, ofis, \u015firket, yatak odas\u0131, oturma odas\u0131 ve ortam\u0131n di\u011fer k\u0131s\u0131mlar\u0131ndaki kokuyu gidermenin yan\u0131 s\u0131ra, sigara, rutubet [&hellip;]<\/p>\n","protected":false},"featured_media":1345,"comment_status":"open","ping_status":"closed","template":"","meta":{"_acf_changed":false},"product_brand":[],"product_cat":[79,72,95,80,87,155,64,71],"product_tag":[],"class_list":{"0":"post-1433","1":"product","2":"type-product","3":"status-publish","4":"has-post-thumbnail","6":"product_cat-endustriyel-koku-gidericiler","7":"product_cat-ev-spreyleri","8":"product_cat-fantezi","9":"product_cat-genel-koku-gidericiler","10":"product_cat-koku","11":"product_cat-oda-spreyi-120-ml","12":"product_cat-oda-spreyleri","13":"product_cat-ofis-ve-ticari-spreyler","15":"first","16":"instock","17":"shipping-taxable","18":"product-type-simple"},"acf":[],"_links":{"self":[{"href":"https:\/\/rozitogroup.com\/tr\/wp-json\/wp\/v2\/product\/1433","targetHints":{"allow":["GET"]}}],"collection":[{"href":"https:\/\/rozitogroup.com\/tr\/wp-json\/wp\/v2\/product"}],"about":[{"href":"https:\/\/rozitogroup.com\/tr\/wp-json\/wp\/v2\/types\/product"}],"replies":[{"embeddable":true,"href":"https:\/\/rozitogroup.com\/tr\/wp-json\/wp\/v2\/comments?post=1433"}],"version-history":[{"count":0,"href":"https:\/\/rozitogroup.com\/tr\/wp-json\/wp\/v2\/product\/1433\/revisions"}],"wp:featuredmedia":[{"embeddable":true,"href":"https:\/\/rozitogroup.com\/tr\/wp-json\/wp\/v2\/media\/1345"}],"wp:attachment":[{"href":"https:\/\/rozitogroup.com\/tr\/wp-json\/wp\/v2\/media?parent=1433"}],"wp:term":[{"taxonomy":"product_brand","embeddable":true,"href":"https:\/\/rozitogroup.com\/tr\/wp-json\/wp\/v2\/product_brand?post=1433"},{"taxonomy":"product_cat","embeddable":true,"href":"https:\/\/rozitogroup.com\/tr\/wp-json\/wp\/v2\/product_cat?post=1433"},{"taxonomy":"product_tag","embeddable":true,"href":"https:\/\/rozitogroup.com\/tr\/wp-json\/wp\/v2\/product_tag?post=1433"}],"curies":[{"name":"wp","href":"https:\/\/api.w.org\/{rel}","templated":true}]}}